{"id":1524,"date":"2025-01-24T16:58:01","date_gmt":"2025-01-24T15:58:01","guid":{"rendered":"https:\/\/hammerenergy.solar\/?page_id=1524"},"modified":"2025-09-24T12:28:30","modified_gmt":"2025-09-24T10:28:30","slug":"le-staffe","status":"publish","type":"page","link":"https:\/\/hammerenergy.solar\/fr\/les-crochets\/","title":{"rendered":"Les crochets"},"content":{"rendered":"\t\t<div data-elementor-type=\"wp-page\" data-elementor-id=\"1524\" class=\"elementor elementor-1524\">\n\t\t\t\t<div class=\"elementor-element elementor-element-cca0e04 e-flex e-con-boxed e-con e-parent\" data-id=\"cca0e04\" data-element_type=\"container\" data-e-type=\"container\" data-settings=\"{&quot;background_background&quot;:&quot;classic&quot;}\">\n\t\t\t\t\t<div class=\"e-con-inner\">\n\t\t\t\t<div class=\"elementor-element elementor-element-70dc62e elementor-widget elementor-widget-heading\" data-id=\"70dc62e\" data-element_type=\"widget\" data-e-type=\"widget\" data-widget_type=\"heading.default\">\n\t\t\t\t<div class=\"elementor-widget-container\">\n\t\t\t\t\t<h2 class=\"elementor-heading-title elementor-size-default\">Les parties du syst\u00e8me<\/h2>\t\t\t\t<\/div>\n\t\t\t\t<\/div>\n\t\t\t\t\t<\/div>\n\t\t\t\t<\/div>\n\t\t<div class=\"elementor-element elementor-element-e7a3f11 e-flex e-con-boxed e-con e-parent\" data-id=\"e7a3f11\" data-element_type=\"container\" data-e-type=\"container\">\n\t\t\t\t\t<div class=\"e-con-inner\">\n\t\t\t\t<div class=\"elementor-element elementor-element-8b0282a elementor-widget elementor-widget-spacer\" data-id=\"8b0282a\" data-element_type=\"widget\" data-e-type=\"widget\" data-widget_type=\"spacer.default\">\n\t\t\t\t<div class=\"elementor-widget-container\">\n\t\t\t\t\t\t\t<div class=\"elementor-spacer\">\n\t\t\t<div class=\"elementor-spacer-inner\"><\/div>\n\t\t<\/div>\n\t\t\t\t\t\t<\/div>\n\t\t\t\t<\/div>\n\t\t\t\t<div class=\"elementor-element elementor-element-666298d elementor-widget elementor-widget-heading\" data-id=\"666298d\" data-element_type=\"widget\" data-e-type=\"widget\" data-widget_type=\"heading.default\">\n\t\t\t\t<div class=\"elementor-widget-container\">\n\t\t\t\t\t<h2 class=\"elementor-heading-title elementor-size-default\">Les crochets<\/h2>\t\t\t\t<\/div>\n\t\t\t\t<\/div>\n\t\t\t\t<div class=\"elementor-element elementor-element-faef3eb elementor-widget elementor-widget-spacer\" data-id=\"faef3eb\" data-element_type=\"widget\" data-e-type=\"widget\" data-widget_type=\"spacer.default\">\n\t\t\t\t<div class=\"elementor-widget-container\">\n\t\t\t\t\t\t\t<div class=\"elementor-spacer\">\n\t\t\t<div class=\"elementor-spacer-inner\"><\/div>\n\t\t<\/div>\n\t\t\t\t\t\t<\/div>\n\t\t\t\t<\/div>\n\t\t\t\t\t<\/div>\n\t\t\t\t<\/div>\n\t\t<div class=\"elementor-element elementor-element-cf4816b e-con-full e-flex e-con e-parent\" data-id=\"cf4816b\" data-element_type=\"container\" data-e-type=\"container\">\n\t\t\t\t<div class=\"elementor-element elementor-element-7b1a1ec elementor-widget__width-inherit elementor-widget elementor-widget-text-editor\" data-id=\"7b1a1ec\" data-element_type=\"widget\" data-e-type=\"widget\" data-widget_type=\"text-editor.default\">\n\t\t\t\t<div class=\"elementor-widget-container\">\n\t\t\t\t\t\t\t\t\t<p class=\"normal\">Les crochets Hammer Energy sont disponibles en diff\u00e9rents mat\u00e9riaux, facteurs de forme et types d&rsquo;ajustement pour les petites et grandes installations photovolta\u00efques sur les <strong>toits en tuiles ou en carreaux.<\/strong><\/p>\t\t\t\t\t\t\t\t<\/div>\n\t\t\t\t<\/div>\n\t\t\t\t<\/div>\n\t\t<div class=\"elementor-element elementor-element-56121d4 e-con-full e-flex e-con e-parent\" data-id=\"56121d4\" data-element_type=\"container\" data-e-type=\"container\">\n\t\t<div class=\"elementor-element elementor-element-b4d2d88 e-con-full e-flex e-con e-child\" data-id=\"b4d2d88\" data-element_type=\"container\" data-e-type=\"container\">\n\t\t\t\t<div class=\"elementor-element elementor-element-5f2f989 elementor-widget__width-initial elementor-widget elementor-widget-image\" data-id=\"5f2f989\" data-element_type=\"widget\" data-e-type=\"widget\" data-widget_type=\"image.default\">\n\t\t\t\t<div class=\"elementor-widget-container\">\n\t\t\t\t\t\t\t\t\t\t\t\t\t\t\t<img fetchpriority=\"high\" decoding=\"async\" width=\"300\" height=\"300\" src=\"https:\/\/hammerenergy.solar\/wp-content\/uploads\/HE-STL-01-300x300.jpg\" class=\"attachment-medium size-medium wp-image-1526\" alt=\"\" srcset=\"https:\/\/hammerenergy.solar\/wp-content\/uploads\/HE-STL-01-300x300.jpg 300w, https:\/\/hammerenergy.solar\/wp-content\/uploads\/HE-STL-01-150x150.jpg 150w, https:\/\/hammerenergy.solar\/wp-content\/uploads\/HE-STL-01-768x768.jpg 768w, https:\/\/hammerenergy.solar\/wp-content\/uploads\/HE-STL-01.jpg 800w\" sizes=\"100vw\" \/>\t\t\t\t\t\t\t\t\t\t\t\t\t\t\t<\/div>\n\t\t\t\t<\/div>\n\t\t\t\t<div class=\"elementor-element elementor-element-9fe4a73 elementor-widget elementor-widget-heading\" data-id=\"9fe4a73\" data-element_type=\"widget\" data-e-type=\"widget\" data-widget_type=\"heading.default\">\n\t\t\t\t<div class=\"elementor-widget-container\">\n\t\t\t\t\t<h2 class=\"elementor-heading-title elementor-size-default\">Crochets en \"L\"<\/h2>\t\t\t\t<\/div>\n\t\t\t\t<\/div>\n\t\t\t\t<div class=\"elementor-element elementor-element-65c2b96 elementor-widget__width-inherit elementor-widget elementor-widget-text-editor\" data-id=\"65c2b96\" data-element_type=\"widget\" data-e-type=\"widget\" data-widget_type=\"text-editor.default\">\n\t\t\t\t<div class=\"elementor-widget-container\">\n\t\t\t\t\t\t\t\t\t<p class=\"normal\" style=\"margin: 12.0pt 0cm 12.0pt 0cm;\">Fabriqu\u00e9s en aluminium EN AW6060 T6 selon EN 12020-2, ils facilitent et acc\u00e9l\u00e8rent l&rsquo;installation de syst\u00e8mes photovolta\u00efques sur les toits en tuiles ou en carreaux.<\/p>\t\t\t\t\t\t\t\t<\/div>\n\t\t\t\t<\/div>\n\t\t\t\t<\/div>\n\t\t<div class=\"elementor-element elementor-element-5842d77 e-con-full e-flex e-con e-child\" data-id=\"5842d77\" data-element_type=\"container\" data-e-type=\"container\">\n\t\t\t\t<div class=\"elementor-element elementor-element-ec58a9d elementor-widget__width-initial elementor-widget elementor-widget-image\" data-id=\"ec58a9d\" data-element_type=\"widget\" data-e-type=\"widget\" data-widget_type=\"image.default\">\n\t\t\t\t<div class=\"elementor-widget-container\">\n\t\t\t\t\t\t\t\t\t\t\t\t\t\t\t<img decoding=\"async\" width=\"300\" height=\"300\" src=\"https:\/\/hammerenergy.solar\/wp-content\/uploads\/HE-STA01-300x300.jpg\" class=\"attachment-medium size-medium wp-image-1530\" alt=\"\" srcset=\"https:\/\/hammerenergy.solar\/wp-content\/uploads\/HE-STA01-300x300.jpg 300w, https:\/\/hammerenergy.solar\/wp-content\/uploads\/HE-STA01-150x150.jpg 150w, https:\/\/hammerenergy.solar\/wp-content\/uploads\/HE-STA01-768x768.jpg 768w, https:\/\/hammerenergy.solar\/wp-content\/uploads\/HE-STA01.jpg 800w\" sizes=\"100vw\" \/>\t\t\t\t\t\t\t\t\t\t\t\t\t\t\t<\/div>\n\t\t\t\t<\/div>\n\t\t\t\t<div class=\"elementor-element elementor-element-b831a48 elementor-widget elementor-widget-heading\" data-id=\"b831a48\" data-element_type=\"widget\" data-e-type=\"widget\" data-widget_type=\"heading.default\">\n\t\t\t\t<div class=\"elementor-widget-container\">\n\t\t\t\t\t<h2 class=\"elementor-heading-title elementor-size-default\">Crochets<\/h2>\t\t\t\t<\/div>\n\t\t\t\t<\/div>\n\t\t\t\t<div class=\"elementor-element elementor-element-eed73c0 elementor-widget__width-inherit elementor-widget elementor-widget-text-editor\" data-id=\"eed73c0\" data-element_type=\"widget\" data-e-type=\"widget\" data-widget_type=\"text-editor.default\">\n\t\t\t\t<div class=\"elementor-widget-container\">\n\t\t\t\t\t\t\t\t\t<p>En aluminium ou en acier inoxydable, ils s&rsquo;adaptent \u00e0 toutes les toitures avec chevrons en bois pour tuiles ou carreaux, offrant de multiples possibilit\u00e9s de r\u00e9glage.<\/p>\t\t\t\t\t\t\t\t<\/div>\n\t\t\t\t<\/div>\n\t\t\t\t<\/div>\n\t\t\t\t<\/div>\n\t\t<div class=\"elementor-element elementor-element-ee06d6c e-con-full e-flex e-con e-parent\" data-id=\"ee06d6c\" data-element_type=\"container\" data-e-type=\"container\">\n\t\t<div class=\"elementor-element elementor-element-e886688 e-con-full e-flex e-con e-child\" data-id=\"e886688\" data-element_type=\"container\" data-e-type=\"container\" data-settings=\"{&quot;background_background&quot;:&quot;classic&quot;}\">\n\t\t<div class=\"elementor-element elementor-element-e7dc4b5 e-con-full e-flex e-con e-child\" data-id=\"e7dc4b5\" data-element_type=\"container\" data-e-type=\"container\">\n\t\t\t\t<div class=\"elementor-element elementor-element-f698d5f elementor-view-stacked e-transform elementor-shape-circle elementor-widget elementor-widget-icon\" data-id=\"f698d5f\" data-element_type=\"widget\" data-e-type=\"widget\" data-settings=\"{&quot;_transform_flipX_effect&quot;:&quot;transform&quot;}\" data-widget_type=\"icon.default\">\n\t\t\t\t<div class=\"elementor-widget-container\">\n\t\t\t\t\t\t\t<div class=\"elementor-icon-wrapper\">\n\t\t\t<div class=\"elementor-icon\">\n\t\t\t<i aria-hidden=\"true\" class=\"fas fa-thumbs-up\"><\/i>\t\t\t<\/div>\n\t\t<\/div>\n\t\t\t\t\t\t<\/div>\n\t\t\t\t<\/div>\n\t\t\t\t<div class=\"elementor-element elementor-element-5bc2de9 elementor-widget elementor-widget-heading\" data-id=\"5bc2de9\" data-element_type=\"widget\" data-e-type=\"widget\" data-widget_type=\"heading.default\">\n\t\t\t\t<div class=\"elementor-widget-container\">\n\t\t\t\t\t<h2 class=\"elementor-heading-title elementor-size-default\">Les avantages<\/h2>\t\t\t\t<\/div>\n\t\t\t\t<\/div>\n\t\t\t\t<\/div>\n\t\t\t\t<div class=\"elementor-element elementor-element-fbba145 elementor-widget elementor-widget-text-editor\" data-id=\"fbba145\" data-element_type=\"widget\" data-e-type=\"widget\" data-widget_type=\"text-editor.default\">\n\t\t\t\t<div class=\"elementor-widget-container\">\n\t\t\t\t\t\t\t\t\t<p class=\"normal\" style=\"margin: 12.0pt 0cm 12.0pt 0cm;\"><span lang=\"it\"><strong>L\u00c9GERS<\/strong><br \/>R\u00e9alis\u00e9s en aluminium EN AW6060 T6 conform\u00e9ment \u00e0 la norme EN 12020-2, elles sont \u00e0 la fois l\u00e9g\u00e8res et r\u00e9sistantes.<\/span><\/p><p class=\"normal\" style=\"margin: 12.0pt 0cm 12.0pt 0cm;\"><span lang=\"it\"><strong>R\u00c9SISTANTES<\/strong><br \/>Les mat\u00e9riaux des crochets et de la visserie garantissent une excellente durabilit\u00e9.<\/span><\/p><p><strong>RAPIDES<\/strong><br \/>Totalement compatibles avec les profil\u00e9s de structure Hammer Energy, ils permettent une fixation rapide, r\u00e9glable et s\u00fbre du profil\u00e9, gr\u00e2ce aux composants et \u00e0 la g\u00e9om\u00e9trie avec lesquels ils sont r\u00e9alis\u00e9s.<\/p>\t\t\t\t\t\t\t\t<\/div>\n\t\t\t\t<\/div>\n\t\t\t\t<\/div>\n\t\t\t\t<div class=\"elementor-element elementor-element-a111e8b elementor-align-justify elementor-widget elementor-widget-button\" data-id=\"a111e8b\" data-element_type=\"widget\" data-e-type=\"widget\" data-widget_type=\"button.default\">\n\t\t\t\t<div class=\"elementor-widget-container\">\n\t\t\t\t\t\t\t\t\t<div class=\"elementor-button-wrapper\">\n\t\t\t\t\t<a class=\"elementor-button elementor-button-link elementor-size-sm\" href=\"https:\/\/shop.hammer.biz\/fr\/63-accessoires-pour-photovoltaique?q=Cat%C3%A9gories-Supports+pour+photovolta%C3%AFque\">\n\t\t\t\t\t\t<span class=\"elementor-button-content-wrapper\">\n\t\t\t\t\t\t<span class=\"elementor-button-icon\">\n\t\t\t\t<i aria-hidden=\"true\" class=\"fas fa-shopping-cart\"><\/i>\t\t\t<\/span>\n\t\t\t\t\t\t\t\t\t<span class=\"elementor-button-text\">Acheter<\/span>\n\t\t\t\t\t<\/span>\n\t\t\t\t\t<\/a>\n\t\t\t\t<\/div>\n\t\t\t\t\t\t\t\t<\/div>\n\t\t\t\t<\/div>\n\t\t\t\t<\/div>\n\t\t<div class=\"elementor-element elementor-element-91e524d e-flex e-con-boxed e-con e-parent\" data-id=\"91e524d\" data-element_type=\"container\" data-e-type=\"container\">\n\t\t\t\t\t<div class=\"e-con-inner\">\n\t\t\t\t<div class=\"elementor-element elementor-element-5ba97fb elementor-widget elementor-widget-spacer\" data-id=\"5ba97fb\" data-element_type=\"widget\" data-e-type=\"widget\" data-widget_type=\"spacer.default\">\n\t\t\t\t<div class=\"elementor-widget-container\">\n\t\t\t\t\t\t\t<div class=\"elementor-spacer\">\n\t\t\t<div class=\"elementor-spacer-inner\"><\/div>\n\t\t<\/div>\n\t\t\t\t\t\t<\/div>\n\t\t\t\t<\/div>\n\t\t\t\t\t<\/div>\n\t\t\t\t<\/div>\n\t\t\t\t<\/div>\n\t\t","protected":false},"excerpt":{"rendered":"<p>I componenti del sistema Le staffe Le staffe Hammer Energy sono disponibili in diversi materiali, fattori di forma e tipologie di regolazione, per la realizzazione di piccoli e grandi impianti fotovoltaici su tetti in coppo o tegola. Staffe a \u00ab\u00a0L\u00a0\u00bb In alluminio EN AW6060 T6 secondo UNI EN 12020-2, rendono veloce e semplice la posa &hellip; <\/p>\n<p class=\"link-more\"><a href=\"https:\/\/hammerenergy.solar\/fr\/les-crochets\/\" class=\"more-link\">Lire la suite de<span class=\"screen-reader-text\">\u00ab\u00a0Les crochets\u00a0\u00bb<\/span><\/a><\/p>\n","protected":false},"author":1,"featured_media":0,"parent":0,"menu_order":0,"comment_status":"closed","ping_status":"closed","template":"","meta":{"inspiro_hide_title":false,"footnotes":""},"class_list":["post-1524","page","type-page","status-publish","hentry"],"_links":{"self":[{"href":"https:\/\/hammerenergy.solar\/fr\/wp-json\/wp\/v2\/pages\/1524","targetHints":{"allow":["GET"]}}],"collection":[{"href":"https:\/\/hammerenergy.solar\/fr\/wp-json\/wp\/v2\/pages"}],"about":[{"href":"https:\/\/hammerenergy.solar\/fr\/wp-json\/wp\/v2\/types\/page"}],"author":[{"embeddable":true,"href":"https:\/\/hammerenergy.solar\/fr\/wp-json\/wp\/v2\/users\/1"}],"replies":[{"embeddable":true,"href":"https:\/\/hammerenergy.solar\/fr\/wp-json\/wp\/v2\/comments?post=1524"}],"version-history":[{"count":13,"href":"https:\/\/hammerenergy.solar\/fr\/wp-json\/wp\/v2\/pages\/1524\/revisions"}],"predecessor-version":[{"id":2633,"href":"https:\/\/hammerenergy.solar\/fr\/wp-json\/wp\/v2\/pages\/1524\/revisions\/2633"}],"wp:attachment":[{"href":"https:\/\/hammerenergy.solar\/fr\/wp-json\/wp\/v2\/media?parent=1524"}],"curies":[{"name":"wp","href":"https:\/\/api.w.org\/{rel}","templated":true}]}}