{"id":1536,"date":"2025-01-27T09:59:42","date_gmt":"2025-01-27T08:59:42","guid":{"rendered":"https:\/\/hammerenergy.solar\/?page_id=1536"},"modified":"2025-09-24T16:33:55","modified_gmt":"2025-09-24T14:33:55","slug":"gli-accessori","status":"publish","type":"page","link":"https:\/\/hammerenergy.solar\/fr\/les-accessoires\/","title":{"rendered":"Les accessoires"},"content":{"rendered":"\t\t<div data-elementor-type=\"wp-page\" data-elementor-id=\"1536\" class=\"elementor elementor-1536\">\n\t\t\t\t<div class=\"elementor-element elementor-element-cca0e04 e-flex e-con-boxed e-con e-parent\" data-id=\"cca0e04\" data-element_type=\"container\" data-e-type=\"container\" data-settings=\"{&quot;background_background&quot;:&quot;classic&quot;}\">\n\t\t\t\t\t<div class=\"e-con-inner\">\n\t\t\t\t<div class=\"elementor-element elementor-element-70dc62e elementor-widget elementor-widget-heading\" data-id=\"70dc62e\" data-element_type=\"widget\" data-e-type=\"widget\" data-widget_type=\"heading.default\">\n\t\t\t\t<div class=\"elementor-widget-container\">\n\t\t\t\t\t<h2 class=\"elementor-heading-title elementor-size-default\">Les parties du syst\u00e8me<\/h2>\t\t\t\t<\/div>\n\t\t\t\t<\/div>\n\t\t\t\t\t<\/div>\n\t\t\t\t<\/div>\n\t\t<div class=\"elementor-element elementor-element-e7a3f11 e-flex e-con-boxed e-con e-parent\" data-id=\"e7a3f11\" data-element_type=\"container\" data-e-type=\"container\">\n\t\t\t\t\t<div class=\"e-con-inner\">\n\t\t\t\t<div class=\"elementor-element elementor-element-8b0282a elementor-widget elementor-widget-spacer\" data-id=\"8b0282a\" data-element_type=\"widget\" data-e-type=\"widget\" data-widget_type=\"spacer.default\">\n\t\t\t\t<div class=\"elementor-widget-container\">\n\t\t\t\t\t\t\t<div class=\"elementor-spacer\">\n\t\t\t<div class=\"elementor-spacer-inner\"><\/div>\n\t\t<\/div>\n\t\t\t\t\t\t<\/div>\n\t\t\t\t<\/div>\n\t\t\t\t<div class=\"elementor-element elementor-element-666298d elementor-widget elementor-widget-heading\" data-id=\"666298d\" data-element_type=\"widget\" data-e-type=\"widget\" data-widget_type=\"heading.default\">\n\t\t\t\t<div class=\"elementor-widget-container\">\n\t\t\t\t\t<h2 class=\"elementor-heading-title elementor-size-default\">Les accessoires<\/h2>\t\t\t\t<\/div>\n\t\t\t\t<\/div>\n\t\t\t\t<div class=\"elementor-element elementor-element-faef3eb elementor-widget elementor-widget-spacer\" data-id=\"faef3eb\" data-element_type=\"widget\" data-e-type=\"widget\" data-widget_type=\"spacer.default\">\n\t\t\t\t<div class=\"elementor-widget-container\">\n\t\t\t\t\t\t\t<div class=\"elementor-spacer\">\n\t\t\t<div class=\"elementor-spacer-inner\"><\/div>\n\t\t<\/div>\n\t\t\t\t\t\t<\/div>\n\t\t\t\t<\/div>\n\t\t\t\t\t<\/div>\n\t\t\t\t<\/div>\n\t\t<div class=\"elementor-element elementor-element-cf4816b e-con-full e-flex e-con e-parent\" data-id=\"cf4816b\" data-element_type=\"container\" data-e-type=\"container\">\n\t\t\t\t<div class=\"elementor-element elementor-element-7b1a1ec elementor-widget__width-inherit elementor-widget elementor-widget-text-editor\" data-id=\"7b1a1ec\" data-element_type=\"widget\" data-e-type=\"widget\" data-widget_type=\"text-editor.default\">\n\t\t\t\t<div class=\"elementor-widget-container\">\n\t\t\t\t\t\t\t\t\t<p class=\"normal\">Les accessoires pour le syst\u00e8me de structure Hammer Energy sont con\u00e7us pour une <strong>compatibilit\u00e9 totale<\/strong> avec les profil\u00e9s de structure et les crochets du syst\u00e8me, pour la r\u00e9alisation de <strong>diff\u00e9rents types d\u2019installation photovolta\u00efque.<\/strong><\/p>\t\t\t\t\t\t\t\t<\/div>\n\t\t\t\t<\/div>\n\t\t\t\t<\/div>\n\t\t<div class=\"elementor-element elementor-element-56121d4 e-con-full e-flex e-con e-parent\" data-id=\"56121d4\" data-element_type=\"container\" data-e-type=\"container\">\n\t\t<div class=\"elementor-element elementor-element-b4d2d88 e-con-full e-flex e-con e-child\" data-id=\"b4d2d88\" data-element_type=\"container\" data-e-type=\"container\">\n\t\t\t\t<div class=\"elementor-element elementor-element-5f2f989 elementor-widget__width-initial elementor-widget elementor-widget-image\" data-id=\"5f2f989\" data-element_type=\"widget\" data-e-type=\"widget\" data-widget_type=\"image.default\">\n\t\t\t\t<div class=\"elementor-widget-container\">\n\t\t\t\t\t\t\t\t\t\t\t\t\t\t\t<img fetchpriority=\"high\" decoding=\"async\" width=\"300\" height=\"300\" src=\"https:\/\/hammerenergy.solar\/wp-content\/uploads\/2023\/09\/HE-VF10-300x300.jpg\" class=\"attachment-medium size-medium wp-image-113\" alt=\"\" srcset=\"https:\/\/hammerenergy.solar\/wp-content\/uploads\/2023\/09\/HE-VF10-300x300.jpg 300w, https:\/\/hammerenergy.solar\/wp-content\/uploads\/2023\/09\/HE-VF10-150x150.jpg 150w, https:\/\/hammerenergy.solar\/wp-content\/uploads\/2023\/09\/HE-VF10-768x768.jpg 768w, https:\/\/hammerenergy.solar\/wp-content\/uploads\/2023\/09\/elementor\/thumbs\/HE-VF10-qbrlg47amj33lzweopgdcggn0muhflte3n10elvc5g.jpg 250w, https:\/\/hammerenergy.solar\/wp-content\/uploads\/2023\/09\/elementor\/thumbs\/HE-VF10-qbrlg47a0lovsztjh90saf1ghyqo3q7j5qqfbwmq4w.jpg 200w, https:\/\/hammerenergy.solar\/wp-content\/uploads\/2023\/09\/HE-VF10.jpg 800w\" sizes=\"100vw\" \/>\t\t\t\t\t\t\t\t\t\t\t\t\t\t\t<\/div>\n\t\t\t\t<\/div>\n\t\t\t\t<div class=\"elementor-element elementor-element-9fe4a73 elementor-widget elementor-widget-heading\" data-id=\"9fe4a73\" data-element_type=\"widget\" data-e-type=\"widget\" data-widget_type=\"heading.default\">\n\t\t\t\t<div class=\"elementor-widget-container\">\n\t\t\t\t\t<h2 class=\"elementor-heading-title elementor-size-default\">Vis \u00e0 double filetage<\/h2>\t\t\t\t<\/div>\n\t\t\t\t<\/div>\n\t\t\t\t<div class=\"elementor-element elementor-element-65c2b96 elementor-widget__width-inherit elementor-widget elementor-widget-text-editor\" data-id=\"65c2b96\" data-element_type=\"widget\" data-e-type=\"widget\" data-widget_type=\"text-editor.default\">\n\t\t\t\t<div class=\"elementor-widget-container\">\n\t\t\t\t\t\t\t\t\t<p class=\"normal\" style=\"margin: 12.0pt 0cm 12.0pt 0cm;\">\u00c0 utiliser pour toitures en tuiles ou en carreaux.<\/p>\t\t\t\t\t\t\t\t<\/div>\n\t\t\t\t<\/div>\n\t\t\t\t<\/div>\n\t\t<div class=\"elementor-element elementor-element-00494e9 e-con-full e-flex e-con e-child\" data-id=\"00494e9\" data-element_type=\"container\" data-e-type=\"container\" data-settings=\"{&quot;background_background&quot;:&quot;classic&quot;}\">\n\t\t<div class=\"elementor-element elementor-element-7718954 e-con-full e-flex e-con e-child\" data-id=\"7718954\" data-element_type=\"container\" data-e-type=\"container\">\n\t\t\t\t<div class=\"elementor-element elementor-element-84b1efe elementor-view-stacked e-transform elementor-shape-circle elementor-widget elementor-widget-icon\" data-id=\"84b1efe\" data-element_type=\"widget\" data-e-type=\"widget\" data-settings=\"{&quot;_transform_flipX_effect&quot;:&quot;transform&quot;}\" data-widget_type=\"icon.default\">\n\t\t\t\t<div class=\"elementor-widget-container\">\n\t\t\t\t\t\t\t<div class=\"elementor-icon-wrapper\">\n\t\t\t<div class=\"elementor-icon\">\n\t\t\t<i aria-hidden=\"true\" class=\"fas fa-thumbs-up\"><\/i>\t\t\t<\/div>\n\t\t<\/div>\n\t\t\t\t\t\t<\/div>\n\t\t\t\t<\/div>\n\t\t\t\t<div class=\"elementor-element elementor-element-bca0589 elementor-widget elementor-widget-heading\" data-id=\"bca0589\" data-element_type=\"widget\" data-e-type=\"widget\" data-widget_type=\"heading.default\">\n\t\t\t\t<div class=\"elementor-widget-container\">\n\t\t\t\t\t<h2 class=\"elementor-heading-title elementor-size-default\">Les avantages<\/h2>\t\t\t\t<\/div>\n\t\t\t\t<\/div>\n\t\t\t\t<\/div>\n\t\t\t\t<div class=\"elementor-element elementor-element-fe4c638 elementor-widget elementor-widget-text-editor\" data-id=\"fe4c638\" data-element_type=\"widget\" data-e-type=\"widget\" data-widget_type=\"text-editor.default\">\n\t\t\t\t<div class=\"elementor-widget-container\">\n\t\t\t\t\t\t\t\t\t<p><strong>PR\u00c9-ASSEMBL\u00c9ES<\/strong><br \/>Facilit\u00e9 d&rsquo;utilisation maximale gr\u00e2ce aux \u00e9crous et aux joints pr\u00e9-assembl\u00e9s.<\/p><p><strong>POLYVALENTES<\/strong><br \/>Applicables aux installations photovolta\u00efques sur toitures en panneaux ondul\u00e9s, en t\u00f4le trap\u00e9zo\u00efdale, en tuiles ou en carreaux.<\/p><p class=\"normal\" style=\"margin: 12.0pt 0cm 12.0pt 0cm;\"><strong>R\u00c9SISTANTES \u00c0 L\u2019EAU<\/strong><br \/>Gr\u00e2ce au joint en EPDM et au corps de la vis en acier inoxydable A2.<\/p>\t\t\t\t\t\t\t\t<\/div>\n\t\t\t\t<\/div>\n\t\t\t\t<\/div>\n\t\t\t\t<\/div>\n\t\t<div class=\"elementor-element elementor-element-67bd648 e-con-full e-flex e-con e-parent\" data-id=\"67bd648\" data-element_type=\"container\" data-e-type=\"container\">\n\t\t<div class=\"elementor-element elementor-element-5c4bcae e-con-full e-flex e-con e-child\" data-id=\"5c4bcae\" data-element_type=\"container\" data-e-type=\"container\">\n\t\t\t\t<div class=\"elementor-element elementor-element-0a7fd65 elementor-widget__width-initial elementor-widget elementor-widget-image\" data-id=\"0a7fd65\" data-element_type=\"widget\" data-e-type=\"widget\" data-widget_type=\"image.default\">\n\t\t\t\t<div class=\"elementor-widget-container\">\n\t\t\t\t\t\t\t\t\t\t\t\t\t\t\t<img decoding=\"async\" width=\"300\" height=\"300\" src=\"https:\/\/hammerenergy.solar\/wp-content\/uploads\/HE-RIV52191-300x300.jpg\" class=\"attachment-medium size-medium wp-image-1545\" alt=\"\" srcset=\"https:\/\/hammerenergy.solar\/wp-content\/uploads\/HE-RIV52191-300x300.jpg 300w, https:\/\/hammerenergy.solar\/wp-content\/uploads\/HE-RIV52191-150x150.jpg 150w, https:\/\/hammerenergy.solar\/wp-content\/uploads\/HE-RIV52191-768x768.jpg 768w, https:\/\/hammerenergy.solar\/wp-content\/uploads\/HE-RIV52191.jpg 800w\" sizes=\"100vw\" \/>\t\t\t\t\t\t\t\t\t\t\t\t\t\t\t<\/div>\n\t\t\t\t<\/div>\n\t\t\t\t<div class=\"elementor-element elementor-element-98d4230 elementor-widget elementor-widget-heading\" data-id=\"98d4230\" data-element_type=\"widget\" data-e-type=\"widget\" data-widget_type=\"heading.default\">\n\t\t\t\t<div class=\"elementor-widget-container\">\n\t\t\t\t\t<h2 class=\"elementor-heading-title elementor-size-default\">Rivets aveugles en aluminium<\/h2>\t\t\t\t<\/div>\n\t\t\t\t<\/div>\n\t\t\t\t<div class=\"elementor-element elementor-element-0fbac73 elementor-widget__width-inherit elementor-widget elementor-widget-text-editor\" data-id=\"0fbac73\" data-element_type=\"widget\" data-e-type=\"widget\" data-widget_type=\"text-editor.default\">\n\t\t\t\t<div class=\"elementor-widget-container\">\n\t\t\t\t\t\t\t\t\t<p>Pour installations photovolta\u00efques sur toitures en t\u00f4le trap\u00e9zo\u00efdale.<\/p>\t\t\t\t\t\t\t\t<\/div>\n\t\t\t\t<\/div>\n\t\t\t\t<\/div>\n\t\t<div class=\"elementor-element elementor-element-4e3c2db e-con-full e-flex e-con e-child\" data-id=\"4e3c2db\" data-element_type=\"container\" data-e-type=\"container\" data-settings=\"{&quot;background_background&quot;:&quot;classic&quot;}\">\n\t\t<div class=\"elementor-element elementor-element-2e3ce0d e-con-full e-flex e-con e-child\" data-id=\"2e3ce0d\" data-element_type=\"container\" data-e-type=\"container\">\n\t\t\t\t<div class=\"elementor-element elementor-element-4339904 elementor-view-stacked e-transform elementor-shape-circle elementor-widget elementor-widget-icon\" data-id=\"4339904\" data-element_type=\"widget\" data-e-type=\"widget\" data-settings=\"{&quot;_transform_flipX_effect&quot;:&quot;transform&quot;}\" data-widget_type=\"icon.default\">\n\t\t\t\t<div class=\"elementor-widget-container\">\n\t\t\t\t\t\t\t<div class=\"elementor-icon-wrapper\">\n\t\t\t<div class=\"elementor-icon\">\n\t\t\t<i aria-hidden=\"true\" class=\"fas fa-thumbs-up\"><\/i>\t\t\t<\/div>\n\t\t<\/div>\n\t\t\t\t\t\t<\/div>\n\t\t\t\t<\/div>\n\t\t\t\t<div class=\"elementor-element elementor-element-d20fb17 elementor-widget elementor-widget-heading\" data-id=\"d20fb17\" data-element_type=\"widget\" data-e-type=\"widget\" data-widget_type=\"heading.default\">\n\t\t\t\t<div class=\"elementor-widget-container\">\n\t\t\t\t\t<h2 class=\"elementor-heading-title elementor-size-default\">Les avantages<\/h2>\t\t\t\t<\/div>\n\t\t\t\t<\/div>\n\t\t\t\t<\/div>\n\t\t\t\t<div class=\"elementor-element elementor-element-9dab601 elementor-widget elementor-widget-text-editor\" data-id=\"9dab601\" data-element_type=\"widget\" data-e-type=\"widget\" data-widget_type=\"text-editor.default\">\n\t\t\t\t<div class=\"elementor-widget-container\">\n\t\t\t\t\t\t\t\t\t<p><strong>R\u00c9SISTENT DANS LE TEMPS<\/strong><br \/>Ils ne rouillent pas et ne s&rsquo;oxydent pas.<\/p><p><strong>R\u00c9SISTENT \u00c0 L&rsquo;EXTRACTION<\/strong><br \/>M\u00eame lorsqu&rsquo;ils sont appliqu\u00e9es sur des t\u00f4les peu \u00e9paisses.<\/p><p><strong>R\u00c9SISTENT \u00c0 L&rsquo;EAU<\/strong><br \/>Gr\u00e2ce au\u00a0 joint en EPDM.<\/p><p class=\"normal\" style=\"margin: 12.0pt 0cm 12.0pt 0cm;\"><strong>AM\u00c9LIORENT LA R\u00c9SISTANCE STRUCTURELLE<\/strong><br \/>Ils offrent une plus grande r\u00e9sistance structurelle que les rivets \u00e0 fleur.<\/p>\t\t\t\t\t\t\t\t<\/div>\n\t\t\t\t<\/div>\n\t\t\t\t<\/div>\n\t\t\t\t<\/div>\n\t\t<div class=\"elementor-element elementor-element-3887f90 e-con-full e-flex e-con e-parent\" data-id=\"3887f90\" data-element_type=\"container\" data-e-type=\"container\">\n\t\t<div class=\"elementor-element elementor-element-2859bdb e-con-full e-flex e-con e-child\" data-id=\"2859bdb\" data-element_type=\"container\" data-e-type=\"container\">\n\t\t\t\t<div class=\"elementor-element elementor-element-cce071b elementor-widget__width-initial elementor-widget elementor-widget-image\" data-id=\"cce071b\" data-element_type=\"widget\" data-e-type=\"widget\" data-widget_type=\"image.default\">\n\t\t\t\t<div class=\"elementor-widget-container\">\n\t\t\t\t\t\t\t\t\t\t\t\t\t\t\t<img decoding=\"async\" width=\"300\" height=\"300\" src=\"https:\/\/hammerenergy.solar\/wp-content\/uploads\/HE-ALBUT-50-300x300.jpg\" class=\"attachment-medium size-medium wp-image-1546\" alt=\"\" srcset=\"https:\/\/hammerenergy.solar\/wp-content\/uploads\/HE-ALBUT-50-300x300.jpg 300w, https:\/\/hammerenergy.solar\/wp-content\/uploads\/HE-ALBUT-50-150x150.jpg 150w, https:\/\/hammerenergy.solar\/wp-content\/uploads\/HE-ALBUT-50-768x768.jpg 768w, https:\/\/hammerenergy.solar\/wp-content\/uploads\/HE-ALBUT-50.jpg 800w\" sizes=\"100vw\" \/>\t\t\t\t\t\t\t\t\t\t\t\t\t\t\t<\/div>\n\t\t\t\t<\/div>\n\t\t\t\t<div class=\"elementor-element elementor-element-5c2b8d7 elementor-widget elementor-widget-heading\" data-id=\"5c2b8d7\" data-element_type=\"widget\" data-e-type=\"widget\" data-widget_type=\"heading.default\">\n\t\t\t\t<div class=\"elementor-widget-container\">\n\t\t\t\t\t<h2 class=\"elementor-heading-title elementor-size-default\">Ruban butyl-alu<\/h2>\t\t\t\t<\/div>\n\t\t\t\t<\/div>\n\t\t\t\t<div class=\"elementor-element elementor-element-5542658 elementor-widget__width-inherit elementor-widget elementor-widget-text-editor\" data-id=\"5542658\" data-element_type=\"widget\" data-e-type=\"widget\" data-widget_type=\"text-editor.default\">\n\t\t\t\t<div class=\"elementor-widget-container\">\n\t\t\t\t\t\t\t\t\t<p>Pour installations photovolta\u00efques sur toitures en t\u00f4le trap\u00e9zo\u00efdale.<\/p>\t\t\t\t\t\t\t\t<\/div>\n\t\t\t\t<\/div>\n\t\t\t\t<\/div>\n\t\t<div class=\"elementor-element elementor-element-1ea2542 e-con-full e-flex e-con e-child\" data-id=\"1ea2542\" data-element_type=\"container\" data-e-type=\"container\" data-settings=\"{&quot;background_background&quot;:&quot;classic&quot;}\">\n\t\t<div class=\"elementor-element elementor-element-e609235 e-con-full e-flex e-con e-child\" data-id=\"e609235\" data-element_type=\"container\" data-e-type=\"container\">\n\t\t\t\t<div class=\"elementor-element elementor-element-f715261 elementor-view-stacked e-transform elementor-shape-circle elementor-widget elementor-widget-icon\" data-id=\"f715261\" data-element_type=\"widget\" data-e-type=\"widget\" data-settings=\"{&quot;_transform_flipX_effect&quot;:&quot;transform&quot;}\" data-widget_type=\"icon.default\">\n\t\t\t\t<div class=\"elementor-widget-container\">\n\t\t\t\t\t\t\t<div class=\"elementor-icon-wrapper\">\n\t\t\t<div class=\"elementor-icon\">\n\t\t\t<i aria-hidden=\"true\" class=\"fas fa-thumbs-up\"><\/i>\t\t\t<\/div>\n\t\t<\/div>\n\t\t\t\t\t\t<\/div>\n\t\t\t\t<\/div>\n\t\t\t\t<div class=\"elementor-element elementor-element-61088ee elementor-widget elementor-widget-heading\" data-id=\"61088ee\" data-element_type=\"widget\" data-e-type=\"widget\" data-widget_type=\"heading.default\">\n\t\t\t\t<div class=\"elementor-widget-container\">\n\t\t\t\t\t<h2 class=\"elementor-heading-title elementor-size-default\">Les avantages<\/h2>\t\t\t\t<\/div>\n\t\t\t\t<\/div>\n\t\t\t\t<\/div>\n\t\t\t\t<div class=\"elementor-element elementor-element-b800665 elementor-widget elementor-widget-text-editor\" data-id=\"b800665\" data-element_type=\"widget\" data-e-type=\"widget\" data-widget_type=\"text-editor.default\">\n\t\t\t\t<div class=\"elementor-widget-container\">\n\t\t\t\t\t\t\t\t\t<p><strong>ROBUSTE<\/strong><br \/>Il la traction et \u00e0 l\u2019\u00e9longation, gr\u00e2ce \u00e0 la feuille en aluminium.<\/p><p><strong>PROTECTEUR<\/strong><br \/>\u00c9tanche \u00e0 l&rsquo;eau et \u00e0 l&rsquo;air, avec un film d&rsquo;aluminium prot\u00e9geant la surface des agents agressifs, des rayons UV et de la corrosion.<\/p><p><strong>FACILE \u00c0 UTILISER<\/strong><br \/>La couche butylique est adh\u00e9sive \u00e0 froid.<\/p>\t\t\t\t\t\t\t\t<\/div>\n\t\t\t\t<\/div>\n\t\t\t\t<\/div>\n\t\t\t\t<\/div>\n\t\t<div class=\"elementor-element elementor-element-dca0212 e-con-full e-flex e-con e-parent\" data-id=\"dca0212\" data-element_type=\"container\" data-e-type=\"container\">\n\t\t\t\t<div class=\"elementor-element elementor-element-52b7d0c elementor-align-justify elementor-widget elementor-widget-button\" data-id=\"52b7d0c\" data-element_type=\"widget\" data-e-type=\"widget\" data-widget_type=\"button.default\">\n\t\t\t\t<div class=\"elementor-widget-container\">\n\t\t\t\t\t\t\t\t\t<div class=\"elementor-button-wrapper\">\n\t\t\t\t\t<a class=\"elementor-button elementor-button-link elementor-size-sm\" href=\"https:\/\/shop.hammer.biz\/fr\/63-accessoires-pour-photovoltaique?q=Cat%C3%A9gories-Accessoires+pour+photovolta%C3%AFque\">\n\t\t\t\t\t\t<span class=\"elementor-button-content-wrapper\">\n\t\t\t\t\t\t<span class=\"elementor-button-icon\">\n\t\t\t\t<i aria-hidden=\"true\" class=\"fas fa-shopping-cart\"><\/i>\t\t\t<\/span>\n\t\t\t\t\t\t\t\t\t<span class=\"elementor-button-text\">Acheter<\/span>\n\t\t\t\t\t<\/span>\n\t\t\t\t\t<\/a>\n\t\t\t\t<\/div>\n\t\t\t\t\t\t\t\t<\/div>\n\t\t\t\t<\/div>\n\t\t\t\t<\/div>\n\t\t<div class=\"elementor-element elementor-element-91e524d e-flex e-con-boxed e-con e-parent\" data-id=\"91e524d\" data-element_type=\"container\" data-e-type=\"container\">\n\t\t\t\t\t<div class=\"e-con-inner\">\n\t\t\t\t<div class=\"elementor-element elementor-element-5ba97fb elementor-widget elementor-widget-spacer\" data-id=\"5ba97fb\" data-element_type=\"widget\" data-e-type=\"widget\" data-widget_type=\"spacer.default\">\n\t\t\t\t<div class=\"elementor-widget-container\">\n\t\t\t\t\t\t\t<div class=\"elementor-spacer\">\n\t\t\t<div class=\"elementor-spacer-inner\"><\/div>\n\t\t<\/div>\n\t\t\t\t\t\t<\/div>\n\t\t\t\t<\/div>\n\t\t\t\t\t<\/div>\n\t\t\t\t<\/div>\n\t\t\t\t<\/div>\n\t\t","protected":false},"excerpt":{"rendered":"<p>I componenti del sistema Gli accessori Gli accessori per il sistema di struttura Hammer Energy sono pensati per la piena compatibilit\u00e0 con i profili di struttura e le staffe del sistema, per la realizzazione di diverse tipologie di impianto fotovoltaico. Viti a doppia filettatura Ideali per impianti fotovoltaici su coperture in coppo o tegola. vantaggi &hellip; <\/p>\n<p class=\"link-more\"><a href=\"https:\/\/hammerenergy.solar\/fr\/les-accessoires\/\" class=\"more-link\">Lire la suite de<span class=\"screen-reader-text\">\u00ab\u00a0Les accessoires\u00a0\u00bb<\/span><\/a><\/p>\n","protected":false},"author":1,"featured_media":0,"parent":0,"menu_order":0,"comment_status":"closed","ping_status":"closed","template":"","meta":{"inspiro_hide_title":false,"footnotes":""},"class_list":["post-1536","page","type-page","status-publish","hentry"],"_links":{"self":[{"href":"https:\/\/hammerenergy.solar\/fr\/wp-json\/wp\/v2\/pages\/1536","targetHints":{"allow":["GET"]}}],"collection":[{"href":"https:\/\/hammerenergy.solar\/fr\/wp-json\/wp\/v2\/pages"}],"about":[{"href":"https:\/\/hammerenergy.solar\/fr\/wp-json\/wp\/v2\/types\/page"}],"author":[{"embeddable":true,"href":"https:\/\/hammerenergy.solar\/fr\/wp-json\/wp\/v2\/users\/1"}],"replies":[{"embeddable":true,"href":"https:\/\/hammerenergy.solar\/fr\/wp-json\/wp\/v2\/comments?post=1536"}],"version-history":[{"count":29,"href":"https:\/\/hammerenergy.solar\/fr\/wp-json\/wp\/v2\/pages\/1536\/revisions"}],"predecessor-version":[{"id":2930,"href":"https:\/\/hammerenergy.solar\/fr\/wp-json\/wp\/v2\/pages\/1536\/revisions\/2930"}],"wp:attachment":[{"href":"https:\/\/hammerenergy.solar\/fr\/wp-json\/wp\/v2\/media?parent=1536"}],"curies":[{"name":"wp","href":"https:\/\/api.w.org\/{rel}","templated":true}]}}