{"id":1562,"date":"2025-01-27T12:24:10","date_gmt":"2025-01-27T11:24:10","guid":{"rendered":"https:\/\/hammerenergy.solar\/?page_id=1562"},"modified":"2025-09-25T10:17:30","modified_gmt":"2025-09-25T08:17:30","slug":"i-componenti","status":"publish","type":"page","link":"https:\/\/hammerenergy.solar\/fr\/les-composants\/","title":{"rendered":"Les composants"},"content":{"rendered":"\t\t<div data-elementor-type=\"wp-page\" data-elementor-id=\"1562\" class=\"elementor elementor-1562\">\n\t\t\t\t<div class=\"elementor-element elementor-element-cca0e04 e-flex e-con-boxed e-con e-parent\" data-id=\"cca0e04\" data-element_type=\"container\" data-e-type=\"container\" data-settings=\"{&quot;background_background&quot;:&quot;classic&quot;}\">\n\t\t\t\t\t<div class=\"e-con-inner\">\n\t\t\t\t<div class=\"elementor-element elementor-element-70dc62e elementor-widget elementor-widget-heading\" data-id=\"70dc62e\" data-element_type=\"widget\" data-e-type=\"widget\" data-widget_type=\"heading.default\">\n\t\t\t\t<div class=\"elementor-widget-container\">\n\t\t\t\t\t<h2 class=\"elementor-heading-title elementor-size-default\">Les parties du syst\u00e8me<\/h2>\t\t\t\t<\/div>\n\t\t\t\t<\/div>\n\t\t\t\t\t<\/div>\n\t\t\t\t<\/div>\n\t\t<div class=\"elementor-element elementor-element-e7a3f11 e-flex e-con-boxed e-con e-parent\" data-id=\"e7a3f11\" data-element_type=\"container\" data-e-type=\"container\">\n\t\t\t\t\t<div class=\"e-con-inner\">\n\t\t\t\t<div class=\"elementor-element elementor-element-8b0282a elementor-widget elementor-widget-spacer\" data-id=\"8b0282a\" data-element_type=\"widget\" data-e-type=\"widget\" data-widget_type=\"spacer.default\">\n\t\t\t\t<div class=\"elementor-widget-container\">\n\t\t\t\t\t\t\t<div class=\"elementor-spacer\">\n\t\t\t<div class=\"elementor-spacer-inner\"><\/div>\n\t\t<\/div>\n\t\t\t\t\t\t<\/div>\n\t\t\t\t<\/div>\n\t\t\t\t<div class=\"elementor-element elementor-element-666298d elementor-widget elementor-widget-heading\" data-id=\"666298d\" data-element_type=\"widget\" data-e-type=\"widget\" data-widget_type=\"heading.default\">\n\t\t\t\t<div class=\"elementor-widget-container\">\n\t\t\t\t\t<h2 class=\"elementor-heading-title elementor-size-default\">Les composants<\/h2>\t\t\t\t<\/div>\n\t\t\t\t<\/div>\n\t\t\t\t<div class=\"elementor-element elementor-element-faef3eb elementor-widget elementor-widget-spacer\" data-id=\"faef3eb\" data-element_type=\"widget\" data-e-type=\"widget\" data-widget_type=\"spacer.default\">\n\t\t\t\t<div class=\"elementor-widget-container\">\n\t\t\t\t\t\t\t<div class=\"elementor-spacer\">\n\t\t\t<div class=\"elementor-spacer-inner\"><\/div>\n\t\t<\/div>\n\t\t\t\t\t\t<\/div>\n\t\t\t\t<\/div>\n\t\t\t\t\t<\/div>\n\t\t\t\t<\/div>\n\t\t<div class=\"elementor-element elementor-element-cf4816b e-con-full e-flex e-con e-parent\" data-id=\"cf4816b\" data-element_type=\"container\" data-e-type=\"container\">\n\t\t\t\t<div class=\"elementor-element elementor-element-7b1a1ec elementor-widget__width-inherit elementor-widget elementor-widget-text-editor\" data-id=\"7b1a1ec\" data-element_type=\"widget\" data-e-type=\"widget\" data-widget_type=\"text-editor.default\">\n\t\t\t\t<div class=\"elementor-widget-container\">\n\t\t\t\t\t\t\t\t\t<p class=\"normal\">Les composants du syst\u00e8me de structure Hammer Energy sont con\u00e7us pour <strong>compl\u00e9ter<\/strong> ou comme <strong>remplacement<\/strong> pour les pinces, les crochets et les profil\u00e9s de structure Hammer Energy.<\/p>\t\t\t\t\t\t\t\t<\/div>\n\t\t\t\t<\/div>\n\t\t\t\t<\/div>\n\t\t<div class=\"elementor-element elementor-element-56121d4 e-con-full e-flex e-con e-parent\" data-id=\"56121d4\" data-element_type=\"container\" data-e-type=\"container\">\n\t\t<div class=\"elementor-element elementor-element-b4d2d88 e-con-full e-flex e-con e-child\" data-id=\"b4d2d88\" data-element_type=\"container\" data-e-type=\"container\">\n\t\t\t\t<div class=\"elementor-element elementor-element-5f2f989 elementor-widget__width-initial elementor-widget elementor-widget-image\" data-id=\"5f2f989\" data-element_type=\"widget\" data-e-type=\"widget\" data-widget_type=\"image.default\">\n\t\t\t\t<div class=\"elementor-widget-container\">\n\t\t\t\t\t\t\t\t\t\t\t\t\t\t\t<img fetchpriority=\"high\" decoding=\"async\" width=\"300\" height=\"300\" src=\"https:\/\/hammerenergy.solar\/wp-content\/uploads\/HE-VI-300x300.jpg\" class=\"attachment-medium size-medium wp-image-1564\" alt=\"\" srcset=\"https:\/\/hammerenergy.solar\/wp-content\/uploads\/HE-VI-300x300.jpg 300w, https:\/\/hammerenergy.solar\/wp-content\/uploads\/HE-VI-150x150.jpg 150w, https:\/\/hammerenergy.solar\/wp-content\/uploads\/HE-VI-768x768.jpg 768w, https:\/\/hammerenergy.solar\/wp-content\/uploads\/HE-VI.jpg 800w\" sizes=\"100vw\" \/>\t\t\t\t\t\t\t\t\t\t\t\t\t\t\t<\/div>\n\t\t\t\t<\/div>\n\t\t\t\t<div class=\"elementor-element elementor-element-9fe4a73 elementor-widget elementor-widget-heading\" data-id=\"9fe4a73\" data-element_type=\"widget\" data-e-type=\"widget\" data-widget_type=\"heading.default\">\n\t\t\t\t<div class=\"elementor-widget-container\">\n\t\t\t\t\t<h2 class=\"elementor-heading-title elementor-size-default\">Vis pour plots photovolta\u00efques<\/h2>\t\t\t\t<\/div>\n\t\t\t\t<\/div>\n\t\t\t\t<\/div>\n\t\t<div class=\"elementor-element elementor-element-5842d77 e-con-full e-flex e-con e-child\" data-id=\"5842d77\" data-element_type=\"container\" data-e-type=\"container\">\n\t\t\t\t<div class=\"elementor-element elementor-element-dc7c841 elementor-widget__width-initial elementor-widget elementor-widget-image\" data-id=\"dc7c841\" data-element_type=\"widget\" data-e-type=\"widget\" data-widget_type=\"image.default\">\n\t\t\t\t<div class=\"elementor-widget-container\">\n\t\t\t\t\t\t\t\t\t\t\t\t\t\t\t<img decoding=\"async\" width=\"300\" height=\"300\" src=\"https:\/\/hammerenergy.solar\/wp-content\/uploads\/HE-M-300x300.jpg\" class=\"attachment-medium size-medium wp-image-1565\" alt=\"\" srcset=\"https:\/\/hammerenergy.solar\/wp-content\/uploads\/HE-M-300x300.jpg 300w, https:\/\/hammerenergy.solar\/wp-content\/uploads\/HE-M-150x150.jpg 150w, https:\/\/hammerenergy.solar\/wp-content\/uploads\/HE-M-768x768.jpg 768w, https:\/\/hammerenergy.solar\/wp-content\/uploads\/HE-M.jpg 800w\" sizes=\"100vw\" \/>\t\t\t\t\t\t\t\t\t\t\t\t\t\t\t<\/div>\n\t\t\t\t<\/div>\n\t\t\t\t<div class=\"elementor-element elementor-element-b831a48 elementor-widget elementor-widget-heading\" data-id=\"b831a48\" data-element_type=\"widget\" data-e-type=\"widget\" data-widget_type=\"heading.default\">\n\t\t\t\t<div class=\"elementor-widget-container\">\n\t\t\t\t\t<h2 class=\"elementor-heading-title elementor-size-default\">Ressorts pour plots photovolta\u00efques<\/h2>\t\t\t\t<\/div>\n\t\t\t\t<\/div>\n\t\t\t\t<\/div>\n\t\t<div class=\"elementor-element elementor-element-1521abf e-con-full e-flex e-con e-child\" data-id=\"1521abf\" data-element_type=\"container\" data-e-type=\"container\">\n\t\t\t\t<div class=\"elementor-element elementor-element-6fe305b elementor-widget__width-initial elementor-widget elementor-widget-image\" data-id=\"6fe305b\" data-element_type=\"widget\" data-e-type=\"widget\" data-widget_type=\"image.default\">\n\t\t\t\t<div class=\"elementor-widget-container\">\n\t\t\t\t\t\t\t\t\t\t\t\t\t\t\t<img decoding=\"async\" width=\"300\" height=\"300\" src=\"https:\/\/hammerenergy.solar\/wp-content\/uploads\/2023\/09\/HE-10088-300x300.jpg\" class=\"attachment-medium size-medium wp-image-114\" alt=\"\" srcset=\"https:\/\/hammerenergy.solar\/wp-content\/uploads\/2023\/09\/HE-10088-300x300.jpg 300w, https:\/\/hammerenergy.solar\/wp-content\/uploads\/2023\/09\/HE-10088-150x150.jpg 150w, https:\/\/hammerenergy.solar\/wp-content\/uploads\/2023\/09\/HE-10088-768x768.jpg 768w, https:\/\/hammerenergy.solar\/wp-content\/uploads\/2023\/09\/elementor\/thumbs\/HE-10088-qbrlifuxis9mbaiw47m60dcnvxe5go1i353848faro.jpg 250w, https:\/\/hammerenergy.solar\/wp-content\/uploads\/2023\/09\/elementor\/thumbs\/HE-10088-qbrlifuwwuveiag0wr6kybxhd9ac4sfn58sn1j6or4.jpg 200w, https:\/\/hammerenergy.solar\/wp-content\/uploads\/2023\/09\/HE-10088.jpg 800w\" sizes=\"100vw\" \/>\t\t\t\t\t\t\t\t\t\t\t\t\t\t\t<\/div>\n\t\t\t\t<\/div>\n\t\t\t\t<div class=\"elementor-element elementor-element-423bc92 elementor-widget elementor-widget-heading\" data-id=\"423bc92\" data-element_type=\"widget\" data-e-type=\"widget\" data-widget_type=\"heading.default\">\n\t\t\t\t<div class=\"elementor-widget-container\">\n\t\t\t\t\t<h2 class=\"elementor-heading-title elementor-size-default\">Cames pour plots photovolta\u00efques<\/h2>\t\t\t\t<\/div>\n\t\t\t\t<\/div>\n\t\t\t\t<\/div>\n\t\t<div class=\"elementor-element elementor-element-dd6359d e-con-full e-flex e-con e-child\" data-id=\"dd6359d\" data-element_type=\"container\" data-e-type=\"container\">\n\t\t\t\t<div class=\"elementor-element elementor-element-8f79c08 elementor-widget__width-initial elementor-widget elementor-widget-image\" data-id=\"8f79c08\" data-element_type=\"widget\" data-e-type=\"widget\" data-widget_type=\"image.default\">\n\t\t\t\t<div class=\"elementor-widget-container\">\n\t\t\t\t\t\t\t\t\t\t\t\t\t\t\t<img loading=\"lazy\" decoding=\"async\" width=\"300\" height=\"300\" src=\"https:\/\/hammerenergy.solar\/wp-content\/uploads\/HE-STI-KIT-300x300.jpg\" class=\"attachment-medium size-medium wp-image-1567\" alt=\"\" srcset=\"https:\/\/hammerenergy.solar\/wp-content\/uploads\/HE-STI-KIT-300x300.jpg 300w, https:\/\/hammerenergy.solar\/wp-content\/uploads\/HE-STI-KIT-150x150.jpg 150w, https:\/\/hammerenergy.solar\/wp-content\/uploads\/HE-STI-KIT-768x768.jpg 768w, https:\/\/hammerenergy.solar\/wp-content\/uploads\/HE-STI-KIT.jpg 800w\" sizes=\"100vw\" \/>\t\t\t\t\t\t\t\t\t\t\t\t\t\t\t<\/div>\n\t\t\t\t<\/div>\n\t\t\t\t<div class=\"elementor-element elementor-element-d66acd0 elementor-widget elementor-widget-heading\" data-id=\"d66acd0\" data-element_type=\"widget\" data-e-type=\"widget\" data-widget_type=\"heading.default\">\n\t\t\t\t<div class=\"elementor-widget-container\">\n\t\t\t\t\t<h2 class=\"elementor-heading-title elementor-size-default\">Boulons pour crochets et profil\u00e9s<\/h2>\t\t\t\t<\/div>\n\t\t\t\t<\/div>\n\t\t\t\t<\/div>\n\t\t\t\t<\/div>\n\t\t<div class=\"elementor-element elementor-element-ee06d6c e-con-full e-flex e-con e-parent\" data-id=\"ee06d6c\" data-element_type=\"container\" data-e-type=\"container\">\n\t\t<div class=\"elementor-element elementor-element-e886688 e-con-full e-flex e-con e-child\" data-id=\"e886688\" data-element_type=\"container\" data-e-type=\"container\" data-settings=\"{&quot;background_background&quot;:&quot;classic&quot;}\">\n\t\t<div class=\"elementor-element elementor-element-e7dc4b5 e-con-full e-flex e-con e-child\" data-id=\"e7dc4b5\" data-element_type=\"container\" data-e-type=\"container\">\n\t\t\t\t<div class=\"elementor-element elementor-element-f698d5f elementor-view-stacked e-transform elementor-shape-circle elementor-widget elementor-widget-icon\" data-id=\"f698d5f\" data-element_type=\"widget\" data-e-type=\"widget\" data-settings=\"{&quot;_transform_flipX_effect&quot;:&quot;transform&quot;}\" data-widget_type=\"icon.default\">\n\t\t\t\t<div class=\"elementor-widget-container\">\n\t\t\t\t\t\t\t<div class=\"elementor-icon-wrapper\">\n\t\t\t<div class=\"elementor-icon\">\n\t\t\t<i aria-hidden=\"true\" class=\"fas fa-thumbs-up\"><\/i>\t\t\t<\/div>\n\t\t<\/div>\n\t\t\t\t\t\t<\/div>\n\t\t\t\t<\/div>\n\t\t\t\t<div class=\"elementor-element elementor-element-5bc2de9 elementor-widget elementor-widget-heading\" data-id=\"5bc2de9\" data-element_type=\"widget\" data-e-type=\"widget\" data-widget_type=\"heading.default\">\n\t\t\t\t<div class=\"elementor-widget-container\">\n\t\t\t\t\t<h2 class=\"elementor-heading-title elementor-size-default\">Les avantages<\/h2>\t\t\t\t<\/div>\n\t\t\t\t<\/div>\n\t\t\t\t<\/div>\n\t\t\t\t<div class=\"elementor-element elementor-element-fbba145 elementor-widget elementor-widget-text-editor\" data-id=\"fbba145\" data-element_type=\"widget\" data-e-type=\"widget\" data-widget_type=\"text-editor.default\">\n\t\t\t\t<div class=\"elementor-widget-container\">\n\t\t\t\t\t\t\t\t\t<p><strong>ROBUSTES<\/strong><br \/>Durabilit\u00e9 maximale gr\u00e2ce aux mat\u00e9riaux et aux traitements de surface s\u00e9lectionn\u00e9s.<\/p><p class=\"normal\" style=\"margin: 12.0pt 0cm 12.0pt 0cm;\"><strong>PRATIQUES<\/strong><br \/>Compatibilit\u00e9 totale avec les plots, les crochets et les profil\u00e9s de structure Hammer Energy.<\/p>\t\t\t\t\t\t\t\t<\/div>\n\t\t\t\t<\/div>\n\t\t\t\t<\/div>\n\t\t\t\t<div class=\"elementor-element elementor-element-a111e8b elementor-align-justify elementor-widget elementor-widget-button\" data-id=\"a111e8b\" data-element_type=\"widget\" data-e-type=\"widget\" data-widget_type=\"button.default\">\n\t\t\t\t<div class=\"elementor-widget-container\">\n\t\t\t\t\t\t\t\t\t<div class=\"elementor-button-wrapper\">\n\t\t\t\t\t<a class=\"elementor-button elementor-button-link elementor-size-sm\" href=\"https:\/\/shop.hammer.biz\/fr\/63-accessoires-pour-photovoltaique?q=Cat%C3%A9gories-Composants+pour+photovolta%C3%AFque\">\n\t\t\t\t\t\t<span class=\"elementor-button-content-wrapper\">\n\t\t\t\t\t\t<span class=\"elementor-button-icon\">\n\t\t\t\t<i aria-hidden=\"true\" class=\"fas fa-shopping-cart\"><\/i>\t\t\t<\/span>\n\t\t\t\t\t\t\t\t\t<span class=\"elementor-button-text\">Acheter<\/span>\n\t\t\t\t\t<\/span>\n\t\t\t\t\t<\/a>\n\t\t\t\t<\/div>\n\t\t\t\t\t\t\t\t<\/div>\n\t\t\t\t<\/div>\n\t\t\t\t<\/div>\n\t\t<div class=\"elementor-element elementor-element-91e524d e-flex e-con-boxed e-con e-parent\" data-id=\"91e524d\" data-element_type=\"container\" data-e-type=\"container\">\n\t\t\t\t\t<div class=\"e-con-inner\">\n\t\t\t\t<div class=\"elementor-element elementor-element-5ba97fb elementor-widget elementor-widget-spacer\" data-id=\"5ba97fb\" data-element_type=\"widget\" data-e-type=\"widget\" data-widget_type=\"spacer.default\">\n\t\t\t\t<div class=\"elementor-widget-container\">\n\t\t\t\t\t\t\t<div class=\"elementor-spacer\">\n\t\t\t<div class=\"elementor-spacer-inner\"><\/div>\n\t\t<\/div>\n\t\t\t\t\t\t<\/div>\n\t\t\t\t<\/div>\n\t\t\t\t\t<\/div>\n\t\t\t\t<\/div>\n\t\t\t\t<\/div>\n\t\t","protected":false},"excerpt":{"rendered":"<p>I componenti del sistema I componenti I componenti per il sistema di struttura Hammer Energy sono pensati per l\u2019uso come complemento o come ricambio per i morsetti, le staffe e i profili di struttura del sistema. Viti per morsetti fotovoltaici Molle per morsetti fotovoltaici Camme per morsetti fotovoltaici Bulloneria per staffe e profili vantaggi RESISTENTIMassima &hellip; <\/p>\n<p class=\"link-more\"><a href=\"https:\/\/hammerenergy.solar\/fr\/les-composants\/\" class=\"more-link\">Lire la suite de<span class=\"screen-reader-text\">\u00ab\u00a0Les composants\u00a0\u00bb<\/span><\/a><\/p>\n","protected":false},"author":1,"featured_media":0,"parent":0,"menu_order":0,"comment_status":"closed","ping_status":"closed","template":"","meta":{"inspiro_hide_title":false,"footnotes":""},"class_list":["post-1562","page","type-page","status-publish","hentry"],"_links":{"self":[{"href":"https:\/\/hammerenergy.solar\/fr\/wp-json\/wp\/v2\/pages\/1562","targetHints":{"allow":["GET"]}}],"collection":[{"href":"https:\/\/hammerenergy.solar\/fr\/wp-json\/wp\/v2\/pages"}],"about":[{"href":"https:\/\/hammerenergy.solar\/fr\/wp-json\/wp\/v2\/types\/page"}],"author":[{"embeddable":true,"href":"https:\/\/hammerenergy.solar\/fr\/wp-json\/wp\/v2\/users\/1"}],"replies":[{"embeddable":true,"href":"https:\/\/hammerenergy.solar\/fr\/wp-json\/wp\/v2\/comments?post=1562"}],"version-history":[{"count":28,"href":"https:\/\/hammerenergy.solar\/fr\/wp-json\/wp\/v2\/pages\/1562\/revisions"}],"predecessor-version":[{"id":2732,"href":"https:\/\/hammerenergy.solar\/fr\/wp-json\/wp\/v2\/pages\/1562\/revisions\/2732"}],"wp:attachment":[{"href":"https:\/\/hammerenergy.solar\/fr\/wp-json\/wp\/v2\/media?parent=1562"}],"curies":[{"name":"wp","href":"https:\/\/api.w.org\/{rel}","templated":true}]}}