{"id":218,"date":"2023-09-04T12:37:30","date_gmt":"2023-09-04T10:37:30","guid":{"rendered":"https:\/\/hammerenergy.solar\/?page_id=218"},"modified":"2025-09-22T10:10:03","modified_gmt":"2025-09-22T08:10:03","slug":"azienda","status":"publish","type":"page","link":"https:\/\/hammerenergy.solar\/fr\/l-enterprise\/","title":{"rendered":"L'enterprise"},"content":{"rendered":"\t\t<div data-elementor-type=\"wp-page\" data-elementor-id=\"218\" class=\"elementor elementor-218\">\n\t\t\t\t<div class=\"elementor-element elementor-element-cca0e04 e-flex e-con-boxed e-con e-parent\" data-id=\"cca0e04\" data-element_type=\"container\" data-e-type=\"container\" data-settings=\"{&quot;background_background&quot;:&quot;classic&quot;}\">\n\t\t\t\t\t<div class=\"e-con-inner\">\n\t\t\t\t<div class=\"elementor-element elementor-element-70dc62e elementor-widget elementor-widget-heading\" data-id=\"70dc62e\" data-element_type=\"widget\" data-e-type=\"widget\" data-widget_type=\"heading.default\">\n\t\t\t\t<div class=\"elementor-widget-container\">\n\t\t\t\t\t<h2 class=\"elementor-heading-title elementor-size-default\">L'enterprise<\/h2>\t\t\t\t<\/div>\n\t\t\t\t<\/div>\n\t\t\t\t\t<\/div>\n\t\t\t\t<\/div>\n\t\t<div class=\"elementor-element elementor-element-e7a3f11 e-flex e-con-boxed e-con e-parent\" data-id=\"e7a3f11\" data-element_type=\"container\" data-e-type=\"container\">\n\t\t\t\t\t<div class=\"e-con-inner\">\n\t\t\t\t<div class=\"elementor-element elementor-element-681253d elementor-widget elementor-widget-menu-anchor\" data-id=\"681253d\" data-element_type=\"widget\" data-e-type=\"widget\" data-widget_type=\"menu-anchor.default\">\n\t\t\t\t<div class=\"elementor-widget-container\">\n\t\t\t\t\t\t\t<div class=\"elementor-menu-anchor\" id=\"chisiamo\"><\/div>\n\t\t\t\t\t\t<\/div>\n\t\t\t\t<\/div>\n\t\t\t\t<div class=\"elementor-element elementor-element-8b0282a elementor-widget elementor-widget-spacer\" data-id=\"8b0282a\" data-element_type=\"widget\" data-e-type=\"widget\" data-widget_type=\"spacer.default\">\n\t\t\t\t<div class=\"elementor-widget-container\">\n\t\t\t\t\t\t\t<div class=\"elementor-spacer\">\n\t\t\t<div class=\"elementor-spacer-inner\"><\/div>\n\t\t<\/div>\n\t\t\t\t\t\t<\/div>\n\t\t\t\t<\/div>\n\t\t\t\t<div class=\"elementor-element elementor-element-666298d elementor-widget elementor-widget-heading\" data-id=\"666298d\" data-element_type=\"widget\" data-e-type=\"widget\" data-widget_type=\"heading.default\">\n\t\t\t\t<div class=\"elementor-widget-container\">\n\t\t\t\t\t<h2 class=\"elementor-heading-title elementor-size-default\">Notre activit\u00e9<\/h2>\t\t\t\t<\/div>\n\t\t\t\t<\/div>\n\t\t\t\t<div class=\"elementor-element elementor-element-bc0111e elementor-widget elementor-widget-text-editor\" data-id=\"bc0111e\" data-element_type=\"widget\" data-e-type=\"widget\" data-widget_type=\"text-editor.default\">\n\t\t\t\t<div class=\"elementor-widget-container\">\n\t\t\t\t\t\t\t\t\t<p class=\"normal\"><span lang=\"it\">Hammer est <strong>une entreprise italienne<\/strong> qui op\u00e8re depuis 1972 \u00e0 Montegrosso d&rsquo;Asti (AT, Pi\u00e9mont). <\/span><\/p><p class=\"normal\"><span lang=\"it\">Nous avons une v\u00e9ritable passion pour l&rsquo;aluminium, avec lequel nous fabriquons tous nos produits: nous concevons, testons et produisons des accessoires pour portes et fen\u00eatres en aluminium depuis plus de 50 ans.<\/span><\/p><p class=\"normal\"><span lang=\"it\">Nous sommes sp\u00e9cialis\u00e9s dans le traitement m\u00e9canique de l&rsquo;aluminium extrud\u00e9 dans de nombreux secteurs industriels diff\u00e9rents: syst\u00e8mes a\u00e9rauliques (UTA), \u00e9lectronique, r\u00e9frig\u00e9ration, construction d&rsquo;installations et mobilier.<\/span><\/p><p class=\"normal\"><span lang=\"it\"><strong>Depuis 2011, nous sommes pr\u00e9sents dans le secteur des \u00e9nergies renouvelables<\/strong> avec la marque <strong>Hammer Energy:<\/strong> notre syst\u00e8me de sous-structure en aluminium et les composants du syst\u00e8me constituent des syst\u00e8mes photovolta\u00efques qui fournissent de l&rsquo;\u00e9nergie verte aux maisons et aux entreprises dans toute l&rsquo;Italie e l\u2019Europe.<\/span><\/p>\t\t\t\t\t\t\t\t<\/div>\n\t\t\t\t<\/div>\n\t\t<div class=\"elementor-element elementor-element-b7531a2 e-flex e-con-boxed e-con e-child\" data-id=\"b7531a2\" data-element_type=\"container\" data-e-type=\"container\">\n\t\t\t\t\t<div class=\"e-con-inner\">\n\t\t<div class=\"elementor-element elementor-element-bc8251e e-con-full e-flex e-con e-child\" data-id=\"bc8251e\" data-element_type=\"container\" data-e-type=\"container\">\n\t\t\t\t<div class=\"elementor-element elementor-element-b569ed5 elementor-widget elementor-widget-image\" data-id=\"b569ed5\" data-element_type=\"widget\" data-e-type=\"widget\" data-widget_type=\"image.default\">\n\t\t\t\t<div class=\"elementor-widget-container\">\n\t\t\t\t\t\t\t\t\t\t\t\t\t\t\t<img fetchpriority=\"high\" decoding=\"async\" width=\"950\" height=\"450\" src=\"https:\/\/hammerenergy.solar\/wp-content\/uploads\/Hammer-magazzino-profili-1024x485.jpg\" class=\"attachment-large size-large wp-image-802\" alt=\"\" srcset=\"https:\/\/hammerenergy.solar\/wp-content\/uploads\/Hammer-magazzino-profili-1024x485.jpg 1024w, https:\/\/hammerenergy.solar\/wp-content\/uploads\/Hammer-magazzino-profili-300x142.jpg 300w, https:\/\/hammerenergy.solar\/wp-content\/uploads\/Hammer-magazzino-profili-768x364.jpg 768w, https:\/\/hammerenergy.solar\/wp-content\/uploads\/Hammer-magazzino-profili-1536x728.jpg 1536w, https:\/\/hammerenergy.solar\/wp-content\/uploads\/Hammer-magazzino-profili.jpg 1920w\" sizes=\"100vw\" \/>\t\t\t\t\t\t\t\t\t\t\t\t\t\t\t<\/div>\n\t\t\t\t<\/div>\n\t\t\t\t<\/div>\n\t\t<div class=\"elementor-element elementor-element-da9c4cf e-con-full e-flex e-con e-child\" data-id=\"da9c4cf\" data-element_type=\"container\" data-e-type=\"container\">\n\t\t<div class=\"elementor-element elementor-element-fe66d87 e-flex e-con-boxed e-con e-child\" data-id=\"fe66d87\" data-element_type=\"container\" data-e-type=\"container\">\n\t\t\t\t\t<div class=\"e-con-inner\">\n\t\t\t\t<div class=\"elementor-element elementor-element-9f0a90b elementor-widget elementor-widget-image\" data-id=\"9f0a90b\" data-element_type=\"widget\" data-e-type=\"widget\" data-widget_type=\"image.default\">\n\t\t\t\t<div class=\"elementor-widget-container\">\n\t\t\t\t\t\t\t\t\t\t\t\t\t\t\t<img decoding=\"async\" width=\"950\" height=\"451\" src=\"https:\/\/hammerenergy.solar\/wp-content\/uploads\/Hammer_Veduta_Aerea-e1695128746157-1024x486.jpg\" class=\"attachment-large size-large wp-image-801\" alt=\"\" srcset=\"https:\/\/hammerenergy.solar\/wp-content\/uploads\/Hammer_Veduta_Aerea-e1695128746157-1024x486.jpg 1024w, https:\/\/hammerenergy.solar\/wp-content\/uploads\/Hammer_Veduta_Aerea-e1695128746157-300x143.jpg 300w, https:\/\/hammerenergy.solar\/wp-content\/uploads\/Hammer_Veduta_Aerea-e1695128746157-768x365.jpg 768w, https:\/\/hammerenergy.solar\/wp-content\/uploads\/Hammer_Veduta_Aerea-e1695128746157-1536x730.jpg 1536w, https:\/\/hammerenergy.solar\/wp-content\/uploads\/Hammer_Veduta_Aerea-e1695128746157.jpg 1920w\" sizes=\"100vw\" \/>\t\t\t\t\t\t\t\t\t\t\t\t\t\t\t<\/div>\n\t\t\t\t<\/div>\n\t\t\t\t\t<\/div>\n\t\t\t\t<\/div>\n\t\t\t\t<\/div>\n\t\t<div class=\"elementor-element elementor-element-2e8723d e-flex e-con-boxed e-con e-child\" data-id=\"2e8723d\" data-element_type=\"container\" data-e-type=\"container\">\n\t\t\t\t\t<div class=\"e-con-inner\">\n\t\t\t\t<div class=\"elementor-element elementor-element-2a20e55 elementor-widget elementor-widget-image\" data-id=\"2a20e55\" data-element_type=\"widget\" data-e-type=\"widget\" data-widget_type=\"image.default\">\n\t\t\t\t<div class=\"elementor-widget-container\">\n\t\t\t\t\t\t\t\t\t\t\t\t\t\t\t<img decoding=\"async\" src=\"https:\/\/hammerenergy.solar\/wp-content\/uploads\/elementor\/thumbs\/Foto-gruppo-Hammer-50-qcmuph01x9s7cp4n0op49o7mb56yrbrtx06523pmim.jpg\" title=\"Foto-gruppo-Hammer-50\" alt=\"Foto-gruppo-Hammer-50\" loading=\"lazy\" \/>\t\t\t\t\t\t\t\t\t\t\t\t\t\t\t<\/div>\n\t\t\t\t<\/div>\n\t\t\t\t\t<\/div>\n\t\t\t\t<\/div>\n\t\t<div class=\"elementor-element elementor-element-121eb35 e-flex e-con-boxed e-con e-child\" data-id=\"121eb35\" data-element_type=\"container\" data-e-type=\"container\">\n\t\t\t\t\t<div class=\"e-con-inner\">\n\t\t\t\t\t<\/div>\n\t\t\t\t<\/div>\n\t\t\t\t\t<\/div>\n\t\t\t\t<\/div>\n\t\t\t\t<div class=\"elementor-element elementor-element-03d8bec elementor-widget elementor-widget-menu-anchor\" data-id=\"03d8bec\" data-element_type=\"widget\" data-e-type=\"widget\" data-widget_type=\"menu-anchor.default\">\n\t\t\t\t<div class=\"elementor-widget-container\">\n\t\t\t\t\t\t\t<div class=\"elementor-menu-anchor\" id=\"qualita\"><\/div>\n\t\t\t\t\t\t<\/div>\n\t\t\t\t<\/div>\n\t\t\t\t<div class=\"elementor-element elementor-element-faef3eb elementor-widget elementor-widget-spacer\" data-id=\"faef3eb\" data-element_type=\"widget\" data-e-type=\"widget\" data-widget_type=\"spacer.default\">\n\t\t\t\t<div class=\"elementor-widget-container\">\n\t\t\t\t\t\t\t<div class=\"elementor-spacer\">\n\t\t\t<div class=\"elementor-spacer-inner\"><\/div>\n\t\t<\/div>\n\t\t\t\t\t\t<\/div>\n\t\t\t\t<\/div>\n\t\t\t\t<div class=\"elementor-element elementor-element-4a934e8 elementor-widget elementor-widget-heading\" data-id=\"4a934e8\" data-element_type=\"widget\" data-e-type=\"widget\" data-widget_type=\"heading.default\">\n\t\t\t\t<div class=\"elementor-widget-container\">\n\t\t\t\t\t<h2 class=\"elementor-heading-title elementor-size-default\">Qualit\u00e9<\/h2>\t\t\t\t<\/div>\n\t\t\t\t<\/div>\n\t\t\t\t<div class=\"elementor-element elementor-element-89710a7 elementor-widget elementor-widget-text-editor\" data-id=\"89710a7\" data-element_type=\"widget\" data-e-type=\"widget\" data-widget_type=\"text-editor.default\">\n\t\t\t\t<div class=\"elementor-widget-container\">\n\t\t\t\t\t\t\t\t\t<p>Nous nous effor\u00e7ons constamment d&rsquo;am\u00e9liorer nos processus internes afin de respecter des <strong>normes de qualit\u00e9 \u00e9lev\u00e9es<\/strong> et de proposer des solutions qui r\u00e9pondent aux exigences des clients.<\/p><p>Tous nos cycles de production sont projet\u00e9s pour assurer la <strong>tra\u00e7abilit\u00e9 compl\u00e8te<\/strong> du lot de production.<\/p><p>Notre syst\u00e8me de m\u00e9nagement de la qualit\u00e9 est certifi\u00e9 <strong>UNI EN ISO 9001:2015.<\/strong><\/p>\t\t\t\t\t\t\t\t<\/div>\n\t\t\t\t<\/div>\n\t\t<div class=\"elementor-element elementor-element-99b711e e-flex e-con-boxed e-con e-child\" data-id=\"99b711e\" data-element_type=\"container\" data-e-type=\"container\">\n\t\t\t\t\t<div class=\"e-con-inner\">\n\t\t<div class=\"elementor-element elementor-element-1fc030b e-con-full e-flex e-con e-child\" data-id=\"1fc030b\" data-element_type=\"container\" data-e-type=\"container\">\n\t\t\t\t<div class=\"elementor-element elementor-element-623ec6f elementor-widget elementor-widget-image\" data-id=\"623ec6f\" data-element_type=\"widget\" data-e-type=\"widget\" data-widget_type=\"image.default\">\n\t\t\t\t<div class=\"elementor-widget-container\">\n\t\t\t\t\t\t\t\t\t\t\t\t\t\t\t<img decoding=\"async\" width=\"595\" height=\"842\" src=\"https:\/\/hammerenergy.solar\/wp-content\/uploads\/POLITICA-QUALITA-2025.jpg\" class=\"attachment-large size-large wp-image-2060\" alt=\"\" srcset=\"https:\/\/hammerenergy.solar\/wp-content\/uploads\/POLITICA-QUALITA-2025.jpg 595w, https:\/\/hammerenergy.solar\/wp-content\/uploads\/POLITICA-QUALITA-2025-212x300.jpg 212w\" sizes=\"100vw\" \/>\t\t\t\t\t\t\t\t\t\t\t\t\t\t\t<\/div>\n\t\t\t\t<\/div>\n\t\t\t\t<div class=\"elementor-element elementor-element-53694e5 elementor-align-center elementor-widget elementor-widget-button\" data-id=\"53694e5\" data-element_type=\"widget\" data-e-type=\"widget\" data-widget_type=\"button.default\">\n\t\t\t\t<div class=\"elementor-widget-container\">\n\t\t\t\t\t\t\t\t\t<div class=\"elementor-button-wrapper\">\n\t\t\t\t\t<a class=\"elementor-button elementor-button-link elementor-size-sm\" href=\"https:\/\/hammerenergy.solar\/wp-content\/uploads\/politica-qualita-2025.pdf\">\n\t\t\t\t\t\t<span class=\"elementor-button-content-wrapper\">\n\t\t\t\t\t\t\t\t\t<span class=\"elementor-button-text\">T\u00e9l\u00e9charger PDF<\/span>\n\t\t\t\t\t<\/span>\n\t\t\t\t\t<\/a>\n\t\t\t\t<\/div>\n\t\t\t\t\t\t\t\t<\/div>\n\t\t\t\t<\/div>\n\t\t\t\t<\/div>\n\t\t<div class=\"elementor-element elementor-element-1f20f50 e-con-full e-flex e-con e-child\" data-id=\"1f20f50\" data-element_type=\"container\" data-e-type=\"container\">\n\t\t\t\t<div class=\"elementor-element elementor-element-362f541 elementor-widget elementor-widget-image\" data-id=\"362f541\" data-element_type=\"widget\" data-e-type=\"widget\" data-widget_type=\"image.default\">\n\t\t\t\t<div class=\"elementor-widget-container\">\n\t\t\t\t\t\t\t\t\t\t\t\t\t\t\t<img loading=\"lazy\" decoding=\"async\" width=\"472\" height=\"668\" src=\"https:\/\/hammerenergy.solar\/wp-content\/uploads\/hammer-IQNET.jpg\" class=\"attachment-large size-large wp-image-1370\" alt=\"\" srcset=\"https:\/\/hammerenergy.solar\/wp-content\/uploads\/hammer-IQNET.jpg 472w, https:\/\/hammerenergy.solar\/wp-content\/uploads\/hammer-IQNET-212x300.jpg 212w\" sizes=\"100vw\" \/>\t\t\t\t\t\t\t\t\t\t\t\t\t\t\t<\/div>\n\t\t\t\t<\/div>\n\t\t\t\t<div class=\"elementor-element elementor-element-2b38c40 elementor-align-center elementor-widget elementor-widget-button\" data-id=\"2b38c40\" data-element_type=\"widget\" data-e-type=\"widget\" data-widget_type=\"button.default\">\n\t\t\t\t<div class=\"elementor-widget-container\">\n\t\t\t\t\t\t\t\t\t<div class=\"elementor-button-wrapper\">\n\t\t\t\t\t<a class=\"elementor-button elementor-button-link elementor-size-sm\" href=\"https:\/\/hammerenergy.solar\/wp-content\/uploads\/hammer-iqnet.pdf\">\n\t\t\t\t\t\t<span class=\"elementor-button-content-wrapper\">\n\t\t\t\t\t\t\t\t\t<span class=\"elementor-button-text\">T\u00e9l\u00e9charger PDF<\/span>\n\t\t\t\t\t<\/span>\n\t\t\t\t\t<\/a>\n\t\t\t\t<\/div>\n\t\t\t\t\t\t\t\t<\/div>\n\t\t\t\t<\/div>\n\t\t\t\t<\/div>\n\t\t<div class=\"elementor-element elementor-element-7f62fa5 e-con-full e-flex e-con e-child\" data-id=\"7f62fa5\" data-element_type=\"container\" data-e-type=\"container\">\n\t\t\t\t<div class=\"elementor-element elementor-element-38bbd6f elementor-widget elementor-widget-image\" data-id=\"38bbd6f\" data-element_type=\"widget\" data-e-type=\"widget\" data-widget_type=\"image.default\">\n\t\t\t\t<div class=\"elementor-widget-container\">\n\t\t\t\t\t\t\t\t\t\t\t\t\t\t\t<img loading=\"lazy\" decoding=\"async\" width=\"472\" height=\"668\" src=\"https:\/\/hammerenergy.solar\/wp-content\/uploads\/hammer-RINA.jpg\" class=\"attachment-large size-large wp-image-1369\" alt=\"\" srcset=\"https:\/\/hammerenergy.solar\/wp-content\/uploads\/hammer-RINA.jpg 472w, https:\/\/hammerenergy.solar\/wp-content\/uploads\/hammer-RINA-212x300.jpg 212w\" sizes=\"100vw\" \/>\t\t\t\t\t\t\t\t\t\t\t\t\t\t\t<\/div>\n\t\t\t\t<\/div>\n\t\t\t\t<div class=\"elementor-element elementor-element-65b8dac elementor-align-center elementor-widget elementor-widget-button\" data-id=\"65b8dac\" data-element_type=\"widget\" data-e-type=\"widget\" data-widget_type=\"button.default\">\n\t\t\t\t<div class=\"elementor-widget-container\">\n\t\t\t\t\t\t\t\t\t<div class=\"elementor-button-wrapper\">\n\t\t\t\t\t<a class=\"elementor-button elementor-button-link elementor-size-sm\" href=\"https:\/\/hammerenergy.solar\/wp-content\/uploads\/hammer-rina.pdf\">\n\t\t\t\t\t\t<span class=\"elementor-button-content-wrapper\">\n\t\t\t\t\t\t\t\t\t<span class=\"elementor-button-text\">T\u00e9l\u00e9charger PDF<\/span>\n\t\t\t\t\t<\/span>\n\t\t\t\t\t<\/a>\n\t\t\t\t<\/div>\n\t\t\t\t\t\t\t\t<\/div>\n\t\t\t\t<\/div>\n\t\t\t\t<\/div>\n\t\t\t\t\t<\/div>\n\t\t\t\t<\/div>\n\t\t\t\t\t<\/div>\n\t\t\t\t<\/div>\n\t\t<div class=\"elementor-element elementor-element-398b02e e-flex e-con-boxed e-con e-parent\" data-id=\"398b02e\" data-element_type=\"container\" data-e-type=\"container\">\n\t\t\t\t\t<div class=\"e-con-inner\">\n\t\t\t\t<div class=\"elementor-element elementor-element-02971b1 elementor-widget elementor-widget-spacer\" data-id=\"02971b1\" data-element_type=\"widget\" data-e-type=\"widget\" data-widget_type=\"spacer.default\">\n\t\t\t\t<div class=\"elementor-widget-container\">\n\t\t\t\t\t\t\t<div class=\"elementor-spacer\">\n\t\t\t<div class=\"elementor-spacer-inner\"><\/div>\n\t\t<\/div>\n\t\t\t\t\t\t<\/div>\n\t\t\t\t<\/div>\n\t\t\t\t\t<\/div>\n\t\t\t\t<\/div>\n\t\t\t\t<\/div>\n\t\t","protected":false},"excerpt":{"rendered":"<p>l&rsquo;azienda chi siamo Hammer \u00e8 un\u2019azienda italiana che opera dal 1972 a Montegrosso d\u2019Asti (AT) in Piemonte. Abbiamo una vera passione per l\u2019alluminio, con cui realizziamo tutti i nostri prodotti: progettiamo, testiamo e produciamo accessori per serramenti in alluminio da oltre 50 anni.\u00a0 Siamo specializzati nelle lavorazioni meccaniche dell&rsquo;alluminio estruso in numerosi altri settori industriali: &hellip; <\/p>\n<p class=\"link-more\"><a href=\"https:\/\/hammerenergy.solar\/fr\/l-enterprise\/\" class=\"more-link\">Lire la suite de<span class=\"screen-reader-text\">\u00ab\u00a0L&rsquo;enterprise\u00a0\u00bb<\/span><\/a><\/p>\n","protected":false},"author":1,"featured_media":0,"parent":0,"menu_order":0,"comment_status":"closed","ping_status":"closed","template":"","meta":{"inspiro_hide_title":false,"footnotes":""},"class_list":["post-218","page","type-page","status-publish","hentry"],"_links":{"self":[{"href":"https:\/\/hammerenergy.solar\/fr\/wp-json\/wp\/v2\/pages\/218","targetHints":{"allow":["GET"]}}],"collection":[{"href":"https:\/\/hammerenergy.solar\/fr\/wp-json\/wp\/v2\/pages"}],"about":[{"href":"https:\/\/hammerenergy.solar\/fr\/wp-json\/wp\/v2\/types\/page"}],"author":[{"embeddable":true,"href":"https:\/\/hammerenergy.solar\/fr\/wp-json\/wp\/v2\/users\/1"}],"replies":[{"embeddable":true,"href":"https:\/\/hammerenergy.solar\/fr\/wp-json\/wp\/v2\/comments?post=218"}],"version-history":[{"count":117,"href":"https:\/\/hammerenergy.solar\/fr\/wp-json\/wp\/v2\/pages\/218\/revisions"}],"predecessor-version":[{"id":2472,"href":"https:\/\/hammerenergy.solar\/fr\/wp-json\/wp\/v2\/pages\/218\/revisions\/2472"}],"wp:attachment":[{"href":"https:\/\/hammerenergy.solar\/fr\/wp-json\/wp\/v2\/media?parent=218"}],"curies":[{"name":"wp","href":"https:\/\/api.w.org\/{rel}","templated":true}]}}