{"id":896,"date":"2023-09-20T11:09:03","date_gmt":"2023-09-20T09:09:03","guid":{"rendered":"https:\/\/hammerenergy.solar\/?page_id=896"},"modified":"2025-09-22T17:08:47","modified_gmt":"2025-09-22T15:08:47","slug":"sostenibilita","status":"publish","type":"page","link":"https:\/\/hammerenergy.solar\/fr\/developpement-durable\/","title":{"rendered":" D\u00e9veloppement durable"},"content":{"rendered":"\t\t<div data-elementor-type=\"wp-page\" data-elementor-id=\"896\" class=\"elementor elementor-896\">\n\t\t\t\t<div class=\"elementor-element elementor-element-cca0e04 e-flex e-con-boxed e-con e-parent\" data-id=\"cca0e04\" data-element_type=\"container\" data-e-type=\"container\" data-settings=\"{&quot;background_background&quot;:&quot;classic&quot;}\">\n\t\t\t\t\t<div class=\"e-con-inner\">\n\t\t\t\t<div class=\"elementor-element elementor-element-70dc62e elementor-widget elementor-widget-heading\" data-id=\"70dc62e\" data-element_type=\"widget\" data-e-type=\"widget\" data-widget_type=\"heading.default\">\n\t\t\t\t<div class=\"elementor-widget-container\">\n\t\t\t\t\t<h2 class=\"elementor-heading-title elementor-size-default\">D\u00e9veloppement durable<\/h2>\t\t\t\t<\/div>\n\t\t\t\t<\/div>\n\t\t\t\t\t<\/div>\n\t\t\t\t<\/div>\n\t\t<div class=\"elementor-element elementor-element-e7a3f11 e-flex e-con-boxed e-con e-parent\" data-id=\"e7a3f11\" data-element_type=\"container\" data-e-type=\"container\">\n\t\t\t\t\t<div class=\"e-con-inner\">\n\t\t\t\t<div class=\"elementor-element elementor-element-8b0282a elementor-widget elementor-widget-spacer\" data-id=\"8b0282a\" data-element_type=\"widget\" data-e-type=\"widget\" data-widget_type=\"spacer.default\">\n\t\t\t\t<div class=\"elementor-widget-container\">\n\t\t\t\t\t\t\t<div class=\"elementor-spacer\">\n\t\t\t<div class=\"elementor-spacer-inner\"><\/div>\n\t\t<\/div>\n\t\t\t\t\t\t<\/div>\n\t\t\t\t<\/div>\n\t\t\t\t<div class=\"elementor-element elementor-element-bc0111e elementor-widget elementor-widget-text-editor\" data-id=\"bc0111e\" data-element_type=\"widget\" data-e-type=\"widget\" data-widget_type=\"text-editor.default\">\n\t\t\t\t<div class=\"elementor-widget-container\">\n\t\t\t\t\t\t\t\t\t<p>Hammer op\u00e8re depuis plus de 50 ans dans le secteur de la construction durable: nous concevons et fabriquons des accessoires utilis\u00e9s pour l&rsquo;assemblage de <strong>menuiseries en aluminium \u00e0 haute efficacit\u00e9 \u00e9nerg\u00e9tique<\/strong> et pour la r\u00e9alisation d&rsquo;<strong>installations photovolta\u00efques<\/strong>.<\/p>\t\t\t\t\t\t\t\t<\/div>\n\t\t\t\t<\/div>\n\t\t\t\t<div class=\"elementor-element elementor-element-61e7d80 elementor-widget elementor-widget-image\" data-id=\"61e7d80\" data-element_type=\"widget\" data-e-type=\"widget\" data-widget_type=\"image.default\">\n\t\t\t\t<div class=\"elementor-widget-container\">\n\t\t\t\t\t\t\t\t\t\t\t\t\t\t\t<img fetchpriority=\"high\" decoding=\"async\" width=\"626\" height=\"147\" src=\"https:\/\/hammerenergy.solar\/wp-content\/uploads\/Hammer_Ecolution_2025.png\" class=\"attachment-large size-large wp-image-2189\" alt=\"\" srcset=\"https:\/\/hammerenergy.solar\/wp-content\/uploads\/Hammer_Ecolution_2025.png 626w, https:\/\/hammerenergy.solar\/wp-content\/uploads\/Hammer_Ecolution_2025-300x70.png 300w\" sizes=\"100vw\" \/>\t\t\t\t\t\t\t\t\t\t\t\t\t\t\t<\/div>\n\t\t\t\t<\/div>\n\t\t\t\t<div class=\"elementor-element elementor-element-ff045fe elementor-widget elementor-widget-text-editor\" data-id=\"ff045fe\" data-element_type=\"widget\" data-e-type=\"widget\" data-widget_type=\"text-editor.default\">\n\t\t\t\t<div class=\"elementor-widget-container\">\n\t\t\t\t\t\t\t\t\t<h2>De plus, nous nous engageons chaque jour dans nos usines en mettant en \u0153uvre les 10 points du Programme de d\u00e9veloppement durable d&rsquo;entreprise ECOLUTION by HAMMER :<\/h2><ul><li><strong>Nous recyclons tous les d\u00e9chets <\/strong>de nos processus de production: aluminium, acier, papier et bois.<\/li><li><strong>Nous traitons les eaux<\/strong> de notre installation de vibro-finition, en r\u00e9utilisant 90% en cycle ferm\u00e9.<\/li><li><strong>Nous produisons de l&rsquo;\u00e9nergie verte <\/strong>gr\u00e2ce aux installations photovolta\u00efques install\u00e9es sur les toits de nos b\u00e2timents d&rsquo;entreprise <br \/>(en 2024, <strong>42% de l&rsquo;\u00e9lectricit\u00e9 <\/strong>consomm\u00e9e \u00e9tait <strong>autoproduite<\/strong>).<\/li><li><strong>Nous limitons l&rsquo;utilisation d&rsquo;huile<\/strong>, de graisse et de solvants sur nos lignes de production.<\/li><li>A la place du papier, nous utilisons des <strong>chiffons techniques r\u00e9utilisables<\/strong> (tissus absorbants conformes \u00e0 la norme DIN 61651) pour le nettoyage des machines.<\/li><li><strong>Nous choisissons des partenaires qualifi\u00e9s<\/strong> qui op\u00e8rent selon nos m\u00eames principes.<\/li><li>Nous pratiquons quotidiennement le <strong>tri s\u00e9lectif des d\u00e9chets<\/strong>, tant au travail qu&rsquo;\u00e0 la maison.<\/li><li>Nous encourageons l&rsquo;utilisation d&rsquo;<strong>outils de communication \u00e0 distance<\/strong> pour r\u00e9duire les d\u00e9placements de notre \u00e9quipe commerciale (visioconf\u00e9rence, catalogues au format num\u00e9rique, assistance \u00e0 distance, etc.).<\/li><li>Nous utilisons uniquement des <strong>chariots \u00e9l\u00e9vateurs \u00e9lectriques<\/strong>.<\/li><li>Notre flotte de v\u00e9hicules d&rsquo;entreprise est compos\u00e9e de plus en plus de <strong>voitures BEV<\/strong> (v\u00e9hicules \u00e9lectriques \u00e0 batterie).<\/li><\/ul><ol><li style=\"list-style-type: none;\">\u00a0<\/li><\/ol>\t\t\t\t\t\t\t\t<\/div>\n\t\t\t\t<\/div>\n\t\t<div class=\"elementor-element elementor-element-f70cdd9 e-con-full e-flex e-con e-child\" data-id=\"f70cdd9\" data-element_type=\"container\" data-e-type=\"container\">\n\t\t<div class=\"elementor-element elementor-element-35bef2d e-con-full e-flex e-con e-child\" data-id=\"35bef2d\" data-element_type=\"container\" data-e-type=\"container\">\n\t\t\t\t<div class=\"elementor-element elementor-element-7179802 elementor-widget elementor-widget-image\" data-id=\"7179802\" data-element_type=\"widget\" data-e-type=\"widget\" data-widget_type=\"image.default\">\n\t\t\t\t<div class=\"elementor-widget-container\">\n\t\t\t\t\t\t\t\t\t\t\t\t\t\t\t<img decoding=\"async\" width=\"800\" height=\"800\" src=\"https:\/\/hammerenergy.solar\/wp-content\/uploads\/Sostenibilita_01.jpg\" class=\"attachment-large size-large wp-image-2190\" alt=\"\" srcset=\"https:\/\/hammerenergy.solar\/wp-content\/uploads\/Sostenibilita_01.jpg 800w, https:\/\/hammerenergy.solar\/wp-content\/uploads\/Sostenibilita_01-300x300.jpg 300w, https:\/\/hammerenergy.solar\/wp-content\/uploads\/Sostenibilita_01-150x150.jpg 150w\" sizes=\"100vw\" \/>\t\t\t\t\t\t\t\t\t\t\t\t\t\t\t<\/div>\n\t\t\t\t<\/div>\n\t\t\t\t<\/div>\n\t\t<div class=\"elementor-element elementor-element-78a5b17 e-con-full e-flex e-con e-child\" data-id=\"78a5b17\" data-element_type=\"container\" data-e-type=\"container\">\n\t\t\t\t<div class=\"elementor-element elementor-element-7d3b1d7 elementor-widget elementor-widget-image\" data-id=\"7d3b1d7\" data-element_type=\"widget\" data-e-type=\"widget\" data-widget_type=\"image.default\">\n\t\t\t\t<div class=\"elementor-widget-container\">\n\t\t\t\t\t\t\t\t\t\t\t\t\t\t\t<img decoding=\"async\" width=\"800\" height=\"800\" src=\"https:\/\/hammerenergy.solar\/wp-content\/uploads\/Sostenibilita_03.jpg\" class=\"attachment-large size-large wp-image-2192\" alt=\"\" srcset=\"https:\/\/hammerenergy.solar\/wp-content\/uploads\/Sostenibilita_03.jpg 800w, https:\/\/hammerenergy.solar\/wp-content\/uploads\/Sostenibilita_03-300x300.jpg 300w, https:\/\/hammerenergy.solar\/wp-content\/uploads\/Sostenibilita_03-150x150.jpg 150w\" sizes=\"100vw\" \/>\t\t\t\t\t\t\t\t\t\t\t\t\t\t\t<\/div>\n\t\t\t\t<\/div>\n\t\t\t\t<\/div>\n\t\t<div class=\"elementor-element elementor-element-5e933c2 e-con-full e-flex e-con e-child\" data-id=\"5e933c2\" data-element_type=\"container\" data-e-type=\"container\">\n\t\t\t\t<div class=\"elementor-element elementor-element-6dd8029 elementor-widget elementor-widget-image\" data-id=\"6dd8029\" data-element_type=\"widget\" data-e-type=\"widget\" data-widget_type=\"image.default\">\n\t\t\t\t<div class=\"elementor-widget-container\">\n\t\t\t\t\t\t\t\t\t\t\t\t\t\t\t<img loading=\"lazy\" decoding=\"async\" width=\"800\" height=\"800\" src=\"https:\/\/hammerenergy.solar\/wp-content\/uploads\/Sostenibilita_02.jpg\" class=\"attachment-large size-large wp-image-2191\" alt=\"\" srcset=\"https:\/\/hammerenergy.solar\/wp-content\/uploads\/Sostenibilita_02.jpg 800w, https:\/\/hammerenergy.solar\/wp-content\/uploads\/Sostenibilita_02-300x300.jpg 300w, https:\/\/hammerenergy.solar\/wp-content\/uploads\/Sostenibilita_02-150x150.jpg 150w\" sizes=\"100vw\" \/>\t\t\t\t\t\t\t\t\t\t\t\t\t\t\t<\/div>\n\t\t\t\t<\/div>\n\t\t\t\t<\/div>\n\t\t\t\t<\/div>\n\t\t\t\t<div class=\"elementor-element elementor-element-faef3eb elementor-widget elementor-widget-spacer\" data-id=\"faef3eb\" data-element_type=\"widget\" data-e-type=\"widget\" data-widget_type=\"spacer.default\">\n\t\t\t\t<div class=\"elementor-widget-container\">\n\t\t\t\t\t\t\t<div class=\"elementor-spacer\">\n\t\t\t<div class=\"elementor-spacer-inner\"><\/div>\n\t\t<\/div>\n\t\t\t\t\t\t<\/div>\n\t\t\t\t<\/div>\n\t\t\t\t\t<\/div>\n\t\t\t\t<\/div>\n\t\t\t\t<\/div>\n\t\t","protected":false},"excerpt":{"rendered":"<p>Sostenibilit\u00e0 Hammer opera da oltre 50 anni nel settore dell\u2019edilizia sostenibile: progettiamo e produciamo componenti impiegati per l\u2019assemblaggio di serramenti in allumino ad alta efficienza energetica e per la realizzazione di impianti per energia fotovoltaica. Ci impegniamo tutti i giorni nei nostri stabilimenti attuando i 10 punti del Programma di sostenibilit\u00e0 aziendale ECOLUTION by HAMMER: &hellip; <\/p>\n<p class=\"link-more\"><a href=\"https:\/\/hammerenergy.solar\/fr\/developpement-durable\/\" class=\"more-link\">Lire la suite de<span class=\"screen-reader-text\">\u00ab\u00a0 D\u00e9veloppement durable\u00a0\u00bb<\/span><\/a><\/p>\n","protected":false},"author":1,"featured_media":0,"parent":0,"menu_order":0,"comment_status":"closed","ping_status":"closed","template":"","meta":{"inspiro_hide_title":false,"footnotes":""},"class_list":["post-896","page","type-page","status-publish","hentry"],"_links":{"self":[{"href":"https:\/\/hammerenergy.solar\/fr\/wp-json\/wp\/v2\/pages\/896","targetHints":{"allow":["GET"]}}],"collection":[{"href":"https:\/\/hammerenergy.solar\/fr\/wp-json\/wp\/v2\/pages"}],"about":[{"href":"https:\/\/hammerenergy.solar\/fr\/wp-json\/wp\/v2\/types\/page"}],"author":[{"embeddable":true,"href":"https:\/\/hammerenergy.solar\/fr\/wp-json\/wp\/v2\/users\/1"}],"replies":[{"embeddable":true,"href":"https:\/\/hammerenergy.solar\/fr\/wp-json\/wp\/v2\/comments?post=896"}],"version-history":[{"count":40,"href":"https:\/\/hammerenergy.solar\/fr\/wp-json\/wp\/v2\/pages\/896\/revisions"}],"predecessor-version":[{"id":2509,"href":"https:\/\/hammerenergy.solar\/fr\/wp-json\/wp\/v2\/pages\/896\/revisions\/2509"}],"wp:attachment":[{"href":"https:\/\/hammerenergy.solar\/fr\/wp-json\/wp\/v2\/media?parent=896"}],"curies":[{"name":"wp","href":"https:\/\/api.w.org\/{rel}","templated":true}]}}