{"id":1232,"date":"2024-09-17T11:02:13","date_gmt":"2024-09-17T09:02:13","guid":{"rendered":"https:\/\/hammerenergy.solar\/?page_id=1232"},"modified":"2025-03-25T11:10:15","modified_gmt":"2025-03-25T10:10:15","slug":"news","status":"publish","type":"page","link":"https:\/\/hammerenergy.solar\/ro\/news\/","title":{"rendered":"News"},"content":{"rendered":"\t\t<div data-elementor-type=\"wp-page\" data-elementor-id=\"1232\" class=\"elementor elementor-1232\">\n\t\t\t\t<div class=\"elementor-element elementor-element-cca0e04 e-flex e-con-boxed e-con e-parent\" data-id=\"cca0e04\" data-element_type=\"container\" data-e-type=\"container\" data-settings=\"{&quot;background_background&quot;:&quot;classic&quot;}\">\n\t\t\t\t\t<div class=\"e-con-inner\">\n\t\t\t\t<div class=\"elementor-element elementor-element-70dc62e elementor-widget elementor-widget-heading\" data-id=\"70dc62e\" data-element_type=\"widget\" data-e-type=\"widget\" data-widget_type=\"heading.default\">\n\t\t\t\t<div class=\"elementor-widget-container\">\n\t\t\t\t\t<h2 class=\"elementor-heading-title elementor-size-default\">News<\/h2>\t\t\t\t<\/div>\n\t\t\t\t<\/div>\n\t\t\t\t\t<\/div>\n\t\t\t\t<\/div>\n\t\t<div class=\"elementor-element elementor-element-e7a3f11 e-flex e-con-boxed e-con e-parent\" data-id=\"e7a3f11\" data-element_type=\"container\" data-e-type=\"container\">\n\t\t\t\t\t<div class=\"e-con-inner\">\n\t\t\t\t<div class=\"elementor-element elementor-element-8b0282a elementor-widget elementor-widget-spacer\" data-id=\"8b0282a\" data-element_type=\"widget\" data-e-type=\"widget\" data-widget_type=\"spacer.default\">\n\t\t\t\t<div class=\"elementor-widget-container\">\n\t\t\t\t\t\t\t<div class=\"elementor-spacer\">\n\t\t\t<div class=\"elementor-spacer-inner\"><\/div>\n\t\t<\/div>\n\t\t\t\t\t\t<\/div>\n\t\t\t\t<\/div>\n\t\t\t\t<div class=\"elementor-element elementor-element-cf5e501 elementor-grid-eael-col-2 elementor-grid-tablet-eael-col-2 elementor-grid-mobile-eael-col-1 elementor-widget elementor-widget-eael-post-grid\" data-id=\"cf5e501\" data-element_type=\"widget\" data-e-type=\"widget\" data-settings=\"{&quot;eael_post_grid_columns&quot;:&quot;eael-col-2&quot;,&quot;eael_post_grid_columns_tablet&quot;:&quot;eael-col-2&quot;,&quot;eael_post_grid_columns_mobile&quot;:&quot;eael-col-1&quot;}\" data-widget_type=\"eael-post-grid.default\">\n\t\t\t\t<div class=\"elementor-widget-container\">\n\t\t\t\t\t<div id=\"eael-post-grid-cf5e501\" class=\"eael-post-grid-container\">\n            <div class=\"eael-post-grid eael-post-appender eael-post-appender-cf5e501 eael-post-grid-style-one\" data-layout-mode=\"grid\"><article class=\"eael-grid-post  eael-post-grid-column eael-pg-post-2921 category-news\" data-id=\"2921\">\n        <div class=\"eael-grid-post-holder\">\n            <div class=\"eael-grid-post-holder-inner\"><div class=\"eael-entry-media\"><div class=\"eael-entry-overlay fade-in\"><i class=\"fas fa-link\" aria-hidden=\"true\"><\/i><a href=\"https:\/\/hammerenergy.solar\/ro\/noul-catalog-hammer-energy-este-online\/\"><\/a><\/div><div class=\"eael-entry-thumbnail eael-image-ratio\">\n                <img fetchpriority=\"high\" decoding=\"async\" width=\"1920\" height=\"1280\" src=\"https:\/\/hammerenergy.solar\/wp-content\/uploads\/CatalogoFotovoltaico_Mockup2026.jpg\" class=\"attachment-full size-full wp-image-2885\" alt=\"\" srcset=\"https:\/\/hammerenergy.solar\/wp-content\/uploads\/CatalogoFotovoltaico_Mockup2026.jpg 1920w, https:\/\/hammerenergy.solar\/wp-content\/uploads\/CatalogoFotovoltaico_Mockup2026-300x200.jpg 300w, https:\/\/hammerenergy.solar\/wp-content\/uploads\/CatalogoFotovoltaico_Mockup2026-1024x683.jpg 1024w, https:\/\/hammerenergy.solar\/wp-content\/uploads\/CatalogoFotovoltaico_Mockup2026-1536x1024.jpg 1536w\" sizes=\"(max-width: 1920px) 100vw, 1920px\" \/>\n            <\/div>\n        <\/div><div class=\"eael-entry-wrapper\"><header class=\"eael-entry-header\"><h2 class=\"eael-entry-title\"><a class=\"eael-grid-post-link\" href=\"https:\/\/hammerenergy.solar\/ro\/noul-catalog-hammer-energy-este-online\/\" title=\"Noul catalog Hammer Energy este online!\">Noul catalog Hammer Energy este online!<\/a><\/h2><\/header><div class=\"eael-entry-header-after\"><div class=\"eael-entry-meta\"><span class=\"eael-posted-on\"><time datetime=\"23 februarie 2026\">23 februarie 2026<\/time><\/span><\/div><\/div><div class=\"eael-entry-content\">\n                        <div class=\"eael-grid-post-excerpt\"><p>Noul catalog Hammer Energy este online! Suntem bucuro\u0219i s\u0103 anun\u021b\u0103m c\u0103 noul nostru catalog 2026 este acum disponibil online, plin de actualiz\u0103ri, solu\u021bii noi \u0219i...<\/p><\/div>\n                    <\/div><\/div><\/div>\n        <\/div>\n    <\/article><article class=\"eael-grid-post  eael-post-grid-column eael-pg-post-2875 category-news\" data-id=\"2875\">\n        <div class=\"eael-grid-post-holder\">\n            <div class=\"eael-grid-post-holder-inner\"><div class=\"eael-entry-media\"><div class=\"eael-entry-overlay fade-in\"><i class=\"fas fa-link\" aria-hidden=\"true\"><\/i><a href=\"https:\/\/hammerenergy.solar\/ro\/in-perioada-4-6-martie-va-asteptam-la-key-the-energy-transition-expo-la-rimini\/\"><\/a><\/div><div class=\"eael-entry-thumbnail eael-image-ratio\">\n                <img decoding=\"async\" width=\"550\" height=\"200\" src=\"https:\/\/hammerenergy.solar\/wp-content\/uploads\/Foto-news-Key.png\" class=\"attachment-full size-full wp-image-2849\" alt=\"\" srcset=\"https:\/\/hammerenergy.solar\/wp-content\/uploads\/Foto-news-Key.png 550w, https:\/\/hammerenergy.solar\/wp-content\/uploads\/Foto-news-Key-300x109.png 300w\" sizes=\"(max-width: 550px) 100vw, 550px\" \/>\n            <\/div>\n        <\/div><div class=\"eael-entry-wrapper\"><header class=\"eael-entry-header\"><h2 class=\"eael-entry-title\"><a class=\"eael-grid-post-link\" href=\"https:\/\/hammerenergy.solar\/ro\/in-perioada-4-6-martie-va-asteptam-la-key-the-energy-transition-expo-la-rimini\/\" title=\"\u00cen perioada 4\u20136 martie, v\u0103 a\u0219tept\u0103m la KEY \u2013 The Energy Transition Expo, la Rimini\">\u00cen perioada 4\u20136 martie, v\u0103 a\u0219tept\u0103m la KEY \u2013 The Energy Transition Expo, la Rimini<\/a><\/h2><\/header><div class=\"eael-entry-header-after\"><div class=\"eael-entry-meta\"><span class=\"eael-posted-on\"><time datetime=\"20 februarie 2026\">20 februarie 2026<\/time><\/span><\/div><\/div><div class=\"eael-entry-content\">\n                        <div class=\"eael-grid-post-excerpt\"><p>\u00cen perioada 4\u20136 martie, v\u0103 a\u0219tept\u0103m la KEY \u2013 The Energy Transition Expo, la Rimini Suntem bucuro\u0219i s\u0103 anun\u021b\u0103m participarea noastr\u0103, pentru al doilea an...<\/p><\/div>\n                    <\/div><\/div><\/div>\n        <\/div>\n    <\/article><article class=\"eael-grid-post  eael-post-grid-column eael-pg-post-2825 category-news\" data-id=\"2825\">\n        <div class=\"eael-grid-post-holder\">\n            <div class=\"eael-grid-post-holder-inner\"><div class=\"eael-entry-media\"><div class=\"eael-entry-overlay fade-in\"><i class=\"fas fa-link\" aria-hidden=\"true\"><\/i><a href=\"https:\/\/hammerenergy.solar\/ro\/vizitati-ne-la-targul-made-expola-rho-milano-in-perioada-19-22-noiembrie\/\"><\/a><\/div><div class=\"eael-entry-thumbnail eael-image-ratio\">\n                <img decoding=\"async\" width=\"650\" height=\"220\" src=\"https:\/\/hammerenergy.solar\/wp-content\/uploads\/Hammer_MadeExpo_Banner_A.jpg\" class=\"attachment-full size-full wp-image-2799\" alt=\"\" srcset=\"https:\/\/hammerenergy.solar\/wp-content\/uploads\/Hammer_MadeExpo_Banner_A.jpg 650w, https:\/\/hammerenergy.solar\/wp-content\/uploads\/Hammer_MadeExpo_Banner_A-300x102.jpg 300w\" sizes=\"(max-width: 650px) 100vw, 650px\" \/>\n            <\/div>\n        <\/div><div class=\"eael-entry-wrapper\"><header class=\"eael-entry-header\"><h2 class=\"eael-entry-title\"><a class=\"eael-grid-post-link\" href=\"https:\/\/hammerenergy.solar\/ro\/vizitati-ne-la-targul-made-expola-rho-milano-in-perioada-19-22-noiembrie\/\" title=\"Vizita\u021bi-ne la t\u00e2rgul made expola Rho (Milano) \u00een perioada 19-22 noiembrie\">Vizita\u021bi-ne la t\u00e2rgul made expola Rho (Milano) \u00een perioada 19-22 noiembrie<\/a><\/h2><\/header><div class=\"eael-entry-header-after\"><div class=\"eael-entry-meta\"><span class=\"eael-posted-on\"><time datetime=\"10 noiembrie 2025\">10 noiembrie 2025<\/time><\/span><\/div><\/div><div class=\"eael-entry-content\">\n                        <div class=\"eael-grid-post-excerpt\"><p>Vizita\u021bi-ne la t\u00e2rgul made expola Rho (Milano) \u00een perioada 19-22 noiembrie Suntem \u00eenc\u00e2nta\u021bi s\u0103 anun\u021b\u0103m c\u0103 vom participa la Made Expo, evenimentul de top pentru...<\/p><\/div>\n                    <\/div><\/div><\/div>\n        <\/div>\n    <\/article><article class=\"eael-grid-post  eael-post-grid-column eael-pg-post-2736 category-news\" data-id=\"2736\">\n        <div class=\"eael-grid-post-holder\">\n            <div class=\"eael-grid-post-holder-inner\"><div class=\"eael-entry-media\"><div class=\"eael-entry-overlay fade-in\"><i class=\"fas fa-link\" aria-hidden=\"true\"><\/i><a href=\"https:\/\/hammerenergy.solar\/ro\/hammer-energy-a-roenergy-2025-timisoara\/\"><\/a><\/div><div class=\"eael-entry-thumbnail eael-image-ratio\">\n                <img loading=\"lazy\" decoding=\"async\" width=\"2560\" height=\"1596\" src=\"https:\/\/hammerenergy.solar\/wp-content\/uploads\/RoEnergy-scaled.jpg\" class=\"attachment-full size-full wp-image-2346\" alt=\"\" srcset=\"https:\/\/hammerenergy.solar\/wp-content\/uploads\/RoEnergy-scaled.jpg 2560w, https:\/\/hammerenergy.solar\/wp-content\/uploads\/RoEnergy-300x187.jpg 300w, https:\/\/hammerenergy.solar\/wp-content\/uploads\/RoEnergy-1024x638.jpg 1024w, https:\/\/hammerenergy.solar\/wp-content\/uploads\/RoEnergy-2000x1247.jpg 2000w, https:\/\/hammerenergy.solar\/wp-content\/uploads\/RoEnergy-scaled-1536x958.jpg 1536w, https:\/\/hammerenergy.solar\/wp-content\/uploads\/RoEnergy-scaled-2048x1277.jpg 2048w\" sizes=\"(max-width: 2560px) 100vw, 2560px\" \/>\n            <\/div>\n        <\/div><div class=\"eael-entry-wrapper\"><header class=\"eael-entry-header\"><h2 class=\"eael-entry-title\"><a class=\"eael-grid-post-link\" href=\"https:\/\/hammerenergy.solar\/ro\/hammer-energy-a-roenergy-2025-timisoara\/\" title=\"Hammer Energy a RoEnergy 2025 (Timisoara)\">Hammer Energy a RoEnergy 2025 (Timisoara)<\/a><\/h2><\/header><div class=\"eael-entry-header-after\"><div class=\"eael-entry-meta\"><span class=\"eael-posted-on\"><time datetime=\"25 septembrie 2025\">25 septembrie 2025<\/time><\/span><\/div><\/div><div class=\"eael-entry-content\">\n                        <div class=\"eael-grid-post-excerpt\"><p>Hammer energy la t\u00e2rgul Roenergy (Timi\u0219oara) Suntem \u00eenc\u00e2nta\u021bi s\u0103 anun\u021b\u0103m c\u0103 vom participa la t\u00e2rgul RoEnergy, evenimentul de top pentru industria fotovoltaic\u0103 din Rom\u00e2nia, care...<\/p><\/div>\n                    <\/div><\/div><\/div>\n        <\/div>\n    <\/article><article class=\"eael-grid-post  eael-post-grid-column eael-pg-post-2696 category-news\" data-id=\"2696\">\n        <div class=\"eael-grid-post-holder\">\n            <div class=\"eael-grid-post-holder-inner\"><div class=\"eael-entry-media\"><div class=\"eael-entry-overlay fade-in\"><i class=\"fas fa-link\" aria-hidden=\"true\"><\/i><a href=\"https:\/\/hammerenergy.solar\/ro\/hammer-energy-a-prezentat-o-noua-solutie-pentru-fatade-fotovoltaice-la-key-expo-din-rimini\/\"><\/a><\/div><div class=\"eael-entry-thumbnail eael-image-ratio\">\n                <img loading=\"lazy\" decoding=\"async\" width=\"1920\" height=\"1080\" src=\"https:\/\/hammerenergy.solar\/wp-content\/uploads\/HammerEnergy_FotovoltaicoInFacciata.jpg\" class=\"attachment-full size-full wp-image-1704\" alt=\"\" srcset=\"https:\/\/hammerenergy.solar\/wp-content\/uploads\/HammerEnergy_FotovoltaicoInFacciata.jpg 1920w, https:\/\/hammerenergy.solar\/wp-content\/uploads\/HammerEnergy_FotovoltaicoInFacciata-300x169.jpg 300w, https:\/\/hammerenergy.solar\/wp-content\/uploads\/HammerEnergy_FotovoltaicoInFacciata-1024x576.jpg 1024w, https:\/\/hammerenergy.solar\/wp-content\/uploads\/HammerEnergy_FotovoltaicoInFacciata-768x432.jpg 768w, https:\/\/hammerenergy.solar\/wp-content\/uploads\/HammerEnergy_FotovoltaicoInFacciata-1536x864.jpg 1536w\" sizes=\"(max-width: 1920px) 100vw, 1920px\" \/>\n            <\/div>\n        <\/div><div class=\"eael-entry-wrapper\"><header class=\"eael-entry-header\"><h2 class=\"eael-entry-title\"><a class=\"eael-grid-post-link\" href=\"https:\/\/hammerenergy.solar\/ro\/hammer-energy-a-prezentat-o-noua-solutie-pentru-fatade-fotovoltaice-la-key-expo-din-rimini\/\" title=\"Hammer Energy a prezentat o nou\u0103 solu\u021bie pentru fa\u021bade fotovoltaice la Key Expo din Rimini\">Hammer Energy a prezentat o nou\u0103 solu\u021bie pentru fa\u021bade fotovoltaice la Key Expo din Rimini<\/a><\/h2><\/header><div class=\"eael-entry-header-after\"><div class=\"eael-entry-meta\"><span class=\"eael-posted-on\"><time datetime=\"11 martie 2025\">11 martie 2025<\/time><\/span><\/div><\/div><div class=\"eael-entry-content\">\n                        <div class=\"eael-grid-post-excerpt\"><p>Hammer Energy a prezentat o nou\u0103 solu\u021bie pentru fa\u021bade fotovoltaice la Key Expo dinRimini Hammer Energy a prezentat o nou\u0103 solu\u021bie pentru fa\u021bade fotovoltaice la...<\/p><\/div>\n                    <\/div><\/div><\/div>\n        <\/div>\n    <\/article><article class=\"eael-grid-post  eael-post-grid-column eael-pg-post-1253 category-news\" data-id=\"1253\">\n        <div class=\"eael-grid-post-holder\">\n            <div class=\"eael-grid-post-holder-inner\"><div class=\"eael-entry-media\"><div class=\"eael-entry-overlay fade-in\"><i class=\"fas fa-link\" aria-hidden=\"true\"><\/i><a href=\"https:\/\/hammerenergy.solar\/ro\/hammer-energy-va-participa-la-targul-roenergy-timisoara\/\"><\/a><\/div><div class=\"eael-entry-thumbnail eael-image-ratio\">\n                <img loading=\"lazy\" decoding=\"async\" width=\"1920\" height=\"758\" src=\"https:\/\/hammerenergy.solar\/wp-content\/uploads\/RoEnergy_09-2024.jpg\" class=\"attachment-full size-full wp-image-1166\" alt=\"\" srcset=\"https:\/\/hammerenergy.solar\/wp-content\/uploads\/RoEnergy_09-2024.jpg 1920w, https:\/\/hammerenergy.solar\/wp-content\/uploads\/RoEnergy_09-2024-300x118.jpg 300w, https:\/\/hammerenergy.solar\/wp-content\/uploads\/RoEnergy_09-2024-1024x404.jpg 1024w, https:\/\/hammerenergy.solar\/wp-content\/uploads\/RoEnergy_09-2024-768x303.jpg 768w, https:\/\/hammerenergy.solar\/wp-content\/uploads\/RoEnergy_09-2024-1536x606.jpg 1536w\" sizes=\"(max-width: 1920px) 100vw, 1920px\" \/>\n            <\/div>\n        <\/div><div class=\"eael-entry-wrapper\"><header class=\"eael-entry-header\"><h2 class=\"eael-entry-title\"><a class=\"eael-grid-post-link\" href=\"https:\/\/hammerenergy.solar\/ro\/hammer-energy-va-participa-la-targul-roenergy-timisoara\/\" title=\"Hammer Energy va participa la targul ROEnergy (Timisoara)\">Hammer Energy va participa la targul ROEnergy (Timisoara)<\/a><\/h2><\/header><div class=\"eael-entry-header-after\"><div class=\"eael-entry-meta\"><span class=\"eael-posted-on\"><time datetime=\"17 septembrie 2024\">17 septembrie 2024<\/time><\/span><\/div><\/div><div class=\"eael-entry-content\">\n                        <div class=\"eael-grid-post-excerpt\"><p>Hammer Energy va participa la targul ROEnergy (Timisoara) Dupa pauza estivala Hammer Energy revine la targul RoEnergy, targ de referinta pentru piata sistemelor fotovoltaice din...<\/p><\/div>\n                    <\/div><\/div><\/div>\n        <\/div>\n    <\/article><\/div>\n            <div class=\"clearfix\"><\/div>\n        <\/div>\t\t\t\t<\/div>\n\t\t\t\t<\/div>\n\t\t\t\t<div class=\"elementor-element elementor-element-faef3eb elementor-widget elementor-widget-spacer\" data-id=\"faef3eb\" data-element_type=\"widget\" data-e-type=\"widget\" data-widget_type=\"spacer.default\">\n\t\t\t\t<div class=\"elementor-widget-container\">\n\t\t\t\t\t\t\t<div class=\"elementor-spacer\">\n\t\t\t<div class=\"elementor-spacer-inner\"><\/div>\n\t\t<\/div>\n\t\t\t\t\t\t<\/div>\n\t\t\t\t<\/div>\n\t\t\t\t\t<\/div>\n\t\t\t\t<\/div>\n\t\t\t\t<\/div>\n\t\t","protected":false},"excerpt":{"rendered":"<p>Hammer Energy va participa la targul ROEnergy (Timisoara) Dupa pauza estivala Hammer Energy revine la targul RoEnergy, targ de referinta pentru piata sistemelor fotovoltaice din Romania si Europa de Est, care va avea loc in perioada 25-27 septembrie. Vom fi prezenti cu solutiile noastre structurale pentru campuri fotovoltaice, acoperisuri cu tabla cutata sau ondulata si &hellip; <\/p>\n<p class=\"link-more\"><a href=\"https:\/\/hammerenergy.solar\/ro\/hammer-energy-va-participa-la-targul-roenergy-timisoara\/\" class=\"more-link\">Cite\u0219te mai multe<span class=\"screen-reader-text\">\u201eHammer Energy va participa la targul ROEnergy (Timisoara)\u201d<\/span><\/a><\/p>\n","protected":false},"author":1,"featured_media":0,"parent":0,"menu_order":0,"comment_status":"closed","ping_status":"closed","template":"","meta":{"inspiro_hide_title":false,"footnotes":""},"class_list":["post-1232","page","type-page","status-publish","hentry"],"_links":{"self":[{"href":"https:\/\/hammerenergy.solar\/ro\/wp-json\/wp\/v2\/pages\/1232","targetHints":{"allow":["GET"]}}],"collection":[{"href":"https:\/\/hammerenergy.solar\/ro\/wp-json\/wp\/v2\/pages"}],"about":[{"href":"https:\/\/hammerenergy.solar\/ro\/wp-json\/wp\/v2\/types\/page"}],"author":[{"embeddable":true,"href":"https:\/\/hammerenergy.solar\/ro\/wp-json\/wp\/v2\/users\/1"}],"replies":[{"embeddable":true,"href":"https:\/\/hammerenergy.solar\/ro\/wp-json\/wp\/v2\/comments?post=1232"}],"version-history":[{"count":29,"href":"https:\/\/hammerenergy.solar\/ro\/wp-json\/wp\/v2\/pages\/1232\/revisions"}],"predecessor-version":[{"id":1764,"href":"https:\/\/hammerenergy.solar\/ro\/wp-json\/wp\/v2\/pages\/1232\/revisions\/1764"}],"wp:attachment":[{"href":"https:\/\/hammerenergy.solar\/ro\/wp-json\/wp\/v2\/media?parent=1232"}],"curies":[{"name":"wp","href":"https:\/\/api.w.org\/{rel}","templated":true}]}}