{"id":1279,"date":"2024-10-01T12:30:25","date_gmt":"2024-10-01T10:30:25","guid":{"rendered":"https:\/\/hammerenergy.solar\/?page_id=1279"},"modified":"2025-09-24T12:28:08","modified_gmt":"2025-09-24T10:28:08","slug":"i-profili-di-struttura","status":"publish","type":"page","link":"https:\/\/hammerenergy.solar\/ro\/profile-de-structura\/","title":{"rendered":"Profile de structura"},"content":{"rendered":"\t\t<div data-elementor-type=\"wp-page\" data-elementor-id=\"1279\" class=\"elementor elementor-1279\">\n\t\t\t\t<div class=\"elementor-element elementor-element-cca0e04 e-flex e-con-boxed e-con e-parent\" data-id=\"cca0e04\" data-element_type=\"container\" data-e-type=\"container\" data-settings=\"{&quot;background_background&quot;:&quot;classic&quot;}\">\n\t\t\t\t\t<div class=\"e-con-inner\">\n\t\t\t\t<div class=\"elementor-element elementor-element-70dc62e elementor-widget elementor-widget-heading\" data-id=\"70dc62e\" data-element_type=\"widget\" data-e-type=\"widget\" data-widget_type=\"heading.default\">\n\t\t\t\t<div class=\"elementor-widget-container\">\n\t\t\t\t\t<h2 class=\"elementor-heading-title elementor-size-default\">Componentele sistemului<\/h2>\t\t\t\t<\/div>\n\t\t\t\t<\/div>\n\t\t\t\t\t<\/div>\n\t\t\t\t<\/div>\n\t\t<div class=\"elementor-element elementor-element-e7a3f11 e-flex e-con-boxed e-con e-parent\" data-id=\"e7a3f11\" data-element_type=\"container\" data-e-type=\"container\">\n\t\t\t\t\t<div class=\"e-con-inner\">\n\t\t\t\t<div class=\"elementor-element elementor-element-8b0282a elementor-widget elementor-widget-spacer\" data-id=\"8b0282a\" data-element_type=\"widget\" data-e-type=\"widget\" data-widget_type=\"spacer.default\">\n\t\t\t\t<div class=\"elementor-widget-container\">\n\t\t\t\t\t\t\t<div class=\"elementor-spacer\">\n\t\t\t<div class=\"elementor-spacer-inner\"><\/div>\n\t\t<\/div>\n\t\t\t\t\t\t<\/div>\n\t\t\t\t<\/div>\n\t\t\t\t<div class=\"elementor-element elementor-element-666298d elementor-widget elementor-widget-heading\" data-id=\"666298d\" data-element_type=\"widget\" data-e-type=\"widget\" data-widget_type=\"heading.default\">\n\t\t\t\t<div class=\"elementor-widget-container\">\n\t\t\t\t\t<h2 class=\"elementor-heading-title elementor-size-default\">Profilele de structur\u0103<\/h2>\t\t\t\t<\/div>\n\t\t\t\t<\/div>\n\t\t\t\t<div class=\"elementor-element elementor-element-faef3eb elementor-widget elementor-widget-spacer\" data-id=\"faef3eb\" data-element_type=\"widget\" data-e-type=\"widget\" data-widget_type=\"spacer.default\">\n\t\t\t\t<div class=\"elementor-widget-container\">\n\t\t\t\t\t\t\t<div class=\"elementor-spacer\">\n\t\t\t<div class=\"elementor-spacer-inner\"><\/div>\n\t\t<\/div>\n\t\t\t\t\t\t<\/div>\n\t\t\t\t<\/div>\n\t\t\t\t\t<\/div>\n\t\t\t\t<\/div>\n\t\t<div class=\"elementor-element elementor-element-cf4816b e-con-full e-flex e-con e-parent\" data-id=\"cf4816b\" data-element_type=\"container\" data-e-type=\"container\">\n\t\t<div class=\"elementor-element elementor-element-d9adcca e-con-full e-flex e-con e-child\" data-id=\"d9adcca\" data-element_type=\"container\" data-e-type=\"container\">\n\t\t<div class=\"elementor-element elementor-element-c5a597a e-con-full e-flex e-con e-child\" data-id=\"c5a597a\" data-element_type=\"container\" data-e-type=\"container\">\n\t\t\t\t<div class=\"elementor-element elementor-element-7b1a1ec elementor-widget elementor-widget-text-editor\" data-id=\"7b1a1ec\" data-element_type=\"widget\" data-e-type=\"widget\" data-widget_type=\"text-editor.default\">\n\t\t\t\t<div class=\"elementor-widget-container\">\n\t\t\t\t\t\t\t\t\t<p>Profilele de structur\u0103 Hammer Energy, realizate din aluminiu EN AW6060 T6, sunt proiectate pentru a crea sisteme de structur\u0103 pentru diverse tipuri de instala\u021bii fotovoltaice: sunt utilizate \u00een<br \/>construc\u021bia de instala\u021bii fotovoltaice pe acoperi\u0219uri <strong>din tabl\u0103 ondulat\u0103 sau tabl\u0103 cutat\u0103,<\/strong> pe acoperi\u0219uri <strong>din \u021bigl\u0103 ceramic\u0103 sau de beton,<\/strong> sau pentru realizarea de <strong>instala\u021bii la sol.<\/strong><\/p>\t\t\t\t\t\t\t\t<\/div>\n\t\t\t\t<\/div>\n\t\t\t\t<\/div>\n\t\t\t\t<\/div>\n\t\t<div class=\"elementor-element elementor-element-0f93110 e-con-full e-flex e-con e-child\" data-id=\"0f93110\" data-element_type=\"container\" data-e-type=\"container\">\n\t\t\t\t<div class=\"elementor-element elementor-element-f7e8929 elementor-widget elementor-widget-image\" data-id=\"f7e8929\" data-element_type=\"widget\" data-e-type=\"widget\" data-widget_type=\"image.default\">\n\t\t\t\t<div class=\"elementor-widget-container\">\n\t\t\t\t\t\t\t\t\t\t\t\t\t\t\t<img fetchpriority=\"high\" decoding=\"async\" width=\"950\" height=\"634\" src=\"https:\/\/hammerenergy.solar\/wp-content\/uploads\/Sistema_Profili_Gamma-1024x683.jpg\" class=\"attachment-large size-large wp-image-1331\" alt=\"\" srcset=\"https:\/\/hammerenergy.solar\/wp-content\/uploads\/Sistema_Profili_Gamma-1024x683.jpg 1024w, https:\/\/hammerenergy.solar\/wp-content\/uploads\/Sistema_Profili_Gamma-300x200.jpg 300w, https:\/\/hammerenergy.solar\/wp-content\/uploads\/Sistema_Profili_Gamma-768x512.jpg 768w, https:\/\/hammerenergy.solar\/wp-content\/uploads\/Sistema_Profili_Gamma-1536x1024.jpg 1536w, https:\/\/hammerenergy.solar\/wp-content\/uploads\/Sistema_Profili_Gamma.jpg 1920w\" sizes=\"100vw\" \/>\t\t\t\t\t\t\t\t\t\t\t\t\t\t\t<\/div>\n\t\t\t\t<\/div>\n\t\t\t\t<\/div>\n\t\t\t\t<\/div>\n\t\t<div class=\"elementor-element elementor-element-ee06d6c e-con-full e-flex e-con e-parent\" data-id=\"ee06d6c\" data-element_type=\"container\" data-e-type=\"container\">\n\t\t<div class=\"elementor-element elementor-element-e886688 e-con-full e-flex e-con e-child\" data-id=\"e886688\" data-element_type=\"container\" data-e-type=\"container\" data-settings=\"{&quot;background_background&quot;:&quot;classic&quot;}\">\n\t\t<div class=\"elementor-element elementor-element-e7dc4b5 e-con-full e-flex e-con e-child\" data-id=\"e7dc4b5\" data-element_type=\"container\" data-e-type=\"container\">\n\t\t\t\t<div class=\"elementor-element elementor-element-f698d5f elementor-view-stacked e-transform elementor-shape-circle elementor-widget elementor-widget-icon\" data-id=\"f698d5f\" data-element_type=\"widget\" data-e-type=\"widget\" data-settings=\"{&quot;_transform_flipX_effect&quot;:&quot;transform&quot;}\" data-widget_type=\"icon.default\">\n\t\t\t\t<div class=\"elementor-widget-container\">\n\t\t\t\t\t\t\t<div class=\"elementor-icon-wrapper\">\n\t\t\t<div class=\"elementor-icon\">\n\t\t\t<i aria-hidden=\"true\" class=\"fas fa-thumbs-up\"><\/i>\t\t\t<\/div>\n\t\t<\/div>\n\t\t\t\t\t\t<\/div>\n\t\t\t\t<\/div>\n\t\t\t\t<div class=\"elementor-element elementor-element-5bc2de9 elementor-widget elementor-widget-heading\" data-id=\"5bc2de9\" data-element_type=\"widget\" data-e-type=\"widget\" data-widget_type=\"heading.default\">\n\t\t\t\t<div class=\"elementor-widget-container\">\n\t\t\t\t\t<h2 class=\"elementor-heading-title elementor-size-default\">Avantaje<\/h2>\t\t\t\t<\/div>\n\t\t\t\t<\/div>\n\t\t\t\t<\/div>\n\t\t\t\t<div class=\"elementor-element elementor-element-8942c84 elementor-widget elementor-widget-text-editor\" data-id=\"8942c84\" data-element_type=\"widget\" data-e-type=\"widget\" data-widget_type=\"text-editor.default\">\n\t\t\t\t<div class=\"elementor-widget-container\">\n\t\t\t\t\t\t\t\t\t<p>Profilele de structur\u0103 Hammer Energy sunt:<\/p>\t\t\t\t\t\t\t\t<\/div>\n\t\t\t\t<\/div>\n\t\t\t\t<div class=\"elementor-element elementor-element-fbba145 elementor-widget elementor-widget-text-editor\" data-id=\"fbba145\" data-element_type=\"widget\" data-e-type=\"widget\" data-widget_type=\"text-editor.default\">\n\t\t\t\t<div class=\"elementor-widget-container\">\n\t\t\t\t\t\t\t\t\t<p><strong>VERSATILE<\/strong><br \/>Sunt potrivite at\u00e2t pentru instala\u021bii mari, c\u00e2t \u0219i pentru instala\u021bii mici, datorit\u0103<br \/>lungimii optimizate a barelor.<\/p><p><strong>U\u0218OARE<\/strong> <br \/>Sunt fabricate din aliaj de aluminiu EN AW 6060 T6 conform UNI EN 12020-2.<br \/>Barele sunt disponibile \u00een lungimi care limiteaz\u0103 pierderile de material \u0219i faciliteaz\u0103 manipularea pe \u0219antier.<\/p><p><strong>PRACTICE<\/strong> <br \/>Fixarea pe acoperi\u0219 sau pe st\u00e2lpi pentru instala\u021biile la sol \u0219i pe modulele<br \/>fotovoltaice este convenabil\u0103 \u0219i simpl\u0103, datorit\u0103 consolelor, accesoriilor \u0219i componentelor<br \/>sistemului Hammer Energy.<br \/><br \/><strong>PERSONALIZABILE<\/strong> <br \/>\u00cen func\u021bie de codul articolului, profilele sunt disponibile \u00een buc\u0103\u021bi de lungime predefinit\u0103 sau la lungimea solicitat\u0103.<\/p>\t\t\t\t\t\t\t\t<\/div>\n\t\t\t\t<\/div>\n\t\t\t\t<\/div>\n\t\t\t\t<div class=\"elementor-element elementor-element-a111e8b elementor-align-justify elementor-widget elementor-widget-button\" data-id=\"a111e8b\" data-element_type=\"widget\" data-e-type=\"widget\" data-widget_type=\"button.default\">\n\t\t\t\t<div class=\"elementor-widget-container\">\n\t\t\t\t\t\t\t\t\t<div class=\"elementor-button-wrapper\">\n\t\t\t\t\t<a class=\"elementor-button elementor-button-link elementor-size-sm\" href=\"https:\/\/shop.hammer.biz\/en\/63-photovoltaics-accessories?q=Categories-Photovoltaics+profiles\">\n\t\t\t\t\t\t<span class=\"elementor-button-content-wrapper\">\n\t\t\t\t\t\t<span class=\"elementor-button-icon\">\n\t\t\t\t<i aria-hidden=\"true\" class=\"fas fa-shopping-cart\"><\/i>\t\t\t<\/span>\n\t\t\t\t\t\t\t\t\t<span class=\"elementor-button-text\">Cump\u0103r\u0103 acum<\/span>\n\t\t\t\t\t<\/span>\n\t\t\t\t\t<\/a>\n\t\t\t\t<\/div>\n\t\t\t\t\t\t\t\t<\/div>\n\t\t\t\t<\/div>\n\t\t\t\t<\/div>\n\t\t<div class=\"elementor-element elementor-element-91e524d e-flex e-con-boxed e-con e-parent\" data-id=\"91e524d\" data-element_type=\"container\" data-e-type=\"container\">\n\t\t\t\t\t<div class=\"e-con-inner\">\n\t\t\t\t<div class=\"elementor-element elementor-element-5ba97fb elementor-widget elementor-widget-spacer\" data-id=\"5ba97fb\" data-element_type=\"widget\" data-e-type=\"widget\" data-widget_type=\"spacer.default\">\n\t\t\t\t<div class=\"elementor-widget-container\">\n\t\t\t\t\t\t\t<div class=\"elementor-spacer\">\n\t\t\t<div class=\"elementor-spacer-inner\"><\/div>\n\t\t<\/div>\n\t\t\t\t\t\t<\/div>\n\t\t\t\t<\/div>\n\t\t\t\t\t<\/div>\n\t\t\t\t<\/div>\n\t\t\t\t<\/div>\n\t\t","protected":false},"excerpt":{"rendered":"<p>I componenti del sistema I profili di struttura I profili di struttura Hammer Energy, realizzati in alluminio EN AW6060 T6, sono pensati per realizzare sistemi di struttura per vari tipi di impianto fotovoltaico: trovano impiego nella costruzione di impianti fotovoltaici su tetti in ondulina o lamiera grecata, su tetti in coppo o tegole, o per &hellip; <\/p>\n<p class=\"link-more\"><a href=\"https:\/\/hammerenergy.solar\/ro\/profile-de-structura\/\" class=\"more-link\">Cite\u0219te mai multe<span class=\"screen-reader-text\">\u201eProfile de structura\u201d<\/span><\/a><\/p>\n","protected":false},"author":1,"featured_media":0,"parent":0,"menu_order":0,"comment_status":"closed","ping_status":"closed","template":"","meta":{"inspiro_hide_title":false,"footnotes":""},"class_list":["post-1279","page","type-page","status-publish","hentry"],"_links":{"self":[{"href":"https:\/\/hammerenergy.solar\/ro\/wp-json\/wp\/v2\/pages\/1279","targetHints":{"allow":["GET"]}}],"collection":[{"href":"https:\/\/hammerenergy.solar\/ro\/wp-json\/wp\/v2\/pages"}],"about":[{"href":"https:\/\/hammerenergy.solar\/ro\/wp-json\/wp\/v2\/types\/page"}],"author":[{"embeddable":true,"href":"https:\/\/hammerenergy.solar\/ro\/wp-json\/wp\/v2\/users\/1"}],"replies":[{"embeddable":true,"href":"https:\/\/hammerenergy.solar\/ro\/wp-json\/wp\/v2\/comments?post=1279"}],"version-history":[{"count":103,"href":"https:\/\/hammerenergy.solar\/ro\/wp-json\/wp\/v2\/pages\/1279\/revisions"}],"predecessor-version":[{"id":2630,"href":"https:\/\/hammerenergy.solar\/ro\/wp-json\/wp\/v2\/pages\/1279\/revisions\/2630"}],"wp:attachment":[{"href":"https:\/\/hammerenergy.solar\/ro\/wp-json\/wp\/v2\/media?parent=1279"}],"curies":[{"name":"wp","href":"https:\/\/api.w.org\/{rel}","templated":true}]}}