{"id":1524,"date":"2025-01-24T16:58:01","date_gmt":"2025-01-24T15:58:01","guid":{"rendered":"https:\/\/hammerenergy.solar\/?page_id=1524"},"modified":"2025-09-24T12:28:30","modified_gmt":"2025-09-24T10:28:30","slug":"le-staffe","status":"publish","type":"page","link":"https:\/\/hammerenergy.solar\/ro\/suporti\/","title":{"rendered":"Suporti"},"content":{"rendered":"\t\t<div data-elementor-type=\"wp-page\" data-elementor-id=\"1524\" class=\"elementor elementor-1524\">\n\t\t\t\t<div class=\"elementor-element elementor-element-cca0e04 e-flex e-con-boxed e-con e-parent\" data-id=\"cca0e04\" data-element_type=\"container\" data-e-type=\"container\" data-settings=\"{&quot;background_background&quot;:&quot;classic&quot;}\">\n\t\t\t\t\t<div class=\"e-con-inner\">\n\t\t\t\t<div class=\"elementor-element elementor-element-70dc62e elementor-widget elementor-widget-heading\" data-id=\"70dc62e\" data-element_type=\"widget\" data-e-type=\"widget\" data-widget_type=\"heading.default\">\n\t\t\t\t<div class=\"elementor-widget-container\">\n\t\t\t\t\t<h2 class=\"elementor-heading-title elementor-size-default\">Componentele sistemului<\/h2>\t\t\t\t<\/div>\n\t\t\t\t<\/div>\n\t\t\t\t\t<\/div>\n\t\t\t\t<\/div>\n\t\t<div class=\"elementor-element elementor-element-e7a3f11 e-flex e-con-boxed e-con e-parent\" data-id=\"e7a3f11\" data-element_type=\"container\" data-e-type=\"container\">\n\t\t\t\t\t<div class=\"e-con-inner\">\n\t\t\t\t<div class=\"elementor-element elementor-element-8b0282a elementor-widget elementor-widget-spacer\" data-id=\"8b0282a\" data-element_type=\"widget\" data-e-type=\"widget\" data-widget_type=\"spacer.default\">\n\t\t\t\t<div class=\"elementor-widget-container\">\n\t\t\t\t\t\t\t<div class=\"elementor-spacer\">\n\t\t\t<div class=\"elementor-spacer-inner\"><\/div>\n\t\t<\/div>\n\t\t\t\t\t\t<\/div>\n\t\t\t\t<\/div>\n\t\t\t\t<div class=\"elementor-element elementor-element-666298d elementor-widget elementor-widget-heading\" data-id=\"666298d\" data-element_type=\"widget\" data-e-type=\"widget\" data-widget_type=\"heading.default\">\n\t\t\t\t<div class=\"elementor-widget-container\">\n\t\t\t\t\t<h2 class=\"elementor-heading-title elementor-size-default\">Consolele<\/h2>\t\t\t\t<\/div>\n\t\t\t\t<\/div>\n\t\t\t\t<div class=\"elementor-element elementor-element-faef3eb elementor-widget elementor-widget-spacer\" data-id=\"faef3eb\" data-element_type=\"widget\" data-e-type=\"widget\" data-widget_type=\"spacer.default\">\n\t\t\t\t<div class=\"elementor-widget-container\">\n\t\t\t\t\t\t\t<div class=\"elementor-spacer\">\n\t\t\t<div class=\"elementor-spacer-inner\"><\/div>\n\t\t<\/div>\n\t\t\t\t\t\t<\/div>\n\t\t\t\t<\/div>\n\t\t\t\t\t<\/div>\n\t\t\t\t<\/div>\n\t\t<div class=\"elementor-element elementor-element-cf4816b e-con-full e-flex e-con e-parent\" data-id=\"cf4816b\" data-element_type=\"container\" data-e-type=\"container\">\n\t\t\t\t<div class=\"elementor-element elementor-element-7b1a1ec elementor-widget__width-inherit elementor-widget elementor-widget-text-editor\" data-id=\"7b1a1ec\" data-element_type=\"widget\" data-e-type=\"widget\" data-widget_type=\"text-editor.default\">\n\t\t\t\t<div class=\"elementor-widget-container\">\n\t\t\t\t\t\t\t\t\t<p>Consolele Hammer Energy sunt disponibile \u00een diferite materiale, forme \u0219i tipuri de reglaj, pentru<br \/>realizarea de instala\u021bii fotovoltaice mici \u0219i mari <strong>pe acoperi\u0219uri din \u021bigl\u0103 ceramic\u0103 sau de beton.<\/strong><\/p>\t\t\t\t\t\t\t\t<\/div>\n\t\t\t\t<\/div>\n\t\t\t\t<\/div>\n\t\t<div class=\"elementor-element elementor-element-56121d4 e-con-full e-flex e-con e-parent\" data-id=\"56121d4\" data-element_type=\"container\" data-e-type=\"container\">\n\t\t<div class=\"elementor-element elementor-element-b4d2d88 e-con-full e-flex e-con e-child\" data-id=\"b4d2d88\" data-element_type=\"container\" data-e-type=\"container\">\n\t\t\t\t<div class=\"elementor-element elementor-element-5f2f989 elementor-widget__width-initial elementor-widget elementor-widget-image\" data-id=\"5f2f989\" data-element_type=\"widget\" data-e-type=\"widget\" data-widget_type=\"image.default\">\n\t\t\t\t<div class=\"elementor-widget-container\">\n\t\t\t\t\t\t\t\t\t\t\t\t\t\t\t<img fetchpriority=\"high\" decoding=\"async\" width=\"300\" height=\"300\" src=\"https:\/\/hammerenergy.solar\/wp-content\/uploads\/HE-STL-01-300x300.jpg\" class=\"attachment-medium size-medium wp-image-1526\" alt=\"\" srcset=\"https:\/\/hammerenergy.solar\/wp-content\/uploads\/HE-STL-01-300x300.jpg 300w, https:\/\/hammerenergy.solar\/wp-content\/uploads\/HE-STL-01-150x150.jpg 150w, https:\/\/hammerenergy.solar\/wp-content\/uploads\/HE-STL-01-768x768.jpg 768w, https:\/\/hammerenergy.solar\/wp-content\/uploads\/HE-STL-01.jpg 800w\" sizes=\"100vw\" \/>\t\t\t\t\t\t\t\t\t\t\t\t\t\t\t<\/div>\n\t\t\t\t<\/div>\n\t\t\t\t<div class=\"elementor-element elementor-element-9fe4a73 elementor-widget elementor-widget-heading\" data-id=\"9fe4a73\" data-element_type=\"widget\" data-e-type=\"widget\" data-widget_type=\"heading.default\">\n\t\t\t\t<div class=\"elementor-widget-container\">\n\t\t\t\t\t<h2 class=\"elementor-heading-title elementor-size-default\">Console \u00een form\u0103 de \"L\"<\/h2>\t\t\t\t<\/div>\n\t\t\t\t<\/div>\n\t\t\t\t<div class=\"elementor-element elementor-element-65c2b96 elementor-widget__width-inherit elementor-widget elementor-widget-text-editor\" data-id=\"65c2b96\" data-element_type=\"widget\" data-e-type=\"widget\" data-widget_type=\"text-editor.default\">\n\t\t\t\t<div class=\"elementor-widget-container\">\n\t\t\t\t\t\t\t\t\t<p>Din aluminiu EN AW6060 T6 conform UNI EN 12020-2, fac montarea instala\u021biilor fotovoltaice pe acoperi\u0219uri din \u021bigl\u0103 ceramic\u0103 sau de beton rapid\u0103 \u0219i simpl\u0103, cu posibilitatea de reglare \u00een fiecare faz\u0103 a instal\u0103rii.<\/p>\t\t\t\t\t\t\t\t<\/div>\n\t\t\t\t<\/div>\n\t\t\t\t<\/div>\n\t\t<div class=\"elementor-element elementor-element-5842d77 e-con-full e-flex e-con e-child\" data-id=\"5842d77\" data-element_type=\"container\" data-e-type=\"container\">\n\t\t\t\t<div class=\"elementor-element elementor-element-ec58a9d elementor-widget__width-initial elementor-widget elementor-widget-image\" data-id=\"ec58a9d\" data-element_type=\"widget\" data-e-type=\"widget\" data-widget_type=\"image.default\">\n\t\t\t\t<div class=\"elementor-widget-container\">\n\t\t\t\t\t\t\t\t\t\t\t\t\t\t\t<img decoding=\"async\" width=\"300\" height=\"300\" src=\"https:\/\/hammerenergy.solar\/wp-content\/uploads\/HE-STA01-300x300.jpg\" class=\"attachment-medium size-medium wp-image-1530\" alt=\"\" srcset=\"https:\/\/hammerenergy.solar\/wp-content\/uploads\/HE-STA01-300x300.jpg 300w, https:\/\/hammerenergy.solar\/wp-content\/uploads\/HE-STA01-150x150.jpg 150w, https:\/\/hammerenergy.solar\/wp-content\/uploads\/HE-STA01-768x768.jpg 768w, https:\/\/hammerenergy.solar\/wp-content\/uploads\/HE-STA01.jpg 800w\" sizes=\"100vw\" \/>\t\t\t\t\t\t\t\t\t\t\t\t\t\t\t<\/div>\n\t\t\t\t<\/div>\n\t\t\t\t<div class=\"elementor-element elementor-element-b831a48 elementor-widget elementor-widget-heading\" data-id=\"b831a48\" data-element_type=\"widget\" data-e-type=\"widget\" data-widget_type=\"heading.default\">\n\t\t\t\t<div class=\"elementor-widget-container\">\n\t\t\t\t\t<h2 class=\"elementor-heading-title elementor-size-default\">Console tip c\u00e2rlig<\/h2>\t\t\t\t<\/div>\n\t\t\t\t<\/div>\n\t\t\t\t<div class=\"elementor-element elementor-element-eed73c0 elementor-widget__width-inherit elementor-widget elementor-widget-text-editor\" data-id=\"eed73c0\" data-element_type=\"widget\" data-e-type=\"widget\" data-widget_type=\"text-editor.default\">\n\t\t\t\t<div class=\"elementor-widget-container\">\n\t\t\t\t\t\t\t\t\t<p>Din aluminiu sau o\u021bel inoxidabil, se adapteaz\u0103 oric\u0103rui acoperi\u0219 cu structur\u0103 de lemn pentru \u021bigl\u0103<br \/>ceramic\u0103 sau de beton, oferind multiple posibilit\u0103\u021bi de reglare.<\/p>\t\t\t\t\t\t\t\t<\/div>\n\t\t\t\t<\/div>\n\t\t\t\t<\/div>\n\t\t\t\t<\/div>\n\t\t<div class=\"elementor-element elementor-element-ee06d6c e-con-full e-flex e-con e-parent\" data-id=\"ee06d6c\" data-element_type=\"container\" data-e-type=\"container\">\n\t\t<div class=\"elementor-element elementor-element-e886688 e-con-full e-flex e-con e-child\" data-id=\"e886688\" data-element_type=\"container\" data-e-type=\"container\" data-settings=\"{&quot;background_background&quot;:&quot;classic&quot;}\">\n\t\t<div class=\"elementor-element elementor-element-e7dc4b5 e-con-full e-flex e-con e-child\" data-id=\"e7dc4b5\" data-element_type=\"container\" data-e-type=\"container\">\n\t\t\t\t<div class=\"elementor-element elementor-element-f698d5f elementor-view-stacked e-transform elementor-shape-circle elementor-widget elementor-widget-icon\" data-id=\"f698d5f\" data-element_type=\"widget\" data-e-type=\"widget\" data-settings=\"{&quot;_transform_flipX_effect&quot;:&quot;transform&quot;}\" data-widget_type=\"icon.default\">\n\t\t\t\t<div class=\"elementor-widget-container\">\n\t\t\t\t\t\t\t<div class=\"elementor-icon-wrapper\">\n\t\t\t<div class=\"elementor-icon\">\n\t\t\t<i aria-hidden=\"true\" class=\"fas fa-thumbs-up\"><\/i>\t\t\t<\/div>\n\t\t<\/div>\n\t\t\t\t\t\t<\/div>\n\t\t\t\t<\/div>\n\t\t\t\t<div class=\"elementor-element elementor-element-5bc2de9 elementor-widget elementor-widget-heading\" data-id=\"5bc2de9\" data-element_type=\"widget\" data-e-type=\"widget\" data-widget_type=\"heading.default\">\n\t\t\t\t<div class=\"elementor-widget-container\">\n\t\t\t\t\t<h2 class=\"elementor-heading-title elementor-size-default\">Avantaje<\/h2>\t\t\t\t<\/div>\n\t\t\t\t<\/div>\n\t\t\t\t<\/div>\n\t\t\t\t<div class=\"elementor-element elementor-element-fbba145 elementor-widget elementor-widget-text-editor\" data-id=\"fbba145\" data-element_type=\"widget\" data-e-type=\"widget\" data-widget_type=\"text-editor.default\">\n\t\t\t\t<div class=\"elementor-widget-container\">\n\t\t\t\t\t\t\t\t\t<p><strong>U\u0218OARE<\/strong><br \/>Realizate din aluminiu EN AW6060 T6 conform normei UNI EN 12020-2, sunt u\u0219oare \u0219i \u00een acela\u0219i timp rezistente.<\/p><p><strong>REZISTENTE<\/strong><br \/>Materialele consolelor \u0219i ale \u0219uruburilor garanteaz\u0103 o\u00a0 durat\u0103 de via\u021b\u0103 excelent\u0103.<\/p><p><strong>RAPIDE<\/strong><br \/>Complet compatibile cu profilele de structur\u0103 Hammer Energy, permit fixarea rapid\u0103, reglabil\u0103 \u0219i sigur\u0103 a profilului, datorit\u0103 componentelor \u0219i geometriei cu care sunt realizate.<\/p>\t\t\t\t\t\t\t\t<\/div>\n\t\t\t\t<\/div>\n\t\t\t\t<\/div>\n\t\t\t\t<div class=\"elementor-element elementor-element-a111e8b elementor-align-justify elementor-widget elementor-widget-button\" data-id=\"a111e8b\" data-element_type=\"widget\" data-e-type=\"widget\" data-widget_type=\"button.default\">\n\t\t\t\t<div class=\"elementor-widget-container\">\n\t\t\t\t\t\t\t\t\t<div class=\"elementor-button-wrapper\">\n\t\t\t\t\t<a class=\"elementor-button elementor-button-link elementor-size-sm\" href=\"https:\/\/shop.hammer.biz\/en\/63-photovoltaics-accessories?q=Categories-Photovoltaic+roof+fasteners\">\n\t\t\t\t\t\t<span class=\"elementor-button-content-wrapper\">\n\t\t\t\t\t\t<span class=\"elementor-button-icon\">\n\t\t\t\t<i aria-hidden=\"true\" class=\"fas fa-shopping-cart\"><\/i>\t\t\t<\/span>\n\t\t\t\t\t\t\t\t\t<span class=\"elementor-button-text\">Cump\u0103r\u0103 acum<\/span>\n\t\t\t\t\t<\/span>\n\t\t\t\t\t<\/a>\n\t\t\t\t<\/div>\n\t\t\t\t\t\t\t\t<\/div>\n\t\t\t\t<\/div>\n\t\t\t\t<\/div>\n\t\t<div class=\"elementor-element elementor-element-91e524d e-flex e-con-boxed e-con e-parent\" data-id=\"91e524d\" data-element_type=\"container\" data-e-type=\"container\">\n\t\t\t\t\t<div class=\"e-con-inner\">\n\t\t\t\t<div class=\"elementor-element elementor-element-5ba97fb elementor-widget elementor-widget-spacer\" data-id=\"5ba97fb\" data-element_type=\"widget\" data-e-type=\"widget\" data-widget_type=\"spacer.default\">\n\t\t\t\t<div class=\"elementor-widget-container\">\n\t\t\t\t\t\t\t<div class=\"elementor-spacer\">\n\t\t\t<div class=\"elementor-spacer-inner\"><\/div>\n\t\t<\/div>\n\t\t\t\t\t\t<\/div>\n\t\t\t\t<\/div>\n\t\t\t\t\t<\/div>\n\t\t\t\t<\/div>\n\t\t\t\t<\/div>\n\t\t","protected":false},"excerpt":{"rendered":"<p>I componenti del sistema Le staffe Le staffe Hammer Energy sono disponibili in diversi materiali, fattori di forma e tipologie di regolazione, per la realizzazione di piccoli e grandi impianti fotovoltaici su tetti in coppo o tegola. Staffe a &#8222;L&#8221; In alluminio EN AW6060 T6 secondo UNI EN 12020-2, rendono veloce e semplice la posa &hellip; <\/p>\n<p class=\"link-more\"><a href=\"https:\/\/hammerenergy.solar\/ro\/suporti\/\" class=\"more-link\">Cite\u0219te mai multe<span class=\"screen-reader-text\">\u201eSuporti\u201d<\/span><\/a><\/p>\n","protected":false},"author":1,"featured_media":0,"parent":0,"menu_order":0,"comment_status":"closed","ping_status":"closed","template":"","meta":{"inspiro_hide_title":false,"footnotes":""},"class_list":["post-1524","page","type-page","status-publish","hentry"],"_links":{"self":[{"href":"https:\/\/hammerenergy.solar\/ro\/wp-json\/wp\/v2\/pages\/1524","targetHints":{"allow":["GET"]}}],"collection":[{"href":"https:\/\/hammerenergy.solar\/ro\/wp-json\/wp\/v2\/pages"}],"about":[{"href":"https:\/\/hammerenergy.solar\/ro\/wp-json\/wp\/v2\/types\/page"}],"author":[{"embeddable":true,"href":"https:\/\/hammerenergy.solar\/ro\/wp-json\/wp\/v2\/users\/1"}],"replies":[{"embeddable":true,"href":"https:\/\/hammerenergy.solar\/ro\/wp-json\/wp\/v2\/comments?post=1524"}],"version-history":[{"count":13,"href":"https:\/\/hammerenergy.solar\/ro\/wp-json\/wp\/v2\/pages\/1524\/revisions"}],"predecessor-version":[{"id":2633,"href":"https:\/\/hammerenergy.solar\/ro\/wp-json\/wp\/v2\/pages\/1524\/revisions\/2633"}],"wp:attachment":[{"href":"https:\/\/hammerenergy.solar\/ro\/wp-json\/wp\/v2\/media?parent=1524"}],"curies":[{"name":"wp","href":"https:\/\/api.w.org\/{rel}","templated":true}]}}