{"id":1536,"date":"2025-01-27T09:59:42","date_gmt":"2025-01-27T08:59:42","guid":{"rendered":"https:\/\/hammerenergy.solar\/?page_id=1536"},"modified":"2025-09-24T16:33:55","modified_gmt":"2025-09-24T14:33:55","slug":"gli-accessori","status":"publish","type":"page","link":"https:\/\/hammerenergy.solar\/ro\/accesorii\/","title":{"rendered":"Accesorii"},"content":{"rendered":"\t\t<div data-elementor-type=\"wp-page\" data-elementor-id=\"1536\" class=\"elementor elementor-1536\">\n\t\t\t\t<div class=\"elementor-element elementor-element-cca0e04 e-flex e-con-boxed e-con e-parent\" data-id=\"cca0e04\" data-element_type=\"container\" data-e-type=\"container\" data-settings=\"{&quot;background_background&quot;:&quot;classic&quot;}\">\n\t\t\t\t\t<div class=\"e-con-inner\">\n\t\t\t\t<div class=\"elementor-element elementor-element-70dc62e elementor-widget elementor-widget-heading\" data-id=\"70dc62e\" data-element_type=\"widget\" data-e-type=\"widget\" data-widget_type=\"heading.default\">\n\t\t\t\t<div class=\"elementor-widget-container\">\n\t\t\t\t\t<h2 class=\"elementor-heading-title elementor-size-default\">Componentele sistemului<\/h2>\t\t\t\t<\/div>\n\t\t\t\t<\/div>\n\t\t\t\t\t<\/div>\n\t\t\t\t<\/div>\n\t\t<div class=\"elementor-element elementor-element-e7a3f11 e-flex e-con-boxed e-con e-parent\" data-id=\"e7a3f11\" data-element_type=\"container\" data-e-type=\"container\">\n\t\t\t\t\t<div class=\"e-con-inner\">\n\t\t\t\t<div class=\"elementor-element elementor-element-8b0282a elementor-widget elementor-widget-spacer\" data-id=\"8b0282a\" data-element_type=\"widget\" data-e-type=\"widget\" data-widget_type=\"spacer.default\">\n\t\t\t\t<div class=\"elementor-widget-container\">\n\t\t\t\t\t\t\t<div class=\"elementor-spacer\">\n\t\t\t<div class=\"elementor-spacer-inner\"><\/div>\n\t\t<\/div>\n\t\t\t\t\t\t<\/div>\n\t\t\t\t<\/div>\n\t\t\t\t<div class=\"elementor-element elementor-element-666298d elementor-widget elementor-widget-heading\" data-id=\"666298d\" data-element_type=\"widget\" data-e-type=\"widget\" data-widget_type=\"heading.default\">\n\t\t\t\t<div class=\"elementor-widget-container\">\n\t\t\t\t\t<h2 class=\"elementor-heading-title elementor-size-default\">Accesoriile<\/h2>\t\t\t\t<\/div>\n\t\t\t\t<\/div>\n\t\t\t\t<div class=\"elementor-element elementor-element-faef3eb elementor-widget elementor-widget-spacer\" data-id=\"faef3eb\" data-element_type=\"widget\" data-e-type=\"widget\" data-widget_type=\"spacer.default\">\n\t\t\t\t<div class=\"elementor-widget-container\">\n\t\t\t\t\t\t\t<div class=\"elementor-spacer\">\n\t\t\t<div class=\"elementor-spacer-inner\"><\/div>\n\t\t<\/div>\n\t\t\t\t\t\t<\/div>\n\t\t\t\t<\/div>\n\t\t\t\t\t<\/div>\n\t\t\t\t<\/div>\n\t\t<div class=\"elementor-element elementor-element-cf4816b e-con-full e-flex e-con e-parent\" data-id=\"cf4816b\" data-element_type=\"container\" data-e-type=\"container\">\n\t\t\t\t<div class=\"elementor-element elementor-element-7b1a1ec elementor-widget__width-inherit elementor-widget elementor-widget-text-editor\" data-id=\"7b1a1ec\" data-element_type=\"widget\" data-e-type=\"widget\" data-widget_type=\"text-editor.default\">\n\t\t\t\t<div class=\"elementor-widget-container\">\n\t\t\t\t\t\t\t\t\t<p>Accesoriile pentru sistemul de structur\u0103 Hammer Energy sunt proiectate pentru c<strong>ompatibilitate <\/strong><strong>deplin\u0103<\/strong> cu profilele de structur\u0103 \u0219i consolele sistemului, pentru realizarea<strong> diverselor tipuri de<\/strong><br \/><strong>instala\u021bii fotovoltaice.<\/strong><\/p>\t\t\t\t\t\t\t\t<\/div>\n\t\t\t\t<\/div>\n\t\t\t\t<\/div>\n\t\t<div class=\"elementor-element elementor-element-56121d4 e-con-full e-flex e-con e-parent\" data-id=\"56121d4\" data-element_type=\"container\" data-e-type=\"container\">\n\t\t<div class=\"elementor-element elementor-element-b4d2d88 e-con-full e-flex e-con e-child\" data-id=\"b4d2d88\" data-element_type=\"container\" data-e-type=\"container\">\n\t\t\t\t<div class=\"elementor-element elementor-element-5f2f989 elementor-widget__width-initial elementor-widget elementor-widget-image\" data-id=\"5f2f989\" data-element_type=\"widget\" data-e-type=\"widget\" data-widget_type=\"image.default\">\n\t\t\t\t<div class=\"elementor-widget-container\">\n\t\t\t\t\t\t\t\t\t\t\t\t\t\t\t<img fetchpriority=\"high\" decoding=\"async\" width=\"300\" height=\"300\" src=\"https:\/\/hammerenergy.solar\/wp-content\/uploads\/2023\/09\/HE-VF10-300x300.jpg\" class=\"attachment-medium size-medium wp-image-113\" alt=\"\" srcset=\"https:\/\/hammerenergy.solar\/wp-content\/uploads\/2023\/09\/HE-VF10-300x300.jpg 300w, https:\/\/hammerenergy.solar\/wp-content\/uploads\/2023\/09\/HE-VF10-150x150.jpg 150w, https:\/\/hammerenergy.solar\/wp-content\/uploads\/2023\/09\/HE-VF10-768x768.jpg 768w, https:\/\/hammerenergy.solar\/wp-content\/uploads\/2023\/09\/elementor\/thumbs\/HE-VF10-qbrlg47amj33lzweopgdcggn0muhflte3n10elvc5g.jpg 250w, https:\/\/hammerenergy.solar\/wp-content\/uploads\/2023\/09\/elementor\/thumbs\/HE-VF10-qbrlg47a0lovsztjh90saf1ghyqo3q7j5qqfbwmq4w.jpg 200w, https:\/\/hammerenergy.solar\/wp-content\/uploads\/2023\/09\/HE-VF10.jpg 800w\" sizes=\"100vw\" \/>\t\t\t\t\t\t\t\t\t\t\t\t\t\t\t<\/div>\n\t\t\t\t<\/div>\n\t\t\t\t<div class=\"elementor-element elementor-element-9fe4a73 elementor-widget elementor-widget-heading\" data-id=\"9fe4a73\" data-element_type=\"widget\" data-e-type=\"widget\" data-widget_type=\"heading.default\">\n\t\t\t\t<div class=\"elementor-widget-container\">\n\t\t\t\t\t<h2 class=\"elementor-heading-title elementor-size-default\">\u0218uruburi cu filet dublu<\/h2>\t\t\t\t<\/div>\n\t\t\t\t<\/div>\n\t\t\t\t<div class=\"elementor-element elementor-element-65c2b96 elementor-widget__width-inherit elementor-widget elementor-widget-text-editor\" data-id=\"65c2b96\" data-element_type=\"widget\" data-e-type=\"widget\" data-widget_type=\"text-editor.default\">\n\t\t\t\t<div class=\"elementor-widget-container\">\n\t\t\t\t\t\t\t\t\t<p>Ideale pentru instala\u021bii fotovoltaice pe acoperi\u0219uri din \u021bigl\u0103 ceramic\u0103 sau de beton.<\/p>\t\t\t\t\t\t\t\t<\/div>\n\t\t\t\t<\/div>\n\t\t\t\t<\/div>\n\t\t<div class=\"elementor-element elementor-element-00494e9 e-con-full e-flex e-con e-child\" data-id=\"00494e9\" data-element_type=\"container\" data-e-type=\"container\" data-settings=\"{&quot;background_background&quot;:&quot;classic&quot;}\">\n\t\t<div class=\"elementor-element elementor-element-7718954 e-con-full e-flex e-con e-child\" data-id=\"7718954\" data-element_type=\"container\" data-e-type=\"container\">\n\t\t\t\t<div class=\"elementor-element elementor-element-84b1efe elementor-view-stacked e-transform elementor-shape-circle elementor-widget elementor-widget-icon\" data-id=\"84b1efe\" data-element_type=\"widget\" data-e-type=\"widget\" data-settings=\"{&quot;_transform_flipX_effect&quot;:&quot;transform&quot;}\" data-widget_type=\"icon.default\">\n\t\t\t\t<div class=\"elementor-widget-container\">\n\t\t\t\t\t\t\t<div class=\"elementor-icon-wrapper\">\n\t\t\t<div class=\"elementor-icon\">\n\t\t\t<i aria-hidden=\"true\" class=\"fas fa-thumbs-up\"><\/i>\t\t\t<\/div>\n\t\t<\/div>\n\t\t\t\t\t\t<\/div>\n\t\t\t\t<\/div>\n\t\t\t\t<div class=\"elementor-element elementor-element-bca0589 elementor-widget elementor-widget-heading\" data-id=\"bca0589\" data-element_type=\"widget\" data-e-type=\"widget\" data-widget_type=\"heading.default\">\n\t\t\t\t<div class=\"elementor-widget-container\">\n\t\t\t\t\t<h2 class=\"elementor-heading-title elementor-size-default\">Avantaje<\/h2>\t\t\t\t<\/div>\n\t\t\t\t<\/div>\n\t\t\t\t<\/div>\n\t\t\t\t<div class=\"elementor-element elementor-element-fe4c638 elementor-widget elementor-widget-text-editor\" data-id=\"fe4c638\" data-element_type=\"widget\" data-e-type=\"widget\" data-widget_type=\"text-editor.default\">\n\t\t\t\t<div class=\"elementor-widget-container\">\n\t\t\t\t\t\t\t\t\t<p><strong>PREASAMBLATE<\/strong><br \/>Simplitate maxim\u0103 \u00een utilizare, datorit\u0103 piuli\u021belor \u0219i a garniturii preasamblate.<\/p><p><strong>VERSATILE<\/strong><br \/>Utile pentru realizarea de instala\u021bii fotovoltaice pe acoperi\u0219uri cu panouri ondulate, tabl\u0103 trapezoidal\u0103, \u021bigl\u0103 ceramic\u0103 sau de beton.<\/p><p><strong>REZISTENTE LA AP\u0102<\/strong><br \/>Datorit\u0103 garniturii din EPDM \u0219i corpului \u0219urubului realizat din o\u021bel inoxidabil A2.<\/p>\t\t\t\t\t\t\t\t<\/div>\n\t\t\t\t<\/div>\n\t\t\t\t<\/div>\n\t\t\t\t<\/div>\n\t\t<div class=\"elementor-element elementor-element-67bd648 e-con-full e-flex e-con e-parent\" data-id=\"67bd648\" data-element_type=\"container\" data-e-type=\"container\">\n\t\t<div class=\"elementor-element elementor-element-5c4bcae e-con-full e-flex e-con e-child\" data-id=\"5c4bcae\" data-element_type=\"container\" data-e-type=\"container\">\n\t\t\t\t<div class=\"elementor-element elementor-element-0a7fd65 elementor-widget__width-initial elementor-widget elementor-widget-image\" data-id=\"0a7fd65\" data-element_type=\"widget\" data-e-type=\"widget\" data-widget_type=\"image.default\">\n\t\t\t\t<div class=\"elementor-widget-container\">\n\t\t\t\t\t\t\t\t\t\t\t\t\t\t\t<img decoding=\"async\" width=\"300\" height=\"300\" src=\"https:\/\/hammerenergy.solar\/wp-content\/uploads\/HE-RIV52191-300x300.jpg\" class=\"attachment-medium size-medium wp-image-1545\" alt=\"\" srcset=\"https:\/\/hammerenergy.solar\/wp-content\/uploads\/HE-RIV52191-300x300.jpg 300w, https:\/\/hammerenergy.solar\/wp-content\/uploads\/HE-RIV52191-150x150.jpg 150w, https:\/\/hammerenergy.solar\/wp-content\/uploads\/HE-RIV52191-768x768.jpg 768w, https:\/\/hammerenergy.solar\/wp-content\/uploads\/HE-RIV52191.jpg 800w\" sizes=\"100vw\" \/>\t\t\t\t\t\t\t\t\t\t\t\t\t\t\t<\/div>\n\t\t\t\t<\/div>\n\t\t\t\t<div class=\"elementor-element elementor-element-98d4230 elementor-widget elementor-widget-heading\" data-id=\"98d4230\" data-element_type=\"widget\" data-e-type=\"widget\" data-widget_type=\"heading.default\">\n\t\t\t\t<div class=\"elementor-widget-container\">\n\t\t\t\t\t<h2 class=\"elementor-heading-title elementor-size-default\">Nituri oarbe din aluminiu<\/h2>\t\t\t\t<\/div>\n\t\t\t\t<\/div>\n\t\t\t\t<div class=\"elementor-element elementor-element-0fbac73 elementor-widget__width-inherit elementor-widget elementor-widget-text-editor\" data-id=\"0fbac73\" data-element_type=\"widget\" data-e-type=\"widget\" data-widget_type=\"text-editor.default\">\n\t\t\t\t<div class=\"elementor-widget-container\">\n\t\t\t\t\t\t\t\t\t<p>Pentru instala\u021bii fotovoltaice pe acoperi\u0219uri din tabl\u0103 cutat\u0103.<\/p>\t\t\t\t\t\t\t\t<\/div>\n\t\t\t\t<\/div>\n\t\t\t\t<\/div>\n\t\t<div class=\"elementor-element elementor-element-4e3c2db e-con-full e-flex e-con e-child\" data-id=\"4e3c2db\" data-element_type=\"container\" data-e-type=\"container\" data-settings=\"{&quot;background_background&quot;:&quot;classic&quot;}\">\n\t\t<div class=\"elementor-element elementor-element-2e3ce0d e-con-full e-flex e-con e-child\" data-id=\"2e3ce0d\" data-element_type=\"container\" data-e-type=\"container\">\n\t\t\t\t<div class=\"elementor-element elementor-element-4339904 elementor-view-stacked e-transform elementor-shape-circle elementor-widget elementor-widget-icon\" data-id=\"4339904\" data-element_type=\"widget\" data-e-type=\"widget\" data-settings=\"{&quot;_transform_flipX_effect&quot;:&quot;transform&quot;}\" data-widget_type=\"icon.default\">\n\t\t\t\t<div class=\"elementor-widget-container\">\n\t\t\t\t\t\t\t<div class=\"elementor-icon-wrapper\">\n\t\t\t<div class=\"elementor-icon\">\n\t\t\t<i aria-hidden=\"true\" class=\"fas fa-thumbs-up\"><\/i>\t\t\t<\/div>\n\t\t<\/div>\n\t\t\t\t\t\t<\/div>\n\t\t\t\t<\/div>\n\t\t\t\t<div class=\"elementor-element elementor-element-d20fb17 elementor-widget elementor-widget-heading\" data-id=\"d20fb17\" data-element_type=\"widget\" data-e-type=\"widget\" data-widget_type=\"heading.default\">\n\t\t\t\t<div class=\"elementor-widget-container\">\n\t\t\t\t\t<h2 class=\"elementor-heading-title elementor-size-default\">Avantaje<\/h2>\t\t\t\t<\/div>\n\t\t\t\t<\/div>\n\t\t\t\t<\/div>\n\t\t\t\t<div class=\"elementor-element elementor-element-9dab601 elementor-widget elementor-widget-text-editor\" data-id=\"9dab601\" data-element_type=\"widget\" data-e-type=\"widget\" data-widget_type=\"text-editor.default\">\n\t\t\t\t<div class=\"elementor-widget-container\">\n\t\t\t\t\t\t\t\t\t<p><strong>DURABILE<\/strong><br \/>Nu ruginesc \u0219i nu se oxideaz\u0103.<\/p><p><strong>REZISTENTE LA EXTRAGERE<\/strong><br \/>Chiar \u0219i atunci c\u00e2nd sunt aplicate pe table sub\u021biri.<\/p><p><strong>REZISTENTE LA AP\u0102<\/strong><br \/>Datorit\u0103 garniturii din EPDM.<\/p><p><strong>\u00ceMBUN\u0102T\u0102\u021aESC REZISTEN\u021aA STRUCTURAL\u0102<br \/><\/strong>Ofer\u0103 o rezisten\u021b\u0103 structural\u0103 mai mare dec\u00e2t niturile tip floare.<\/p>\t\t\t\t\t\t\t\t<\/div>\n\t\t\t\t<\/div>\n\t\t\t\t<\/div>\n\t\t\t\t<\/div>\n\t\t<div class=\"elementor-element elementor-element-3887f90 e-con-full e-flex e-con e-parent\" data-id=\"3887f90\" data-element_type=\"container\" data-e-type=\"container\">\n\t\t<div class=\"elementor-element elementor-element-2859bdb e-con-full e-flex e-con e-child\" data-id=\"2859bdb\" data-element_type=\"container\" data-e-type=\"container\">\n\t\t\t\t<div class=\"elementor-element elementor-element-cce071b elementor-widget__width-initial elementor-widget elementor-widget-image\" data-id=\"cce071b\" data-element_type=\"widget\" data-e-type=\"widget\" data-widget_type=\"image.default\">\n\t\t\t\t<div class=\"elementor-widget-container\">\n\t\t\t\t\t\t\t\t\t\t\t\t\t\t\t<img decoding=\"async\" width=\"300\" height=\"300\" src=\"https:\/\/hammerenergy.solar\/wp-content\/uploads\/HE-ALBUT-50-300x300.jpg\" class=\"attachment-medium size-medium wp-image-1546\" alt=\"\" srcset=\"https:\/\/hammerenergy.solar\/wp-content\/uploads\/HE-ALBUT-50-300x300.jpg 300w, https:\/\/hammerenergy.solar\/wp-content\/uploads\/HE-ALBUT-50-150x150.jpg 150w, https:\/\/hammerenergy.solar\/wp-content\/uploads\/HE-ALBUT-50-768x768.jpg 768w, https:\/\/hammerenergy.solar\/wp-content\/uploads\/HE-ALBUT-50.jpg 800w\" sizes=\"100vw\" \/>\t\t\t\t\t\t\t\t\t\t\t\t\t\t\t<\/div>\n\t\t\t\t<\/div>\n\t\t\t\t<div class=\"elementor-element elementor-element-5c2b8d7 elementor-widget elementor-widget-heading\" data-id=\"5c2b8d7\" data-element_type=\"widget\" data-e-type=\"widget\" data-widget_type=\"heading.default\">\n\t\t\t\t<div class=\"elementor-widget-container\">\n\t\t\t\t\t<h2 class=\"elementor-heading-title elementor-size-default\">Band\u0103 butilic\u0103-aluminiu<\/h2>\t\t\t\t<\/div>\n\t\t\t\t<\/div>\n\t\t\t\t<div class=\"elementor-element elementor-element-5542658 elementor-widget__width-inherit elementor-widget elementor-widget-text-editor\" data-id=\"5542658\" data-element_type=\"widget\" data-e-type=\"widget\" data-widget_type=\"text-editor.default\">\n\t\t\t\t<div class=\"elementor-widget-container\">\n\t\t\t\t\t\t\t\t\t<p>Pentru instala\u021bii fotovoltaice pe acoperi\u0219uri din tabl\u0103 cutat\u0103.<\/p>\t\t\t\t\t\t\t\t<\/div>\n\t\t\t\t<\/div>\n\t\t\t\t<\/div>\n\t\t<div class=\"elementor-element elementor-element-1ea2542 e-con-full e-flex e-con e-child\" data-id=\"1ea2542\" data-element_type=\"container\" data-e-type=\"container\" data-settings=\"{&quot;background_background&quot;:&quot;classic&quot;}\">\n\t\t<div class=\"elementor-element elementor-element-e609235 e-con-full e-flex e-con e-child\" data-id=\"e609235\" data-element_type=\"container\" data-e-type=\"container\">\n\t\t\t\t<div class=\"elementor-element elementor-element-f715261 elementor-view-stacked e-transform elementor-shape-circle elementor-widget elementor-widget-icon\" data-id=\"f715261\" data-element_type=\"widget\" data-e-type=\"widget\" data-settings=\"{&quot;_transform_flipX_effect&quot;:&quot;transform&quot;}\" data-widget_type=\"icon.default\">\n\t\t\t\t<div class=\"elementor-widget-container\">\n\t\t\t\t\t\t\t<div class=\"elementor-icon-wrapper\">\n\t\t\t<div class=\"elementor-icon\">\n\t\t\t<i aria-hidden=\"true\" class=\"fas fa-thumbs-up\"><\/i>\t\t\t<\/div>\n\t\t<\/div>\n\t\t\t\t\t\t<\/div>\n\t\t\t\t<\/div>\n\t\t\t\t<div class=\"elementor-element elementor-element-61088ee elementor-widget elementor-widget-heading\" data-id=\"61088ee\" data-element_type=\"widget\" data-e-type=\"widget\" data-widget_type=\"heading.default\">\n\t\t\t\t<div class=\"elementor-widget-container\">\n\t\t\t\t\t<h2 class=\"elementor-heading-title elementor-size-default\">Avantaje<\/h2>\t\t\t\t<\/div>\n\t\t\t\t<\/div>\n\t\t\t\t<\/div>\n\t\t\t\t<div class=\"elementor-element elementor-element-b800665 elementor-widget elementor-widget-text-editor\" data-id=\"b800665\" data-element_type=\"widget\" data-e-type=\"widget\" data-widget_type=\"text-editor.default\">\n\t\t\t\t<div class=\"elementor-widget-container\">\n\t\t\t\t\t\t\t\t\t<p><strong>REZISTENT\u0102<\/strong><br \/>La trac\u021biune \u0219i la alungire, datorit\u0103 foliei de aluminiu.<\/p><p><strong>PROTECTOARE<\/strong><br \/>Etan\u0219\u0103 la ap\u0103 \u0219i aer; suprafa\u021ba este protejat\u0103 de agen\u021bi agresivi, raze UV \u0219i coroziune.<\/p><p><strong>SIMPLU DE UTILIZAT<\/strong><br \/>Stratul de cauciuc butilic este autoadeziv la rece.<\/p>\t\t\t\t\t\t\t\t<\/div>\n\t\t\t\t<\/div>\n\t\t\t\t<\/div>\n\t\t\t\t<\/div>\n\t\t<div class=\"elementor-element elementor-element-dca0212 e-con-full e-flex e-con e-parent\" data-id=\"dca0212\" data-element_type=\"container\" data-e-type=\"container\">\n\t\t\t\t<div class=\"elementor-element elementor-element-52b7d0c elementor-align-justify elementor-widget elementor-widget-button\" data-id=\"52b7d0c\" data-element_type=\"widget\" data-e-type=\"widget\" data-widget_type=\"button.default\">\n\t\t\t\t<div class=\"elementor-widget-container\">\n\t\t\t\t\t\t\t\t\t<div class=\"elementor-button-wrapper\">\n\t\t\t\t\t<a class=\"elementor-button elementor-button-link elementor-size-sm\" href=\"https:\/\/shop.hammer.biz\/en\/63-photovoltaics-accessories?q=Categories-Photovoltaic+accessories\">\n\t\t\t\t\t\t<span class=\"elementor-button-content-wrapper\">\n\t\t\t\t\t\t<span class=\"elementor-button-icon\">\n\t\t\t\t<i aria-hidden=\"true\" class=\"fas fa-shopping-cart\"><\/i>\t\t\t<\/span>\n\t\t\t\t\t\t\t\t\t<span class=\"elementor-button-text\">Cump\u0103r\u0103 acum<\/span>\n\t\t\t\t\t<\/span>\n\t\t\t\t\t<\/a>\n\t\t\t\t<\/div>\n\t\t\t\t\t\t\t\t<\/div>\n\t\t\t\t<\/div>\n\t\t\t\t<\/div>\n\t\t<div class=\"elementor-element elementor-element-91e524d e-flex e-con-boxed e-con e-parent\" data-id=\"91e524d\" data-element_type=\"container\" data-e-type=\"container\">\n\t\t\t\t\t<div class=\"e-con-inner\">\n\t\t\t\t<div class=\"elementor-element elementor-element-5ba97fb elementor-widget elementor-widget-spacer\" data-id=\"5ba97fb\" data-element_type=\"widget\" data-e-type=\"widget\" data-widget_type=\"spacer.default\">\n\t\t\t\t<div class=\"elementor-widget-container\">\n\t\t\t\t\t\t\t<div class=\"elementor-spacer\">\n\t\t\t<div class=\"elementor-spacer-inner\"><\/div>\n\t\t<\/div>\n\t\t\t\t\t\t<\/div>\n\t\t\t\t<\/div>\n\t\t\t\t\t<\/div>\n\t\t\t\t<\/div>\n\t\t\t\t<\/div>\n\t\t","protected":false},"excerpt":{"rendered":"<p>I componenti del sistema Gli accessori Gli accessori per il sistema di struttura Hammer Energy sono pensati per la piena compatibilit\u00e0 con i profili di struttura e le staffe del sistema, per la realizzazione di diverse tipologie di impianto fotovoltaico. Viti a doppia filettatura Ideali per impianti fotovoltaici su coperture in coppo o tegola. vantaggi &hellip; <\/p>\n<p class=\"link-more\"><a href=\"https:\/\/hammerenergy.solar\/ro\/accesorii\/\" class=\"more-link\">Cite\u0219te mai multe<span class=\"screen-reader-text\">\u201eAccesorii\u201d<\/span><\/a><\/p>\n","protected":false},"author":1,"featured_media":0,"parent":0,"menu_order":0,"comment_status":"closed","ping_status":"closed","template":"","meta":{"inspiro_hide_title":false,"footnotes":""},"class_list":["post-1536","page","type-page","status-publish","hentry"],"_links":{"self":[{"href":"https:\/\/hammerenergy.solar\/ro\/wp-json\/wp\/v2\/pages\/1536","targetHints":{"allow":["GET"]}}],"collection":[{"href":"https:\/\/hammerenergy.solar\/ro\/wp-json\/wp\/v2\/pages"}],"about":[{"href":"https:\/\/hammerenergy.solar\/ro\/wp-json\/wp\/v2\/types\/page"}],"author":[{"embeddable":true,"href":"https:\/\/hammerenergy.solar\/ro\/wp-json\/wp\/v2\/users\/1"}],"replies":[{"embeddable":true,"href":"https:\/\/hammerenergy.solar\/ro\/wp-json\/wp\/v2\/comments?post=1536"}],"version-history":[{"count":29,"href":"https:\/\/hammerenergy.solar\/ro\/wp-json\/wp\/v2\/pages\/1536\/revisions"}],"predecessor-version":[{"id":2930,"href":"https:\/\/hammerenergy.solar\/ro\/wp-json\/wp\/v2\/pages\/1536\/revisions\/2930"}],"wp:attachment":[{"href":"https:\/\/hammerenergy.solar\/ro\/wp-json\/wp\/v2\/media?parent=1536"}],"curies":[{"name":"wp","href":"https:\/\/api.w.org\/{rel}","templated":true}]}}