{"id":2079,"date":"2025-07-29T11:13:08","date_gmt":"2025-07-29T09:13:08","guid":{"rendered":"https:\/\/hammerenergy.solar\/?page_id=2079"},"modified":"2025-09-24T15:24:14","modified_gmt":"2025-09-24T13:24:14","slug":"preventivo-fotovoltaico-su-tetto-in-lamiera-grecata","status":"publish","type":"page","link":"https:\/\/hammerenergy.solar\/ro\/cotatie-pe-acoperis-cu-tabla-cutata\/","title":{"rendered":"Cotatie pe acoperis cu tabla cutata"},"content":{"rendered":"\t\t<div data-elementor-type=\"wp-page\" data-elementor-id=\"2079\" class=\"elementor elementor-2079\">\n\t\t\t\t<div class=\"elementor-element elementor-element-cca0e04 e-flex e-con-boxed e-con e-parent\" data-id=\"cca0e04\" data-element_type=\"container\" data-e-type=\"container\" data-settings=\"{&quot;background_background&quot;:&quot;classic&quot;}\">\n\t\t\t\t\t<div class=\"e-con-inner\">\n\t\t\t\t<div class=\"elementor-element elementor-element-70dc62e elementor-widget elementor-widget-heading\" data-id=\"70dc62e\" data-element_type=\"widget\" data-e-type=\"widget\" data-widget_type=\"heading.default\">\n\t\t\t\t<div class=\"elementor-widget-container\">\n\t\t\t\t\t<h2 class=\"elementor-heading-title elementor-size-default\">Solicitati o cotatie<\/h2>\t\t\t\t<\/div>\n\t\t\t\t<\/div>\n\t\t\t\t\t<\/div>\n\t\t\t\t<\/div>\n\t\t<div class=\"elementor-element elementor-element-89a5a20 e-flex e-con-boxed e-con e-parent\" data-id=\"89a5a20\" data-element_type=\"container\" data-e-type=\"container\">\n\t\t\t\t\t<div class=\"e-con-inner\">\n\t\t\t\t<div class=\"elementor-element elementor-element-63fc62a elementor-widget elementor-widget-spacer\" data-id=\"63fc62a\" data-element_type=\"widget\" data-e-type=\"widget\" data-widget_type=\"spacer.default\">\n\t\t\t\t<div class=\"elementor-widget-container\">\n\t\t\t\t\t\t\t<div class=\"elementor-spacer\">\n\t\t\t<div class=\"elementor-spacer-inner\"><\/div>\n\t\t<\/div>\n\t\t\t\t\t\t<\/div>\n\t\t\t\t<\/div>\n\t\t<div class=\"elementor-element elementor-element-500a1c6 e-con-full e-flex e-con e-child\" data-id=\"500a1c6\" data-element_type=\"container\" data-e-type=\"container\">\n\t\t\t\t<div class=\"elementor-element elementor-element-f7f1b56 elementor-view-default elementor-widget elementor-widget-icon\" data-id=\"f7f1b56\" data-element_type=\"widget\" data-e-type=\"widget\" data-widget_type=\"icon.default\">\n\t\t\t\t<div class=\"elementor-widget-container\">\n\t\t\t\t\t\t\t<div class=\"elementor-icon-wrapper\">\n\t\t\t<div class=\"elementor-icon\">\n\t\t\t<svg xmlns=\"http:\/\/www.w3.org\/2000\/svg\" id=\"Layer_1\" data-name=\"Layer 1\" viewBox=\"0 0 200 200\"><title>HammerEnergy_IconeSito<\/title><path d=\"M100,5a95,95,0,1,0,95,95A95.11,95.11,0,0,0,100,5Zm0,181.88A86.88,86.88,0,1,1,186.88,100,87,87,0,0,1,100,186.88Z\" style=\"fill:#345080\"><\/path><path d=\"M171.47,110.44,135.85,72.83H119.78l-10.1,13.86h-6.17L90.38,72.83H74.3L64.2,86.69H58L44.91,72.83H28.83L18.73,86.69,54.35,124.3l3.94,2.87,8.64-11.86H78l8.35,11.83,0,0v.07h17.25v-.08l.11.08,8.64-11.86h11.07l8.35,11.83.2-.14v.17h17.25v-.06l8.6-11.8h11.07l8.35,11.83,4-2.81ZM57.26,120.3l-32.21-34,5.26-7.22,32.21,34Zm9.47-9.86-31-32.74h6.65l10.1,10.6,21.1,22.15Zm13.79,0L62.65,91.56h6.17L97.93,122.3h-9Zm22.21,9.86-32.21-34,5.26-7.22,32.21,34Zm9.47-9.86L81.2,77.7h6.65l10.1,10.6,21.1,22.15Zm13.79,0L108.12,91.56h6.17L143.4,122.3h-9Zm22.21,9.86L116,86.28l5.26-7.22,32.21,34Zm9.47-9.86-31-32.74h6.65l10.1,10.6,21.1,22.15Z\" style=\"fill:#345080\"><\/path><\/svg>\t\t\t<\/div>\n\t\t<\/div>\n\t\t\t\t\t\t<\/div>\n\t\t\t\t<\/div>\n\t\t\t\t<div class=\"elementor-element elementor-element-c0f776c elementor-widget elementor-widget-heading\" data-id=\"c0f776c\" data-element_type=\"widget\" data-e-type=\"widget\" data-widget_type=\"heading.default\">\n\t\t\t\t<div class=\"elementor-widget-container\">\n\t\t\t\t\t<h2 class=\"elementor-heading-title elementor-size-default\">structura pentru sistem fotovoltaic pe acoperi\u0219 cu tabl\u0103 cutat\u0103<\/h2>\t\t\t\t<\/div>\n\t\t\t\t<\/div>\n\t\t\t\t<\/div>\n\t\t\t\t<div class=\"elementor-element elementor-element-4f40aac elementor-widget elementor-widget-spacer\" data-id=\"4f40aac\" data-element_type=\"widget\" data-e-type=\"widget\" data-widget_type=\"spacer.default\">\n\t\t\t\t<div class=\"elementor-widget-container\">\n\t\t\t\t\t\t\t<div class=\"elementor-spacer\">\n\t\t\t<div class=\"elementor-spacer-inner\"><\/div>\n\t\t<\/div>\n\t\t\t\t\t\t<\/div>\n\t\t\t\t<\/div>\n\t\t\t\t\t<\/div>\n\t\t\t\t<\/div>\n\t\t<div class=\"elementor-element elementor-element-fad6fa1 e-con-full e-flex e-con e-parent\" data-id=\"fad6fa1\" data-element_type=\"container\" data-e-type=\"container\">\n\t\t\t\t<div class=\"elementor-element elementor-element-b92493d elementor-widget elementor-widget-text-editor\" data-id=\"b92493d\" data-element_type=\"widget\" data-e-type=\"widget\" data-widget_type=\"text-editor.default\">\n\t\t\t\t<div class=\"elementor-widget-container\">\n\t\t\t\t\t\t\t\t\t<p>\n<div class=\"wpcf7 no-js\" id=\"wpcf7-f2494-o1\" lang=\"it-IT\" dir=\"ltr\" data-wpcf7-id=\"2494\">\n<div class=\"screen-reader-response\"><p role=\"status\" aria-live=\"polite\" aria-atomic=\"true\"><\/p> <ul><\/ul><\/div>\n<form action=\"\/ro\/wp-json\/wp\/v2\/pages\/2079#wpcf7-f2494-o1\" method=\"post\" class=\"wpcf7-form init\" aria-label=\"Modulo di contatto\" enctype=\"multipart\/form-data\" novalidate=\"novalidate\" data-status=\"init\">\n<fieldset class=\"hidden-fields-container\"><input type=\"hidden\" name=\"_wpcf7\" value=\"2494\" \/><input type=\"hidden\" name=\"_wpcf7_version\" value=\"6.1.5\" \/><input type=\"hidden\" name=\"_wpcf7_locale\" value=\"it_IT\" \/><input type=\"hidden\" name=\"_wpcf7_unit_tag\" value=\"wpcf7-f2494-o1\" \/><input type=\"hidden\" name=\"_wpcf7_container_post\" value=\"0\" \/><input type=\"hidden\" name=\"_wpcf7_posted_data_hash\" value=\"\" \/><input type=\"hidden\" name=\"_uacf7_hidden_conditional_fields\" value=\"\" \/><input type=\"hidden\" name=\"_wpcf7_recaptcha_response\" value=\"\" \/>\n<\/fieldset>\n\t\t\t\t<style>\n\t\t\t\t\t.uacf7-uacf7style-2494 label {\n\t\t\t\t\t\tfont-style: normal;font-weight: normal;\t\t\t\t\t}\n\n\t\t\t\t\t.uacf7-uacf7style-2494 input[type=\"email\"],\n\t\t\t\t\t.uacf7-uacf7style-2494 input[type=\"number\"],\n\t\t\t\t\t.uacf7-uacf7style-2494 input[type=\"password\"],\n\t\t\t\t\t.uacf7-uacf7style-2494 input[type=\"search\"],\n\t\t\t\t\t.uacf7-uacf7style-2494 input[type=\"tel\"],\n\t\t\t\t\t.uacf7-uacf7style-2494 input[type=\"text\"],\n\t\t\t\t\t.uacf7-uacf7style-2494 input[type=\"url\"],\n\t\t\t\t\t.uacf7-uacf7style-2494 input[type=\"date\"],\n\t\t\t\t\t.uacf7-uacf7style-2494 input[type=\"radio\"],\n\t\t\t\t\t.uacf7-uacf7style-2494 input[type=\"checkbox\"],\n\t\t\t\t\t.uacf7-uacf7style-2494 select,\n\t\t\t\t\t.uacf7-uacf7style-2494 textarea {\n\t\t\t\t\t\tfont-style: normal;font-weight: normal;border-style: solid!important;\t\t\t\t\t}\n\n\t\t\t\t\t.uacf7-uacf7style-2494 .wpcf7-radio span,\n\t\t\t\t\t.uacf7-uacf7style-2494 .wpcf7-checkbox span {\n\t\t\t\t\t\tfont-style: normal;font-weight: normal;\t\t\t\t\t}\n\n\t\t\t\t\t.uacf7-uacf7style-2494 textarea {\n\t\t\t\t\t\t\t\t\t\t\t}\n\n\t\t\t\t\t.wpcf7-form-control-wrap select {\n\t\t\t\t\t\twidth: 100%;\n\t\t\t\t\t}\n\n\t\t\t\t\t.uacf7-uacf7style-2494 input[type=\"submit\"] {\n\t\t\t\t\t\tcolor: #ffffff;background-color: #00adee;font-style: normal;font-weight: normal;border-style: none;width: 100%;padding-top: 20px;padding-right: 20px;padding-bottom: 20px;padding-left: 20px;\t\t\t\t\t}\n\n\t\t\t\t\t.uacf7-uacf7style-2494 input[type=\"submit\"]:hover {\n\t\t\t\t\t\tcolor: #ffffff;background-color: #345080;\t\t\t\t\t}\n\n\t\t\t\t\t.formarea{background-color: #F0F0F0; padding: 20px; margin: 20px 0; border-radius: 10px;}\r\nh3{margin: 0 0 10px; color: #345080;}\r\np{letter-spacing: 1.5px;}\r\nhr{background-color: #CCCCCC !important; margin: 20px 0 !important;}\r\n.wpcf7-radio span{text-align: center;}\r\n.star{color: red; font-size: 20px; font-family:\"Montserrat\";}\t\t\t\t<\/style>\n\n\t\t\t\t<div class=\"uacf7-uacf7style uacf7-uacf7style-2494\"><div class=\"uacf7-form-wrapper-container uacf7-form-2494  uacf7-uacf7style uacf7-uacf7style-2494\">\t\t<div class=\"uacf7-step uacf7-step-2494 step-content\"\n\t\t\tnext-btn-text=\"\" prev-btn-text=\"Previous\">\n\t\t\t\n<p>Stimate client, v\u0103 mul\u021bumim pentru interesul acordat companiei Hammer Energy \u0219i pentru solicitarea dumneavoastr\u0103 de ofert\u0103 pentru un <b>sistem fotovoltaic pe un acoperi\u0219 cu tabla cutata.<\/b><\/p>\n<p>Pentru a continua cu oferta, v\u0103 rug\u0103m s\u0103 comunica\u021bi c\u00e2teva informa\u021bii biroului nostru de v\u00e2nz\u0103ri.<\/br>\nV\u0103 rug\u0103m s\u0103 ave\u021bi preg\u0103tite toate informa\u021biile despre structura solicitata.<\/p>\n<p><b>Ap\u0103sa\u021bi butonul \u201eUrm\u0103torul\u201d pentru a continua.<\/b><\/br>\nTimp estimat de finalizare: 5-6 minute.<\/p>\n\t\t\t<p class=\"uacf7-buttons\">\n\t\t\t\t<button class=\"uacf7-prev\"\n\t\t\t\t\tdata-form-id=\"2494\">Previous<\/button>\n\t\t\t\t<button class=\"uacf7-next\"\n\t\t\t\t\tdata-form-id=\"2494\">Next<\/button>\n\t\t\t\t<span class=\"wpcf7-spinner uacf7-ajax-loader\"><\/span>\n\t\t\t<\/p>\n\t\t<\/div>\n\t\t\n\n\n\t\t<div class=\"uacf7-step uacf7-step-2494 step-content\"\n\t\t\tnext-btn-text=\"\" prev-btn-text=\"\">\n\t\t\t\n<div class=\"formarea\">\n<h3><b>Descrierea structurii<\/b><\/h3>\n<p>\u00cenc\u0103rca\u021bi aici fi\u0219ierul care con\u021bine <b>planul acoperi\u0219ului<\/b> \u0219i <b>pozi\u021bionarea panourilor<\/b> pe structur\u0103.<\/br>\n(\u00een formate .dwg, .pdf., .jpg sau altele).<\/p>\n<span class=\"wpcf7-form-control-wrap\" data-name=\"Descrizione-facciata\"><input size=\"40\" class=\"wpcf7-form-control wpcf7-file\" accept=\".dwg,.pdf,.jpg\" aria-invalid=\"false\" type=\"file\" name=\"Descrizione-facciata\" \/><\/span>\n<\/div>\n\t\t\t<p class=\"uacf7-buttons\">\n\t\t\t\t<button class=\"uacf7-prev\"\n\t\t\t\t\tdata-form-id=\"2494\">Previous<\/button>\n\t\t\t\t<button class=\"uacf7-next\"\n\t\t\t\t\tdata-form-id=\"2494\">Next<\/button>\n\t\t\t\t<span class=\"wpcf7-spinner uacf7-ajax-loader\"><\/span>\n\t\t\t<\/p>\n\t\t<\/div>\n\t\t\n\n\t\t<div class=\"uacf7-step uacf7-step-2494 step-content\"\n\t\t\tnext-btn-text=\"\" prev-btn-text=\"\">\n\t\t\t\n<div class=\"formarea\">\n<h3><b>Informatii despre panouri<\/b><\/h3>\n<p>Introduceti numarul total de panouri din structura<span class=\"star\">*<\/span><\/p>\n<span class=\"wpcf7-form-control-wrap\" data-name=\"Numero-pannelli\"><input class=\"wpcf7-form-control wpcf7-number wpcf7-validates-as-required wpcf7-validates-as-number\" aria-required=\"true\" aria-invalid=\"false\" value=\"\" type=\"number\" name=\"Numero-pannelli\" \/><\/span>\n<hr>\n<p>Introduceti dimensiunile panourilor (H x L x l, in mm)<span class=\"star\">*<\/span><\/p>\n<span class=\"wpcf7-form-control-wrap\" data-name=\"Misure_Pannelli\"><input size=\"40\" maxlength=\"400\" class=\"wpcf7-form-control wpcf7-text wpcf7-validates-as-required\" aria-required=\"true\" aria-invalid=\"false\" placeholder=\"H x L x l\" value=\"\" type=\"text\" name=\"Misure_Pannelli\" \/><\/span>\n<hr>\n<p>Incarca aici fisa tehnica a panourilor alese<\/p>\n<span class=\"wpcf7-form-control-wrap\" data-name=\"Scheda-tecnica-pannelli\"><input size=\"40\" class=\"wpcf7-form-control wpcf7-file\" accept=\".dwg,.pdf,.jpg\" aria-invalid=\"false\" type=\"file\" name=\"Scheda-tecnica-pannelli\" \/><\/span>\n<\/div>\n\t\t\t<p class=\"uacf7-buttons\">\n\t\t\t\t<button class=\"uacf7-prev\"\n\t\t\t\t\tdata-form-id=\"2494\">Previous<\/button>\n\t\t\t\t<button class=\"uacf7-next\"\n\t\t\t\t\tdata-form-id=\"2494\">Next<\/button>\n\t\t\t\t<span class=\"wpcf7-spinner uacf7-ajax-loader\"><\/span>\n\t\t\t<\/p>\n\t\t<\/div>\n\t\t\n\n\t\t<div class=\"uacf7-step uacf7-step-2494 step-content\"\n\t\t\tnext-btn-text=\"\" prev-btn-text=\"\">\n\t\t\t\n<div class=\"formarea\">\n<h3><b>Informatii geografice &#8211; Locatie instalare si livrare material<\/b><\/h3>\n<hr>\n<b>Loca\u021bia de instalare<span class=\"star\">*<\/span><\/b><\/br>\n<p>Unde va fi amplasat sistemul? Introduce\u021bi aici ora\u0219ul, strada \u0219i codul po\u0219tal.<\/br>\nDac\u0103 este posibil, introduce\u021bi coordonatele delocalizare din Google Earth.<\/p>\n<span class=\"wpcf7-form-control-wrap\" data-name=\"Localita-installazione\"><input size=\"40\" maxlength=\"400\" class=\"wpcf7-form-control wpcf7-text wpcf7-validates-as-required\" aria-required=\"true\" aria-invalid=\"false\" value=\"\" type=\"text\" name=\"Localita-installazione\" \/><\/span>\n<hr>\n<b>Localitate pentru livrarea materialelor<span class=\"star\">*<\/span><\/b><\/br>\n<p>Unde ar trebui livrat materialul?<\/br>\nIntroduce\u021bi aici numele companiei dvs., ora\u0219ul\/localitatea, strada \u0219i codul po\u0219tal.<\/p>\n<span class=\"wpcf7-form-control-wrap\" data-name=\"Localita-consegna\"><input size=\"40\" maxlength=\"400\" class=\"wpcf7-form-control wpcf7-text wpcf7-validates-as-required\" aria-required=\"true\" aria-invalid=\"false\" value=\"\" type=\"text\" name=\"Localita-consegna\" \/><\/span>\n<\/div>\n\t\t\t<p class=\"uacf7-buttons\">\n\t\t\t\t<button class=\"uacf7-prev\"\n\t\t\t\t\tdata-form-id=\"2494\">Previous<\/button>\n\t\t\t\t<button class=\"uacf7-next\"\n\t\t\t\t\tdata-form-id=\"2494\">Next<\/button>\n\t\t\t\t<span class=\"wpcf7-spinner uacf7-ajax-loader\"><\/span>\n\t\t\t<\/p>\n\t\t<\/div>\n\t\t\n\n\t\t<div class=\"uacf7-step uacf7-step-2494 step-content\"\n\t\t\tnext-btn-text=\"\" prev-btn-text=\"\">\n\t\t\t\n<div class=\"formarea\">\n<h3><b>Cateva informatii despre tine<\/b><\/h3>\n<p>Nume si prenume<span class=\"star\">*<\/span><\/p>\n<span class=\"wpcf7-form-control-wrap\" data-name=\"Nome-cognome\"><input size=\"40\" maxlength=\"400\" class=\"wpcf7-form-control wpcf7-text wpcf7-validates-as-required\" aria-required=\"true\" aria-invalid=\"false\" value=\"\" type=\"text\" name=\"Nome-cognome\" \/><\/span>\n<hr>\n<p>Numele companiei dvs.<span class=\"star\">*<\/span><\/p>\n<span class=\"wpcf7-form-control-wrap\" data-name=\"Ragione-sociale\"><input size=\"40\" maxlength=\"400\" class=\"wpcf7-form-control wpcf7-text wpcf7-validates-as-required\" aria-required=\"true\" aria-invalid=\"false\" value=\"\" type=\"text\" name=\"Ragione-sociale\" \/><\/span>\n<hr>\n<p>Localitatea<span class=\"star\">*<\/span><\/p>\n<span class=\"wpcf7-form-control-wrap\" data-name=\"Provincia\"><input size=\"40\" maxlength=\"400\" class=\"wpcf7-form-control wpcf7-text wpcf7-validates-as-required\" aria-required=\"true\" aria-invalid=\"false\" value=\"\" type=\"text\" name=\"Provincia\" \/><\/span>\n<hr>\n<p>E-mail<span class=\"star\">*<\/span><\/p>\n<span class=\"wpcf7-form-control-wrap\" data-name=\"E-mail\"><input size=\"40\" maxlength=\"400\" class=\"wpcf7-form-control wpcf7-email wpcf7-validates-as-required wpcf7-text wpcf7-validates-as-email\" aria-required=\"true\" aria-invalid=\"false\" value=\"\" type=\"email\" name=\"E-mail\" \/><\/span>\n<hr>\n<p>Numarul de telefon<span class=\"star\">*<\/span><\/p>\n<span class=\"wpcf7-form-control-wrap\" data-name=\"Numero-di-telefono\"><input size=\"40\" maxlength=\"400\" class=\"wpcf7-form-control wpcf7-text wpcf7-validates-as-required\" aria-required=\"true\" aria-invalid=\"false\" value=\"\" type=\"text\" name=\"Numero-di-telefono\" \/><\/span>\n<\/div>\n\t\t\t<p class=\"uacf7-buttons\">\n\t\t\t\t<button class=\"uacf7-prev\"\n\t\t\t\t\tdata-form-id=\"2494\">Previous<\/button>\n\t\t\t\t<button class=\"uacf7-next\"\n\t\t\t\t\tdata-form-id=\"2494\">Next<\/button>\n\t\t\t\t<span class=\"wpcf7-spinner uacf7-ajax-loader\"><\/span>\n\t\t\t<\/p>\n\t\t<\/div>\n\t\t\n\n\t\t<div class=\"uacf7-step uacf7-step-2494 step-content\"\n\t\t\tnext-btn-text=\"Next\" prev-btn-text=\"\">\n\t\t\t\n<div class=\"formarea\">\n<h3><b>Am terminat!<\/b><\/h3>\n<p>V\u0103 mul\u021bumim pentru interes. Ve\u021bi primi oferta noastr\u0103 \u00een termen de 7 zile lucr\u0103toare.<\/p> \n<p>Biroul de v\u00e2nz\u0103ri <b>Hammer Energy v\u0103 st\u0103 la dispozi\u021bie<\/b> la num\u0103rul de telefon 0141-951479.<\/p>\n<\/div>\n<input class=\"wpcf7-form-control wpcf7-submit has-spinner\" type=\"submit\" value=\"Trimite cererea\" \/>\n\t\t\t<p class=\"uacf7-buttons\">\n\t\t\t\t<button class=\"uacf7-prev\"\n\t\t\t\t\tdata-form-id=\"2494\">Previous<\/button>\n\t\t\t\t<button class=\"uacf7-next\"\n\t\t\t\t\tdata-form-id=\"2494\">Next<\/button>\n\t\t\t\t<span class=\"wpcf7-spinner uacf7-ajax-loader\"><\/span>\n\t\t\t<\/p>\n\t\t<\/div>\n\t\t<\/div><\/div><div class=\"wpcf7-response-output\" aria-hidden=\"true\"><\/div>\n<\/form>\n<\/div>\n<\/p>\t\t\t\t\t\t\t\t<\/div>\n\t\t\t\t<\/div>\n\t\t\t\t<div class=\"elementor-element elementor-element-10fc34e elementor-widget elementor-widget-spacer\" data-id=\"10fc34e\" data-element_type=\"widget\" data-e-type=\"widget\" data-widget_type=\"spacer.default\">\n\t\t\t\t<div class=\"elementor-widget-container\">\n\t\t\t\t\t\t\t<div class=\"elementor-spacer\">\n\t\t\t<div class=\"elementor-spacer-inner\"><\/div>\n\t\t<\/div>\n\t\t\t\t\t\t<\/div>\n\t\t\t\t<\/div>\n\t\t\t\t<\/div>\n\t\t<div class=\"elementor-element elementor-element-398b02e e-flex e-con-boxed e-con e-parent\" data-id=\"398b02e\" data-element_type=\"container\" data-e-type=\"container\">\n\t\t\t\t\t<div class=\"e-con-inner\">\n\t\t\t\t<div class=\"elementor-element elementor-element-02971b1 elementor-widget elementor-widget-spacer\" data-id=\"02971b1\" data-element_type=\"widget\" data-e-type=\"widget\" data-widget_type=\"spacer.default\">\n\t\t\t\t<div class=\"elementor-widget-container\">\n\t\t\t\t\t\t\t<div class=\"elementor-spacer\">\n\t\t\t<div class=\"elementor-spacer-inner\"><\/div>\n\t\t<\/div>\n\t\t\t\t\t\t<\/div>\n\t\t\t\t<\/div>\n\t\t\t\t\t<\/div>\n\t\t\t\t<\/div>\n\t\t\t\t<\/div>\n\t\t","protected":false},"excerpt":{"rendered":"<p>richiedi un preventivo HammerEnergy_IconeSito Struttura per impianto fotovoltaico su tetto in lamiera grecata<\/p>\n","protected":false},"author":1,"featured_media":0,"parent":0,"menu_order":0,"comment_status":"closed","ping_status":"closed","template":"","meta":{"inspiro_hide_title":false,"footnotes":""},"class_list":["post-2079","page","type-page","status-publish","hentry"],"_links":{"self":[{"href":"https:\/\/hammerenergy.solar\/ro\/wp-json\/wp\/v2\/pages\/2079","targetHints":{"allow":["GET"]}}],"collection":[{"href":"https:\/\/hammerenergy.solar\/ro\/wp-json\/wp\/v2\/pages"}],"about":[{"href":"https:\/\/hammerenergy.solar\/ro\/wp-json\/wp\/v2\/types\/page"}],"author":[{"embeddable":true,"href":"https:\/\/hammerenergy.solar\/ro\/wp-json\/wp\/v2\/users\/1"}],"replies":[{"embeddable":true,"href":"https:\/\/hammerenergy.solar\/ro\/wp-json\/wp\/v2\/comments?post=2079"}],"version-history":[{"count":13,"href":"https:\/\/hammerenergy.solar\/ro\/wp-json\/wp\/v2\/pages\/2079\/revisions"}],"predecessor-version":[{"id":2684,"href":"https:\/\/hammerenergy.solar\/ro\/wp-json\/wp\/v2\/pages\/2079\/revisions\/2684"}],"wp:attachment":[{"href":"https:\/\/hammerenergy.solar\/ro\/wp-json\/wp\/v2\/media?parent=2079"}],"curies":[{"name":"wp","href":"https:\/\/api.w.org\/{rel}","templated":true}]}}