{"id":896,"date":"2023-09-20T11:09:03","date_gmt":"2023-09-20T09:09:03","guid":{"rendered":"https:\/\/hammerenergy.solar\/?page_id=896"},"modified":"2025-09-22T17:08:47","modified_gmt":"2025-09-22T15:08:47","slug":"sostenibilita","status":"publish","type":"page","link":"https:\/\/hammerenergy.solar\/ro\/sustenabilitate\/","title":{"rendered":"Sustenabilitate"},"content":{"rendered":"\t\t<div data-elementor-type=\"wp-page\" data-elementor-id=\"896\" class=\"elementor elementor-896\">\n\t\t\t\t<div class=\"elementor-element elementor-element-cca0e04 e-flex e-con-boxed e-con e-parent\" data-id=\"cca0e04\" data-element_type=\"container\" data-e-type=\"container\" data-settings=\"{&quot;background_background&quot;:&quot;classic&quot;}\">\n\t\t\t\t\t<div class=\"e-con-inner\">\n\t\t\t\t<div class=\"elementor-element elementor-element-70dc62e elementor-widget elementor-widget-heading\" data-id=\"70dc62e\" data-element_type=\"widget\" data-e-type=\"widget\" data-widget_type=\"heading.default\">\n\t\t\t\t<div class=\"elementor-widget-container\">\n\t\t\t\t\t<h2 class=\"elementor-heading-title elementor-size-default\">Sustenabilitate<\/h2>\t\t\t\t<\/div>\n\t\t\t\t<\/div>\n\t\t\t\t\t<\/div>\n\t\t\t\t<\/div>\n\t\t<div class=\"elementor-element elementor-element-e7a3f11 e-flex e-con-boxed e-con e-parent\" data-id=\"e7a3f11\" data-element_type=\"container\" data-e-type=\"container\">\n\t\t\t\t\t<div class=\"e-con-inner\">\n\t\t\t\t<div class=\"elementor-element elementor-element-8b0282a elementor-widget elementor-widget-spacer\" data-id=\"8b0282a\" data-element_type=\"widget\" data-e-type=\"widget\" data-widget_type=\"spacer.default\">\n\t\t\t\t<div class=\"elementor-widget-container\">\n\t\t\t\t\t\t\t<div class=\"elementor-spacer\">\n\t\t\t<div class=\"elementor-spacer-inner\"><\/div>\n\t\t<\/div>\n\t\t\t\t\t\t<\/div>\n\t\t\t\t<\/div>\n\t\t\t\t<div class=\"elementor-element elementor-element-bc0111e elementor-widget elementor-widget-text-editor\" data-id=\"bc0111e\" data-element_type=\"widget\" data-e-type=\"widget\" data-widget_type=\"text-editor.default\">\n\t\t\t\t<div class=\"elementor-widget-container\">\n\t\t\t\t\t\t\t\t\t<p>Hammer activeaz\u0103 \u00een sectorul construc\u021biilor sustenabile de peste 50 de ani: proiect\u0103m \u0219i fabric\u0103m componente utilizate pentru <strong>asamblarea ferestrelor \u0219i u\u0219ilor din aluminiu de \u00eenalt\u0103 eficien\u021b\u0103 energetic\u0103<\/strong> \u0219i pentru construc\u021bia de <strong>sisteme fotovoltaice.<\/strong><\/p>\t\t\t\t\t\t\t\t<\/div>\n\t\t\t\t<\/div>\n\t\t\t\t<div class=\"elementor-element elementor-element-61e7d80 elementor-widget elementor-widget-image\" data-id=\"61e7d80\" data-element_type=\"widget\" data-e-type=\"widget\" data-widget_type=\"image.default\">\n\t\t\t\t<div class=\"elementor-widget-container\">\n\t\t\t\t\t\t\t\t\t\t\t\t\t\t\t<img fetchpriority=\"high\" decoding=\"async\" width=\"626\" height=\"147\" src=\"https:\/\/hammerenergy.solar\/wp-content\/uploads\/Hammer_Ecolution_2025.png\" class=\"attachment-large size-large wp-image-2189\" alt=\"\" srcset=\"https:\/\/hammerenergy.solar\/wp-content\/uploads\/Hammer_Ecolution_2025.png 626w, https:\/\/hammerenergy.solar\/wp-content\/uploads\/Hammer_Ecolution_2025-300x70.png 300w\" sizes=\"100vw\" \/>\t\t\t\t\t\t\t\t\t\t\t\t\t\t\t<\/div>\n\t\t\t\t<\/div>\n\t\t\t\t<div class=\"elementor-element elementor-element-ff045fe elementor-widget elementor-widget-text-editor\" data-id=\"ff045fe\" data-element_type=\"widget\" data-e-type=\"widget\" data-widget_type=\"text-editor.default\">\n\t\t\t\t<div class=\"elementor-widget-container\">\n\t\t\t\t\t\t\t\t\t<h2>NE ANGAJAM IN FIECARE ZI IN FABRICILE NOASTRESA IMPLEMANTAMCELE 10 PUNCTE ALE PROGRAMULUI DE SUSTENABILITATECORPORATIVA ECOLUTION by HAMMER:<\/h2><ul><li><strong>Recicl\u0103m toate de\u0219eurile din procesele noastre de produc\u021bie:<\/strong> aluminiu, o\u021bel, h\u00e2rtie \u0219i lemn.<\/li><li><strong>Purific\u0103m apa<\/strong> din instala\u021bia noastr\u0103 de vibrare, reutiliz\u00e2nd 90% din aceasta \u00eentr-un circuit \u00eenchis.<\/li><li><strong>Producem energie curat\u0103<\/strong> prin sisteme fotovoltaice instalate pe acoperi\u0219urile depozitelor companiei noastre (\u00een 2024, <strong>42% din energia electric\u0103<\/strong> consumat\u0103 <strong>a fost autogenerat\u0103).<\/strong><\/li><li><strong>Limit\u0103m utilizarea uleiului,<\/strong> gr\u0103similor \u0219i solven\u021bilor \u00een liniile noastre de produc\u021bie.<\/li><li>Folosim lavete tehnice reutilizabile (\u021bes\u0103turi absorbante conforme cu DIN 61651) <strong>pentru cur\u0103\u021barea utilajelor<\/strong> \u00een loc de h\u00e2rtie.<\/li><li><strong>Alegem parteneri califica\u021bi<\/strong> care opereaz\u0103 conform acelora\u0219i principii ca ale noastre.<\/li><li><strong>Separ\u0103m de\u0219eurile zilnic,<\/strong> at\u00e2t la locul de munc\u0103, c\u00e2t \u0219i acas\u0103.<\/li><li>\u00cencuraj\u0103m utilizarea instrumentelor de <strong>comunicare la distan\u021b\u0103 pentru a reduce deplas\u0103rile<\/strong> reprezentan\u021bilor no\u0219tri de v\u00e2nz\u0103ri (apeluri video, cataloage digitale, asisten\u021b\u0103 la distan\u021b\u0103 etc.).<\/li><li>Folosim doar <strong>stivuitoare electrice.<\/strong><\/li><li>Ne extindem flota companiei cu <strong>autovehicule electrice.<\/strong><\/li><\/ul>\t\t\t\t\t\t\t\t<\/div>\n\t\t\t\t<\/div>\n\t\t<div class=\"elementor-element elementor-element-f70cdd9 e-con-full e-flex e-con e-child\" data-id=\"f70cdd9\" data-element_type=\"container\" data-e-type=\"container\">\n\t\t<div class=\"elementor-element elementor-element-35bef2d e-con-full e-flex e-con e-child\" data-id=\"35bef2d\" data-element_type=\"container\" data-e-type=\"container\">\n\t\t\t\t<div class=\"elementor-element elementor-element-7179802 elementor-widget elementor-widget-image\" data-id=\"7179802\" data-element_type=\"widget\" data-e-type=\"widget\" data-widget_type=\"image.default\">\n\t\t\t\t<div class=\"elementor-widget-container\">\n\t\t\t\t\t\t\t\t\t\t\t\t\t\t\t<img decoding=\"async\" width=\"800\" height=\"800\" src=\"https:\/\/hammerenergy.solar\/wp-content\/uploads\/Sostenibilita_01.jpg\" class=\"attachment-large size-large wp-image-2190\" alt=\"\" srcset=\"https:\/\/hammerenergy.solar\/wp-content\/uploads\/Sostenibilita_01.jpg 800w, https:\/\/hammerenergy.solar\/wp-content\/uploads\/Sostenibilita_01-300x300.jpg 300w, https:\/\/hammerenergy.solar\/wp-content\/uploads\/Sostenibilita_01-150x150.jpg 150w\" sizes=\"100vw\" \/>\t\t\t\t\t\t\t\t\t\t\t\t\t\t\t<\/div>\n\t\t\t\t<\/div>\n\t\t\t\t<\/div>\n\t\t<div class=\"elementor-element elementor-element-78a5b17 e-con-full e-flex e-con e-child\" data-id=\"78a5b17\" data-element_type=\"container\" data-e-type=\"container\">\n\t\t\t\t<div class=\"elementor-element elementor-element-7d3b1d7 elementor-widget elementor-widget-image\" data-id=\"7d3b1d7\" data-element_type=\"widget\" data-e-type=\"widget\" data-widget_type=\"image.default\">\n\t\t\t\t<div class=\"elementor-widget-container\">\n\t\t\t\t\t\t\t\t\t\t\t\t\t\t\t<img decoding=\"async\" width=\"800\" height=\"800\" src=\"https:\/\/hammerenergy.solar\/wp-content\/uploads\/Sostenibilita_03.jpg\" class=\"attachment-large size-large wp-image-2192\" alt=\"\" srcset=\"https:\/\/hammerenergy.solar\/wp-content\/uploads\/Sostenibilita_03.jpg 800w, https:\/\/hammerenergy.solar\/wp-content\/uploads\/Sostenibilita_03-300x300.jpg 300w, https:\/\/hammerenergy.solar\/wp-content\/uploads\/Sostenibilita_03-150x150.jpg 150w\" sizes=\"100vw\" \/>\t\t\t\t\t\t\t\t\t\t\t\t\t\t\t<\/div>\n\t\t\t\t<\/div>\n\t\t\t\t<\/div>\n\t\t<div class=\"elementor-element elementor-element-5e933c2 e-con-full e-flex e-con e-child\" data-id=\"5e933c2\" data-element_type=\"container\" data-e-type=\"container\">\n\t\t\t\t<div class=\"elementor-element elementor-element-6dd8029 elementor-widget elementor-widget-image\" data-id=\"6dd8029\" data-element_type=\"widget\" data-e-type=\"widget\" data-widget_type=\"image.default\">\n\t\t\t\t<div class=\"elementor-widget-container\">\n\t\t\t\t\t\t\t\t\t\t\t\t\t\t\t<img loading=\"lazy\" decoding=\"async\" width=\"800\" height=\"800\" src=\"https:\/\/hammerenergy.solar\/wp-content\/uploads\/Sostenibilita_02.jpg\" class=\"attachment-large size-large wp-image-2191\" alt=\"\" srcset=\"https:\/\/hammerenergy.solar\/wp-content\/uploads\/Sostenibilita_02.jpg 800w, https:\/\/hammerenergy.solar\/wp-content\/uploads\/Sostenibilita_02-300x300.jpg 300w, https:\/\/hammerenergy.solar\/wp-content\/uploads\/Sostenibilita_02-150x150.jpg 150w\" sizes=\"100vw\" \/>\t\t\t\t\t\t\t\t\t\t\t\t\t\t\t<\/div>\n\t\t\t\t<\/div>\n\t\t\t\t<\/div>\n\t\t\t\t<\/div>\n\t\t\t\t<div class=\"elementor-element elementor-element-faef3eb elementor-widget elementor-widget-spacer\" data-id=\"faef3eb\" data-element_type=\"widget\" data-e-type=\"widget\" data-widget_type=\"spacer.default\">\n\t\t\t\t<div class=\"elementor-widget-container\">\n\t\t\t\t\t\t\t<div class=\"elementor-spacer\">\n\t\t\t<div class=\"elementor-spacer-inner\"><\/div>\n\t\t<\/div>\n\t\t\t\t\t\t<\/div>\n\t\t\t\t<\/div>\n\t\t\t\t\t<\/div>\n\t\t\t\t<\/div>\n\t\t\t\t<\/div>\n\t\t","protected":false},"excerpt":{"rendered":"<p>Sostenibilit\u00e0 Hammer opera da oltre 50 anni nel settore dell\u2019edilizia sostenibile: progettiamo e produciamo componenti impiegati per l\u2019assemblaggio di serramenti in allumino ad alta efficienza energetica e per la realizzazione di impianti per energia fotovoltaica. Ci impegniamo tutti i giorni nei nostri stabilimenti attuando i 10 punti del Programma di sostenibilit\u00e0 aziendale ECOLUTION by HAMMER: &hellip; <\/p>\n<p class=\"link-more\"><a href=\"https:\/\/hammerenergy.solar\/ro\/sustenabilitate\/\" class=\"more-link\">Cite\u0219te mai multe<span class=\"screen-reader-text\">\u201eSustenabilitate\u201d<\/span><\/a><\/p>\n","protected":false},"author":1,"featured_media":0,"parent":0,"menu_order":0,"comment_status":"closed","ping_status":"closed","template":"","meta":{"inspiro_hide_title":false,"footnotes":""},"class_list":["post-896","page","type-page","status-publish","hentry"],"_links":{"self":[{"href":"https:\/\/hammerenergy.solar\/ro\/wp-json\/wp\/v2\/pages\/896","targetHints":{"allow":["GET"]}}],"collection":[{"href":"https:\/\/hammerenergy.solar\/ro\/wp-json\/wp\/v2\/pages"}],"about":[{"href":"https:\/\/hammerenergy.solar\/ro\/wp-json\/wp\/v2\/types\/page"}],"author":[{"embeddable":true,"href":"https:\/\/hammerenergy.solar\/ro\/wp-json\/wp\/v2\/users\/1"}],"replies":[{"embeddable":true,"href":"https:\/\/hammerenergy.solar\/ro\/wp-json\/wp\/v2\/comments?post=896"}],"version-history":[{"count":40,"href":"https:\/\/hammerenergy.solar\/ro\/wp-json\/wp\/v2\/pages\/896\/revisions"}],"predecessor-version":[{"id":2509,"href":"https:\/\/hammerenergy.solar\/ro\/wp-json\/wp\/v2\/pages\/896\/revisions\/2509"}],"wp:attachment":[{"href":"https:\/\/hammerenergy.solar\/ro\/wp-json\/wp\/v2\/media?parent=896"}],"curies":[{"name":"wp","href":"https:\/\/api.w.org\/{rel}","templated":true}]}}